{"id":131433,"date":"2025-11-14T00:00:00","date_gmt":"2025-11-14T05:00:00","guid":{"rendered":"https:\/\/gpl-love.com\/es\/producto\/wpforms-save-y-resume\/"},"modified":"2026-03-09T08:31:18","modified_gmt":"2026-03-09T13:31:18","slug":"wpforms-save-y-resume","status":"publish","type":"product","link":"https:\/\/gpl-love.com\/es\/producto\/wpforms-save-y-resume\/","title":{"rendered":"WPForms Save y Resume 1.13.0"},"content":{"rendered":"<h3>WPForms Save y Resume Caracteristicas<\/h3>\n<p>WPForms Save and Reano es un complemento incre\u00edblemente innovador e ingenioso dise\u00f1ado espec\u00edficamente para WordPress, con el prop\u00f3sito principal de permitir a los usuarios guardarlos sin esfuerzo y reanudarlos en un momento posterior. Al incorporar este complemento en su sitio web, a los usuarios se les otorga la notable capacidad de completar formas extensas e intrincadas sin el miedo constante de perder sus valiosos datos. En consecuencia, WPFORMS Save and Reano presenta una experiencia excepcionalmente conveniente y f\u00e1cil de usar, satisfaciendo las necesidades y deseos de los visitantes del sitio y los administradores por igual. En esencia, los visitantes del sitio est\u00e1n facultados para ahorrar su progreso y, posteriormente, regresar a \u00e9l en su propia conveniencia, mientras que los administradores tienen acceso sin esfuerzo para ver y administrar las formas guardadas. Como tal, este complemento notable es perfectamente adecuado para empresas y organizaciones que requieren la utilizaci\u00f3n de formas detalladas y extensas, ofreciendo una mejora incomparable a la experiencia general del usuario. WPFORMS no solo ahorra y reanuda eleva las tasas de finalizaci\u00f3n de formularios a alturas sin precedentes, sino que tambi\u00e9n disminuye efectivamente la frustraci\u00f3n del usuario, culminando en una mejora sustancial en las conversiones en l\u00ednea.<\/p>\n<ul>\n<li>Permite a los usuarios guardar el progreso de la forma y reanudar m\u00e1s tarde<\/li>\n<li>Ayuda a prevenir la p\u00e9rdida de datos debido a interrupciones o limitaciones<\/li>\n<li>Aumenta la flexibilidad y la conveniencia del usuario<\/li>\n<li>F\u00e1cil y sin esfuerzo para integrarse en las formas existentes<\/li>\n<li>Mejora la experiencia y la satisfacci\u00f3n del usuario<\/li>\n<li>Se puede personalizar para que coincida con el estilo y la marca de su sitio web<\/li>\n<li>Proporciona un seguimiento y an\u00e1lisis mejorados para env\u00edos guardados y reanudados<\/li>\n<li>Reduce la frustraci\u00f3n del usuario y el abandono de formularios incompletos<\/li>\n<li>Excelente caracter\u00edstica para formas o formas m\u00e1s largas y complejas que requieren informaci\u00f3n confidencial.<\/li>\n<li>Se puede utilizar para una amplia gama de industrias y prop\u00f3sitos, incluidas encuestas, registros, aplicaciones y m\u00e1s.<\/li>\n<\/ul>\n","protected":false},"excerpt":{"rendered":"<p>WPForms Save and Reano es un complemento altamente completo y multifac\u00e9tico que ofrece a sus estimados visitantes del sitio web la notable capacidad de almacenar sin esfuerzo sus valiosos datos ingresados \u200b\u200ba medida que completan progresivamente sus formularios meticulosamente elaborados, lo que posteriormente les permite reanudar su viaje de desplazamiento desde donde se despliegan desde donde desde donde se lanzan desde donde se desplazan desde donde se desplazan desde donde se desplazan desde donde se desplazan desde donde se desplazan desde el principio desde donde se lanzan desde donde se lanzan desde donde se desplome de forma, desde donde se convierte en su forma desde donde se despeja de forma, desde donde se desplazan de forma desde donde se lanzan desde donde se lanzan desde donde se lanzan de forma desde donde se lanzan desde donde se lanzan de forma desde donde se lanzan desde donde se lanzan de forma, desde donde se lanzan de forma desde donde se lanzan de forma desde donde se lanzan de forma desde donde se lanzan de forma donde Lo dejaron en un momento posterior. Al aprovechar las capacidades excepcionales de esta ingeniosa herramienta, tiene la notable oportunidad de proporcionar con gracia a sus usuarios atesorados una experiencia extraordinariamente perfecta y extremadamente conveniente, aumentando enormemente la probabilidad de finalizaci\u00f3n de forma y exponencialmente disparando sus tasas de conversi\u00f3n codiciadas. Adem\u00e1s, la gran versatilidad y la adaptabilidad de esta funcionalidad fenomenal le permiten adaptar y personalizar sin esfuerzo cada aspecto minuto de esta notable caracter\u00edstica en estricto de acuerdo con sus requisitos \u00fanicos y espec\u00edficos, incluida la capacidad de configurar mensajes a medida sin esfuerzo, dise\u00f1o de trabajo a medida meticulosamente de dise\u00f1o, y flujos de trabajo a medida y de dise\u00f1o meticulosamente. Incluso imponer limitaciones de tiempo tanto para el proceso de ahorro y reanudaci\u00f3n de los datos de entrada invaluables. Despedirse del temido fen\u00f3meno del abandono de la forma de una vez por todas, gracias a los poderes impresionantes de WPForms Save and Reano.<\/p>\n","protected":false},"featured_media":168511,"comment_status":"open","ping_status":"open","template":"","meta":[],"product_brand":[2628],"product_cat":[1216,1206,1211],"product_tag":[1440],"class_list":{"0":"post-131433","1":"product","2":"type-product","3":"status-publish","4":"has-post-thumbnail","6":"product_brand-wp-forms","7":"product_cat-formas","8":"product_cat-plugins","9":"product_cat-wordpress-plugins","10":"product_tag-wp-forms","11":"member-discount","12":"discount-restricted","14":"first","15":"instock","16":"sale","17":"downloadable","18":"virtual","19":"sold-individually","20":"purchasable","21":"product-type-simple"},"_links":{"self":[{"href":"https:\/\/gpl-love.com\/es\/wp-json\/wp\/v2\/product\/131433","targetHints":{"allow":["GET"]}}],"collection":[{"href":"https:\/\/gpl-love.com\/es\/wp-json\/wp\/v2\/product"}],"about":[{"href":"https:\/\/gpl-love.com\/es\/wp-json\/wp\/v2\/types\/product"}],"replies":[{"embeddable":true,"href":"https:\/\/gpl-love.com\/es\/wp-json\/wp\/v2\/comments?post=131433"}],"wp:featuredmedia":[{"embeddable":true,"href":"https:\/\/gpl-love.com\/es\/wp-json\/wp\/v2\/media\/168511"}],"wp:attachment":[{"href":"https:\/\/gpl-love.com\/es\/wp-json\/wp\/v2\/media?parent=131433"}],"wp:term":[{"taxonomy":"product_brand","embeddable":true,"href":"https:\/\/gpl-love.com\/es\/wp-json\/wp\/v2\/product_brand?post=131433"},{"taxonomy":"product_cat","embeddable":true,"href":"https:\/\/gpl-love.com\/es\/wp-json\/wp\/v2\/product_cat?post=131433"},{"taxonomy":"product_tag","embeddable":true,"href":"https:\/\/gpl-love.com\/es\/wp-json\/wp\/v2\/product_tag?post=131433"}],"curies":[{"name":"wp","href":"https:\/\/api.w.org\/{rel}","templated":true}]}}