{"id":131431,"date":"2025-09-16T00:00:00","date_gmt":"2025-09-16T05:00:00","guid":{"rendered":"https:\/\/gpl-love.com\/es\/producto\/wpforms-salesforce\/"},"modified":"2026-03-09T08:31:16","modified_gmt":"2026-03-09T13:31:16","slug":"wpforms-salesforce","status":"publish","type":"product","link":"https:\/\/gpl-love.com\/es\/producto\/wpforms-salesforce\/","title":{"rendered":"WPForms Salesforce 1.4.1"},"content":{"rendered":"<h3>WPForms Salesforce Caracteristicas<\/h3>\n<p>WPFORMS Salesforce ofrece una soluci\u00f3n robusta y f\u00e1cil de usar para integrar a la perfecci\u00f3n los datos de WPFORMS en Salesforce, lo que permite la amalgamaci\u00f3n sin esfuerzo de informaci\u00f3n crucial. El software permite a los usuarios dise\u00f1ar y desarrollar formas y encuestas personalizadas que capturen efectivamente detalles esenciales de clientes y prospectos. Al sincronizar los datos recopilados con Salesforce, el sistema facilita la optimizaci\u00f3n de los procesos de ventas y marketing, as\u00ed como la adquisici\u00f3n de ideas invaluables sobre las preferencias y necesidades \u00fanicas de los clientes. Aprovechando los campos de formularios inteligentes y la l\u00f3gica condicional, WPFORMS Salesforce garantiza la recopilaci\u00f3n de solo la informaci\u00f3n m\u00e1s relevante, mientras que sus herramientas de informes avanzadas otorgan a los usuarios la capacidad de rastrear meticulosamente su progreso y tomar decisiones bien informadas y basadas en datos para facilitar el crecimiento del negocio. Al utilizar WPForms Salesforce, las empresas pueden elevar sus esfuerzos de generaci\u00f3n de leads y mejorar la participaci\u00f3n del cliente en alturas sin precedentes.<\/p>\n<ul>\n<li>Permite una integraci\u00f3n perfecta entre WPForms y Salesforce<\/li>\n<li>Automatizar la recolecci\u00f3n y gesti\u00f3n de clientes potenciales<\/li>\n<li>Syncs nuevas presentaciones con registros de contacto de Salesforce<\/li>\n<li>Reduce la entrada de datos manuales y mejora la precisi\u00f3n<\/li>\n<li>Proporciona actualizaciones en tiempo real para equipos de ventas<\/li>\n<li>Mapeo personalizable para campos y tipos de datos<\/li>\n<li>Aumenta la eficiencia y la productividad para los procesos de ventas<\/li>\n<li>Compatible con varias ediciones de Salesforce, incluidas<\/li>\n<li>F\u00e1cil de instalar y configurar, con documentaci\u00f3n y soporte \u00fatiles disponibles<\/li>\n<li>Ayuda a las empresas a mejorar la gesti\u00f3n de las relaciones con los clientes y las estrategias de ventas.<\/li>\n<\/ul>\n","protected":false},"excerpt":{"rendered":"<p>WPFORMS Salesforce es una integraci\u00f3n incre\u00edblemente potente que impecablemente facilita y garantiza una comunicaci\u00f3n perfecta y eficiente entre sus formas de WordPress meticulosamente dise\u00f1adas y cuidadosamente dise\u00f1adas y la plataforma Salesforce inmensamente popular y ampliamente aclamada. Esta herramienta altamente sofisticada e de dise\u00f1o inteligente despacha y transmite y transmite todos los datos valiosos y pertinentes que se someten diligentemente y diligentemente a trav\u00e9s de WPFORMS a Salesforce, preservando y conservando de manera juzgada de manera ascuenta y juiciosa su tiempo invaluable y precioso al tiempo que cruza de manera concurrente y sincronizada, y optimizando y optimizando y optimizando y optimizando y optimizando y optimizando y optimizando y optimizando y optimizando y optimizando y optimizando y optimizando y optimizando y optimizando y optimizando y optimizando y optimizando y optimizando y optimizando y optimizando y optimizando y optimizando y optimizando y optimizando y optimizando y sincronamente y sincronamente Tus m\u00faltiples y diversos flujos de trabajo. Con las capacidades y funcionalidades notables y extraordinarias de WPFORMS Salesforce, puede analizar, examinar y evaluar de manera exhaustiva y exhaustiva el comportamiento del cliente, automatamente y h\u00e1bilmente automatizar y mecanizar la gesti\u00f3n de plomo, y monitorear y supervisar y supervisar meticulosamente y asiduamente el progreso de las ventas, todos los cuales son notablemente. f\u00e1cil y sin esfuerzo para ejecutar y lograr. Por lo tanto, presente adi\u00f3s a la ardua y tediosa tarea de la entrada de datos manuales y agradezca del coraz\u00f3n el advenimiento e inicio de esta integraci\u00f3n de Salesforce de Salesforce perfecta e impecable que trasciende y supera todas las expectativas.<\/p>\n","protected":false},"featured_media":168510,"comment_status":"open","ping_status":"open","template":"","meta":[],"product_brand":[2628],"product_cat":[1232,1206,1211],"product_tag":[1440],"class_list":{"0":"post-131431","1":"product","2":"type-product","3":"status-publish","4":"has-post-thumbnail","6":"product_brand-wp-forms","7":"product_cat-marketing-wordpress-plugins","8":"product_cat-plugins","9":"product_cat-wordpress-plugins","10":"product_tag-wp-forms","11":"member-discount","12":"discount-restricted","14":"first","15":"instock","16":"sale","17":"downloadable","18":"virtual","19":"sold-individually","20":"purchasable","21":"product-type-simple"},"_links":{"self":[{"href":"https:\/\/gpl-love.com\/es\/wp-json\/wp\/v2\/product\/131431","targetHints":{"allow":["GET"]}}],"collection":[{"href":"https:\/\/gpl-love.com\/es\/wp-json\/wp\/v2\/product"}],"about":[{"href":"https:\/\/gpl-love.com\/es\/wp-json\/wp\/v2\/types\/product"}],"replies":[{"embeddable":true,"href":"https:\/\/gpl-love.com\/es\/wp-json\/wp\/v2\/comments?post=131431"}],"wp:featuredmedia":[{"embeddable":true,"href":"https:\/\/gpl-love.com\/es\/wp-json\/wp\/v2\/media\/168510"}],"wp:attachment":[{"href":"https:\/\/gpl-love.com\/es\/wp-json\/wp\/v2\/media?parent=131431"}],"wp:term":[{"taxonomy":"product_brand","embeddable":true,"href":"https:\/\/gpl-love.com\/es\/wp-json\/wp\/v2\/product_brand?post=131431"},{"taxonomy":"product_cat","embeddable":true,"href":"https:\/\/gpl-love.com\/es\/wp-json\/wp\/v2\/product_cat?post=131431"},{"taxonomy":"product_tag","embeddable":true,"href":"https:\/\/gpl-love.com\/es\/wp-json\/wp\/v2\/product_tag?post=131431"}],"curies":[{"name":"wp","href":"https:\/\/api.w.org\/{rel}","templated":true}]}}