{"id":131429,"date":"2025-03-27T00:00:00","date_gmt":"2025-03-27T05:00:00","guid":{"rendered":"https:\/\/gpl-love.com\/es\/producto\/wpforms-paypal-commerce\/"},"modified":"2026-03-09T08:31:11","modified_gmt":"2026-03-09T13:31:11","slug":"wpforms-paypal-commerce","status":"publish","type":"product","link":"https:\/\/gpl-love.com\/es\/producto\/wpforms-paypal-commerce\/","title":{"rendered":"WPForms PayPal Commerce 1.13.0"},"content":{"rendered":"<h3>WPForms PayPal Commerce Caracteristicas<\/h3>\n<p>WPForms PayPal Commerce es un software de integraci\u00f3n de pagos incre\u00edblemente robusto que simplifica enormemente el procedimiento de procesamiento de pagos para las empresas, independientemente de su tama\u00f1o. Este notable software proporciona una integraci\u00f3n perfecta e perfecta con PayPal, lo que permite a las empresas que acepten los pagos sin esfuerzo de clientes ubicados en todo el mundo. Al utilizar WPFORMS PayPal Commerce, las empresas tienen la capacidad de idear sin esfuerzo formularios de pago que permitan a los clientes comprar directamente una amplia gama de productos y servicios desde su propio sitio web. Adem\u00e1s, este extraordinario software tambi\u00e9n cuenta con una impresionante variedad de caracter\u00edsticas avanzadas, que incluyen, entre otros, precios din\u00e1micos, c\u00f3digos de descuento y pagos recurrentes, todos los cuales contribuyen a la optimizaci\u00f3n y la mejora del esfuerzo de procesamiento de pagos, lo que lo hace significativamente m\u00e1s eficiente y eficiente y eficiente eficaz. Adem\u00e1s de estos atributos fenomenales, WPFORMS PayPal Commerce tambi\u00e9n est\u00e1 equipado con una pasarela de pago altamente segura que protege y protege vigorosamente los datos confidenciales del cliente, lo que garantiza que todas las transacciones realizadas a trav\u00e9s de este software no solo sean seguras sino tambi\u00e9n completamente confiables. Conclusivamente, es evidente que WPFORMS PayPal Commerce es una herramienta absolutamente indispensable para las empresas que buscan fervientemente racionalizar su operaci\u00f3n de procesamiento de pagos al tiempo que eleva y aumenta la experiencia de compra general de sus clientes a alturas completamente sin precedentes.<\/p>\n<ul>\n<li>Acepte los pagos directamente en su sitio web utilizando WPFORMS e integraci\u00f3n de comercio de PayPal.<\/li>\n<li>Establezca f\u00e1cilmente formularios de pago y p\u00e1ginas de productos para vender productos f\u00edsicos y digitales.<\/li>\n<li>Procese de forma segura tarjetas de cr\u00e9dito y pagos de PayPal sin ning\u00fan conocimiento de codificaci\u00f3n.<\/li>\n<li>Reciba pagos m\u00e1s r\u00e1pido con pagos instant\u00e1neos y reembolsos autom\u00e1ticos.<\/li>\n<li>Personalice su formulario de pago con su propia marca y dise\u00f1o.<\/li>\n<li>Elija entre una variedad de tipos de pago y establezca diferentes precios para diferentes productos.<\/li>\n<li>Realice sus ventas e ingresos con informes detallados y an\u00e1lisis.<\/li>\n<li>Disfrute de la seguridad de clase mundial con la tecnolog\u00eda avanzada de protecci\u00f3n y cifrado de fraude de PayPal.<\/li>\n<li>Beneficiarse de una integraci\u00f3n perfecta con otras caracter\u00edsticas de WPFORMS, como el marketing por correo electr\u00f3nico y la generaci\u00f3n de leads.<\/li>\n<li>Acceda al soporte y recursos dedicados para ayudarlo a aprovechar al m\u00e1ximo el comercio de PayPal WPAFFORMS.<\/li>\n<\/ul>\n","protected":false},"excerpt":{"rendered":"<p>WPFORMS PayPal Commerce es un complemento de integraci\u00f3n de pagos robusto y altamente efectivo que ofrece la capacidad perfecta para recibir sin esfuerzo pagos y donaciones en su sitio web. Esta notable herramienta le proporciona la capacidad de crear formularios de pago personalizados y adaptar opciones de pago para satisfacer sus necesidades espec\u00edficas. Adem\u00e1s, garantiza el procesamiento seguro de los pagos a trav\u00e9s de la plataforma de confianza de PayPal. Ya sea que opere una tienda de comercio electr\u00f3nico o busque cobrar pagos por sus servicios excepcionales, WPFORMS PayPal Commerce es, sin duda, la soluci\u00f3n definitiva que garantiza su satisfacci\u00f3n. En consecuencia, para las empresas en busca de una resoluci\u00f3n de procesamiento de pagos confiable e impecable en su sitio de WordPress, este complemento excepcional demuestra ser una excelente opci\u00f3n.<\/p>\n","protected":false},"featured_media":168506,"comment_status":"open","ping_status":"open","template":"","meta":[],"product_brand":[2628],"product_cat":[1278,1206,1211],"product_tag":[1440],"class_list":{"0":"post-131429","1":"product","2":"type-product","3":"status-publish","4":"has-post-thumbnail","6":"product_brand-wp-forms","7":"product_cat-pago","8":"product_cat-plugins","9":"product_cat-wordpress-plugins","10":"product_tag-wp-forms","11":"member-discount","12":"discount-restricted","14":"first","15":"instock","16":"sale","17":"downloadable","18":"virtual","19":"sold-individually","20":"purchasable","21":"product-type-simple"},"_links":{"self":[{"href":"https:\/\/gpl-love.com\/es\/wp-json\/wp\/v2\/product\/131429","targetHints":{"allow":["GET"]}}],"collection":[{"href":"https:\/\/gpl-love.com\/es\/wp-json\/wp\/v2\/product"}],"about":[{"href":"https:\/\/gpl-love.com\/es\/wp-json\/wp\/v2\/types\/product"}],"replies":[{"embeddable":true,"href":"https:\/\/gpl-love.com\/es\/wp-json\/wp\/v2\/comments?post=131429"}],"wp:featuredmedia":[{"embeddable":true,"href":"https:\/\/gpl-love.com\/es\/wp-json\/wp\/v2\/media\/168506"}],"wp:attachment":[{"href":"https:\/\/gpl-love.com\/es\/wp-json\/wp\/v2\/media?parent=131429"}],"wp:term":[{"taxonomy":"product_brand","embeddable":true,"href":"https:\/\/gpl-love.com\/es\/wp-json\/wp\/v2\/product_brand?post=131429"},{"taxonomy":"product_cat","embeddable":true,"href":"https:\/\/gpl-love.com\/es\/wp-json\/wp\/v2\/product_cat?post=131429"},{"taxonomy":"product_tag","embeddable":true,"href":"https:\/\/gpl-love.com\/es\/wp-json\/wp\/v2\/product_tag?post=131429"}],"curies":[{"name":"wp","href":"https:\/\/api.w.org\/{rel}","templated":true}]}}