{"id":131427,"date":"2025-09-16T00:00:00","date_gmt":"2025-09-16T05:00:00","guid":{"rendered":"https:\/\/gpl-love.com\/es\/producto\/wpforms-mailerlite\/"},"modified":"2026-03-09T08:31:08","modified_gmt":"2026-03-09T13:31:08","slug":"wpforms-mailerlite","status":"publish","type":"product","link":"https:\/\/gpl-love.com\/es\/producto\/wpforms-mailerlite\/","title":{"rendered":"WPForms MailerLite 1.3.0"},"content":{"rendered":"<h3>WPForms MailerLite Caracteristicas<\/h3>\n<p>WPFORMS Mailerlite es un complemento de formulario incre\u00edblemente robusto que ofrece a las empresas la capacidad perfecta para recopilar y administrar sin esfuerzo los datos de los clientes. Al proporcionar una amplia gama de plantillas diversas para seleccionar, las empresas tienen la oportunidad de elaborar formas y encuestas personalizadas que no solo son totalmente receptivas, sino que tambi\u00e9n poseen el atributo crucial de ser amigables con los dispositivos m\u00f3viles. Este complemento excepcional se integra sin esfuerzo con la estimada plataforma de marketing por correo electr\u00f3nico Mailerlite, lo que permite a las empresas automatizar con expertos sus campa\u00f1as de correo electr\u00f3nico y apuntar astutamente a su estimada clientela. WPFORMS Mailerlite sirve como una soluci\u00f3n inmensamente f\u00e1cil de usar, ya que su interfaz de arrastrar y soltar notablemente intuitiva faculta a las empresas para fabricar y supervisar sin esfuerzo sus formas. Adem\u00e1s de esta impresionante conveniencia, el complemento tambi\u00e9n cuenta con caracter\u00edsticas avanzadas como l\u00f3gica condicional, cargas de archivos y formularios de m\u00faltiples p\u00e1ginas. Es innegable que si usted es un orgulloso propietario de una peque\u00f1a empresa floreciente o un profesional de marketing experimentado, WPForms Mailerlite emerge como una herramienta indispensablemente indispensable que est\u00e1 intr\u00ednsecamente vinculada al crecimiento exponencial de su estimado negocio y la cultura de relaciones significativas y atractivas con Su estimada clientela.<\/p>\n<ul>\n<li>Integraci\u00f3n perfecta entre WPForms y Mailerlite<\/li>\n<li>Conecte f\u00e1cilmente su cuenta de Mailerlite con WPFORMS<\/li>\n<li>Sync Formings env\u00edos de WPForms a Listas de MailerLite<\/li>\n<li>Agregue autom\u00e1ticamente nuevos suscriptores a su lista de MailerLite<\/li>\n<li>Campos de formulario personalizables para capturar la informaci\u00f3n que necesita<\/li>\n<li>Env\u00ede los suscriptores de correos electr\u00f3nicos de bienvenida o autoresponentes<\/li>\n<li>Ver informaci\u00f3n y an\u00e1lisis de env\u00edo detallado en WPFORMS<\/li>\n<li>Automatizaci\u00f3n de marketing y campa\u00f1as de correo electr\u00f3nico a trav\u00e9s de Mailerlite<\/li>\n<li>Acceso a las caracter\u00edsticas avanzadas de Mailerlite, como la segmentaci\u00f3n y las pruebas A\/B.<\/li>\n<\/ul>\n","protected":false},"excerpt":{"rendered":"<p>La integraci\u00f3n de WPForms y Mailerlite es una herramienta incre\u00edblemente robusta y eficiente que permite a los usuarios establecer sin esfuerzo una conexi\u00f3n entre sus formularios de contacto WPForms y sus campa\u00f1as de marketing por correo electr\u00f3nico de Mailerlite. Esta integraci\u00f3n cuenta con una gran cantidad de caracter\u00edsticas impresionantes, incluida la adici\u00f3n autom\u00e1tica de nuevas entradas WPFORMS a las listas de suscriptores de Mailerlite, la capacidad de monitorear y analizar las presentaciones de formulario y el comportamiento de suscriptores, as\u00ed como la creaci\u00f3n de campa\u00f1as de marketing por correo electr\u00f3nico altamente efectivas que se involucran y se convierten efectivamente clientes. Adem\u00e1s, WPFORMS Mailerlite ofrece un proceso de configuraci\u00f3n y configuraci\u00f3n f\u00e1cil de usar, junto con capacidades integrales de informes y an\u00e1lisis, lo que la convierte en la soluci\u00f3n perfecta para las personas que buscan elevar sus estrategias de marketing por correo electr\u00f3nico a alturas sin precedentes.<\/p>\n","protected":false},"featured_media":168504,"comment_status":"open","ping_status":"open","template":"","meta":[],"product_brand":[2628],"product_cat":[1232,1206,1211],"product_tag":[1440],"class_list":{"0":"post-131427","1":"product","2":"type-product","3":"status-publish","4":"has-post-thumbnail","6":"product_brand-wp-forms","7":"product_cat-marketing-wordpress-plugins","8":"product_cat-plugins","9":"product_cat-wordpress-plugins","10":"product_tag-wp-forms","11":"member-discount","12":"discount-restricted","14":"first","15":"instock","16":"sale","17":"downloadable","18":"virtual","19":"sold-individually","20":"purchasable","21":"product-type-simple"},"_links":{"self":[{"href":"https:\/\/gpl-love.com\/es\/wp-json\/wp\/v2\/product\/131427","targetHints":{"allow":["GET"]}}],"collection":[{"href":"https:\/\/gpl-love.com\/es\/wp-json\/wp\/v2\/product"}],"about":[{"href":"https:\/\/gpl-love.com\/es\/wp-json\/wp\/v2\/types\/product"}],"replies":[{"embeddable":true,"href":"https:\/\/gpl-love.com\/es\/wp-json\/wp\/v2\/comments?post=131427"}],"wp:featuredmedia":[{"embeddable":true,"href":"https:\/\/gpl-love.com\/es\/wp-json\/wp\/v2\/media\/168504"}],"wp:attachment":[{"href":"https:\/\/gpl-love.com\/es\/wp-json\/wp\/v2\/media?parent=131427"}],"wp:term":[{"taxonomy":"product_brand","embeddable":true,"href":"https:\/\/gpl-love.com\/es\/wp-json\/wp\/v2\/product_brand?post=131427"},{"taxonomy":"product_cat","embeddable":true,"href":"https:\/\/gpl-love.com\/es\/wp-json\/wp\/v2\/product_cat?post=131427"},{"taxonomy":"product_tag","embeddable":true,"href":"https:\/\/gpl-love.com\/es\/wp-json\/wp\/v2\/product_tag?post=131427"}],"curies":[{"name":"wp","href":"https:\/\/api.w.org\/{rel}","templated":true}]}}