{"id":131425,"date":"2025-08-31T00:00:00","date_gmt":"2025-08-31T05:00:00","guid":{"rendered":"https:\/\/gpl-love.com\/es\/producto\/wpforms-hubspot\/"},"modified":"2026-04-05T11:16:04","modified_gmt":"2026-04-05T16:16:04","slug":"wpforms-hub","status":"publish","type":"product","link":"https:\/\/gpl-love.com\/es\/producto\/wpforms-hub\/","title":{"rendered":"WPForms HubSpot 1.5.0"},"content":{"rendered":"<h3>WPForms HubSpot Caracteristicas<\/h3>\n<p>WPFORMS HUBSPOT es una herramienta de integraci\u00f3n incre\u00edblemente robusta que conecta a la perfecci\u00f3n WPFORMS, el Builder notablemente f\u00e1cil de usar WordPress, con Hubspot, el software CRM preeminente. Esta brillante integraci\u00f3n le permite recopilar y administrar sin esfuerzo los clientes potenciales, automatizar intrincadas campa\u00f1as de marketing y mejorar la participaci\u00f3n del cliente en niveles sin precedentes. WPForms HubSpot est\u00e1 repleto de una extensa variedad de caracter\u00edsticas de vanguardia que incluyen, entre otros, sincronizaci\u00f3n en tiempo real, mapeo de campos personalizados, puntuaci\u00f3n de plomo y segmentaci\u00f3n de contacto. Independientemente de si usted es un \u00e1gil propietario de una peque\u00f1a empresa, un vendedor inteligente o un desarrollador calificado, el notable WPFORMS HubSpot emerge como la soluci\u00f3n definitiva que agiliza sin problemas su flujo de trabajo y amplifica dr\u00e1sticamente su productividad. No dudes m\u00e1s; \u00a1Emp\u00e1rate en este viaje transformador hoy y presencie de primera mano la notable diferencia que puede hacer para tu estimado asunto!<\/p>\n<ul>\n<li>Integra sin problemas WPForms con HubSpot<\/li>\n<li>Syncs WPFORMS FORMISIONES A HUBSPOT autom\u00e1ticamente<\/li>\n<li>Permite un f\u00e1cil mapeo de campos de formulario en las propiedades de Hubspot<\/li>\n<li>Habilita la creaci\u00f3n de propiedades de contacto de HubSpot personalizadas desde WPFORMS<\/li>\n<li>Proporciona capacidades mejoradas de gesti\u00f3n de plomo y segmentaci\u00f3n<\/li>\n<li>Ofrece notificaciones de plomo en tiempo real y acciones de seguimiento<\/li>\n<li>Ahorra tiempo eliminando la entrada de datos tediosos y el manejo de formularios manuales<\/li>\n<li>Mejora la precisi\u00f3n de los datos y la integridad para una mejor toma de decisiones<\/li>\n<li>Admite GDPR y el cumplimiento de la privacidad de los datos<\/li>\n<li>Ofrece planes de precios flexibles para empresas de todos los tama\u00f1os.<\/li>\n<\/ul>\n","protected":false},"excerpt":{"rendered":"<p>La integraci\u00f3n de WPForms HubSpot es una herramienta excepcionalmente robusta y formidable que facilita la conexi\u00f3n perfecta de su cuenta WPForms con HubSpot. Al aprovechar esta integraci\u00f3n, obtiene la inmensa capacidad para transmitir sin esfuerzo y autom\u00e1ticamente todas las presentaciones de formulario que se originan desde WPFORMS directamente a su Hubspot CRM. En consecuencia, esta integraci\u00f3n le permite administrar y supervisar de manera eficiente sus clientes potenciales, monitorear meticulosamente la progresi\u00f3n de sus embudos de ventas y garantizar de manera confiable la actualizaci\u00f3n constante de su base de datos de contacto. Sin lugar a dudas, WPFORMS HubSpot sirve como una soluci\u00f3n impecable para las empresas, independientemente de su escala, desee optimizar y optimizar sus procesos de generaci\u00f3n y ventas de leads.<\/p>\n","protected":false},"featured_media":168502,"comment_status":"open","ping_status":"closed","template":"","meta":[],"product_brand":[2628],"product_cat":[1232,1206,1211],"product_tag":[1440],"class_list":{"0":"post-131425","1":"product","2":"type-product","3":"status-publish","4":"has-post-thumbnail","6":"product_brand-wp-forms","7":"product_cat-marketing-wordpress-plugins","8":"product_cat-plugins","9":"product_cat-wordpress-plugins","10":"product_tag-wp-forms","11":"member-discount","12":"discount-restricted","14":"first","15":"instock","16":"sale","17":"downloadable","18":"virtual","19":"sold-individually","20":"purchasable","21":"product-type-simple"},"_links":{"self":[{"href":"https:\/\/gpl-love.com\/es\/wp-json\/wp\/v2\/product\/131425","targetHints":{"allow":["GET"]}}],"collection":[{"href":"https:\/\/gpl-love.com\/es\/wp-json\/wp\/v2\/product"}],"about":[{"href":"https:\/\/gpl-love.com\/es\/wp-json\/wp\/v2\/types\/product"}],"replies":[{"embeddable":true,"href":"https:\/\/gpl-love.com\/es\/wp-json\/wp\/v2\/comments?post=131425"}],"wp:featuredmedia":[{"embeddable":true,"href":"https:\/\/gpl-love.com\/es\/wp-json\/wp\/v2\/media\/168502"}],"wp:attachment":[{"href":"https:\/\/gpl-love.com\/es\/wp-json\/wp\/v2\/media?parent=131425"}],"wp:term":[{"taxonomy":"product_brand","embeddable":true,"href":"https:\/\/gpl-love.com\/es\/wp-json\/wp\/v2\/product_brand?post=131425"},{"taxonomy":"product_cat","embeddable":true,"href":"https:\/\/gpl-love.com\/es\/wp-json\/wp\/v2\/product_cat?post=131425"},{"taxonomy":"product_tag","embeddable":true,"href":"https:\/\/gpl-love.com\/es\/wp-json\/wp\/v2\/product_tag?post=131425"}],"curies":[{"name":"wp","href":"https:\/\/api.w.org\/{rel}","templated":true}]}}