{"id":131423,"date":"2025-03-27T00:00:00","date_gmt":"2025-03-27T05:00:00","guid":{"rendered":"https:\/\/gpl-love.com\/es\/producto\/wpforms-authorizenet\/"},"modified":"2026-03-09T08:30:50","modified_gmt":"2026-03-09T13:30:50","slug":"wpforms-authorize-net","status":"publish","type":"product","link":"https:\/\/gpl-love.com\/es\/producto\/wpforms-authorize-net\/","title":{"rendered":"WPForms Authorize.Net 1.10.0"},"content":{"rendered":"<h3>WPForms Authorize.Net Caracteristicas<\/h3>\n<p>WPFORMS Authorize.net, un complemento de integraci\u00f3n de pagos excepcional, ofrece a los usuarios la notable capacidad de procesar los pagos de la tarjeta de cr\u00e9dito de manera segura directamente a trav\u00e9s de su plataforma WPFORMS. Al implementar este complemento, no solo est\u00e1 capacitando a sus clientes con una opci\u00f3n de pago muy conveniente y confiable, sino tambi\u00e9n asegurando el mayor nivel de seguridad para sus transacciones. Eliminando la necesidad de una pasarela de pago separada, WPForms Authorize.net le permite generar formularios de pago personalizables sin esfuerzo y aceptar pagos sin esfuerzo por sus productos y servicios. Su naturaleza f\u00e1cil de usar garantiza una experiencia de pago perfecta para usted, como propietario del negocio, y sus estimados clientes. Por lo tanto, WPForms Authorize.net demuestra ser una herramienta invaluable para las empresas que buscan optimizar su infraestructura de procesamiento de pagos y mejorar el viaje de compra general para su valiosa clientela.<\/p>\n<ul>\n<li>Integre sin problemas WPForms con Authorize.net para pagos seguros en l\u00ednea<\/li>\n<li>Acepte la tarjeta de cr\u00e9dito y los pagos de verificaci\u00f3n electr\u00f3nica con facilidad<\/li>\n<li>Personalizar los formularios de pago para que coincidan con su marca y necesidades espec\u00edficas<\/li>\n<li>Utilice las funciones de prevenci\u00f3n de fraude de Authorize.net para proteger su negocio y sus clientes<\/li>\n<li>Ver y administrar transacciones desde su tablero WPForms<\/li>\n<li>Disfrute de la atenci\u00f3n al cliente confiable de los equipos WPForms y Authorize.net.<\/li>\n<\/ul>\n","protected":false},"excerpt":{"rendered":"<p>WPForms Authorize.net es un complemento de WordPress robusto y altamente efectivo que permite a los propietarios de negocios la capacidad de aceptar los pagos en l\u00ednea sin esfuerzo y de forma segura. Incorpora tecnolog\u00eda de vanguardia como la detecci\u00f3n y prevenci\u00f3n de fraude, asegurando as\u00ed la m\u00e1xima seguridad para todas las transacciones. En particular, este complemento se integra perfectamente con la plataforma WPFORMS, lo que permite a los usuarios crear formas y p\u00e1ginas de pago a medida sin esfuerzo utilizando una interfaz intuitiva de arrastrar y soltar. Independientemente de si est\u00e1 involucrado en la venta de productos, servicios o incluso aceptando donaciones, tenga la seguridad de que WPFORMS Authorize.net le permitir\u00e1 optimizar sus procedimientos de procesamiento de pagos, lo que en \u00faltima instancia aumenta la satisfacci\u00f3n del cliente.<\/p>\n","protected":false},"featured_media":168490,"comment_status":"open","ping_status":"closed","template":"","meta":[],"product_brand":[2628],"product_cat":[1278,1206,1211],"product_tag":[1440],"class_list":{"0":"post-131423","1":"product","2":"type-product","3":"status-publish","4":"has-post-thumbnail","6":"product_brand-wp-forms","7":"product_cat-pago","8":"product_cat-plugins","9":"product_cat-wordpress-plugins","10":"product_tag-wp-forms","11":"member-discount","12":"discount-restricted","14":"first","15":"instock","16":"sale","17":"downloadable","18":"virtual","19":"sold-individually","20":"purchasable","21":"product-type-simple"},"_links":{"self":[{"href":"https:\/\/gpl-love.com\/es\/wp-json\/wp\/v2\/product\/131423","targetHints":{"allow":["GET"]}}],"collection":[{"href":"https:\/\/gpl-love.com\/es\/wp-json\/wp\/v2\/product"}],"about":[{"href":"https:\/\/gpl-love.com\/es\/wp-json\/wp\/v2\/types\/product"}],"replies":[{"embeddable":true,"href":"https:\/\/gpl-love.com\/es\/wp-json\/wp\/v2\/comments?post=131423"}],"wp:featuredmedia":[{"embeddable":true,"href":"https:\/\/gpl-love.com\/es\/wp-json\/wp\/v2\/media\/168490"}],"wp:attachment":[{"href":"https:\/\/gpl-love.com\/es\/wp-json\/wp\/v2\/media?parent=131423"}],"wp:term":[{"taxonomy":"product_brand","embeddable":true,"href":"https:\/\/gpl-love.com\/es\/wp-json\/wp\/v2\/product_brand?post=131423"},{"taxonomy":"product_cat","embeddable":true,"href":"https:\/\/gpl-love.com\/es\/wp-json\/wp\/v2\/product_cat?post=131423"},{"taxonomy":"product_tag","embeddable":true,"href":"https:\/\/gpl-love.com\/es\/wp-json\/wp\/v2\/product_tag?post=131423"}],"curies":[{"name":"wp","href":"https:\/\/api.w.org\/{rel}","templated":true}]}}