{"id":131421,"date":"2025-09-16T00:00:00","date_gmt":"2025-09-16T05:00:00","guid":{"rendered":"https:\/\/gpl-love.com\/es\/producto\/wpforms-activecampaign\/"},"modified":"2026-03-09T08:30:48","modified_gmt":"2026-03-09T13:30:48","slug":"wpforms-activecampaign","status":"publish","type":"product","link":"https:\/\/gpl-love.com\/es\/producto\/wpforms-activecampaign\/","title":{"rendered":"WPForms ActiveCampaign 1.7.0"},"content":{"rendered":"<h3>WPForms ActiveCampaign Caracteristicas<\/h3>\n<p>WPFORMS ActiveCampaign es una herramienta incre\u00edblemente robusta y altamente efectiva que ofrece a las empresas la capacidad incomparable para integrar a la perfecci\u00f3n sus WPForms con ActiveCampaign, lo que les permite racionalizar sin esfuerzo sus esfuerzos de marketing y mejorar enormemente su compromiso con el cliente. Esta notable integraci\u00f3n faculta a las empresas para dise\u00f1ar y crear formas a medida que capturen de manera experta y, adem\u00e1s, automatizan completamente sus campa\u00f1as de marketing con estrategias de marketing por correo electr\u00f3nico altamente espec\u00edficas y meticulosamente seleccionadas. La herramienta, caracterizada por una interfaz incre\u00edblemente f\u00e1cil de usar, ofrece a las empresas una experiencia notablemente sin esfuerzo cuando se trata de configurar y administrar h\u00e1bilmente sus campa\u00f1as. WPFORMS ActiveCampaign surge como la soluci\u00f3n definitiva para las empresas, independientemente de su tama\u00f1o, que son resueltos en su b\u00fasqueda de mejorar y optimizar sus iniciativas de marketing al tiempo que elevan simult\u00e1neamente la experiencia general del cliente.<\/p>\n<ul>\n<li>Conecte sin esfuerzo WPFORMS con ActiveCampaign para la gesti\u00f3n de plomo optimizada.<\/li>\n<li><\/li>\n<li>Integre perfectamente los formularios de contacto WPFORMS y las encuestas con los flujos de trabajo de automatizaci\u00f3n de ActiveCampaign.<\/li>\n<li><\/li>\n<li>Agregue autom\u00e1ticamente nuevos clientes potenciales de los env\u00edos de WPFORMS a las listas de contactos de ActiveCampaign.<\/li>\n<li><\/li>\n<li>Cree campa\u00f1as de correo electr\u00f3nico personalizadas basadas en las respuestas de formulario WPFORMS con las potentes caracter\u00edsticas de segmentaci\u00f3n de ActiveCampaign.<\/li>\n<li><\/li>\n<li>Rastree el \u00e9xito de sus presentaciones de WPFORMS y los esfuerzos de marketing de ActiveCampaign con informes detallados y an\u00e1lisis.<\/li>\n<li><\/li>\n<li>Ahorre tiempo y aumente la productividad al automatizar sus formularios WPFORMS y las campa\u00f1as de marketing por correo electr\u00f3nico de ActiveCampaign.<\/li>\n<li><\/li>\n<li>Disfrute de un flujo de trabajo de marketing m\u00e1s suave con la poderosa combinaci\u00f3n de WPForms y Activecampaign.<\/li>\n<\/ul>\n","protected":false},"excerpt":{"rendered":"<p>WPFORMS ActiveCampaign sirve como una integraci\u00f3n formidable que facilita la sincronizaci\u00f3n perfecta de los datos de WPFORMS con su cuenta de ActiveCampaign, ofreciendo una variedad de beneficios. A trav\u00e9s de esta integraci\u00f3n, obtiene la capacidad de capturar los leads sin esfuerzo y automatizar sus campa\u00f1as de marketing por correo electr\u00f3nico, mejorando as\u00ed la eficiencia de los esfuerzos de crecimiento empresarial. Despedirse de la ardua tarea de la entrada de datos manuales y dar la bienvenida a la llegada de un flujo de trabajo simplificado cortes\u00eda de WPFORMS Activecampaign.<\/p>\n","protected":false},"featured_media":168489,"comment_status":"open","ping_status":"open","template":"","meta":[],"product_brand":[2628],"product_cat":[1232,1206,1211],"product_tag":[1440],"class_list":{"0":"post-131421","1":"product","2":"type-product","3":"status-publish","4":"has-post-thumbnail","6":"product_brand-wp-forms","7":"product_cat-marketing-wordpress-plugins","8":"product_cat-plugins","9":"product_cat-wordpress-plugins","10":"product_tag-wp-forms","11":"member-discount","12":"discount-restricted","14":"first","15":"instock","16":"sale","17":"downloadable","18":"virtual","19":"sold-individually","20":"purchasable","21":"product-type-simple"},"_links":{"self":[{"href":"https:\/\/gpl-love.com\/es\/wp-json\/wp\/v2\/product\/131421","targetHints":{"allow":["GET"]}}],"collection":[{"href":"https:\/\/gpl-love.com\/es\/wp-json\/wp\/v2\/product"}],"about":[{"href":"https:\/\/gpl-love.com\/es\/wp-json\/wp\/v2\/types\/product"}],"replies":[{"embeddable":true,"href":"https:\/\/gpl-love.com\/es\/wp-json\/wp\/v2\/comments?post=131421"}],"wp:featuredmedia":[{"embeddable":true,"href":"https:\/\/gpl-love.com\/es\/wp-json\/wp\/v2\/media\/168489"}],"wp:attachment":[{"href":"https:\/\/gpl-love.com\/es\/wp-json\/wp\/v2\/media?parent=131421"}],"wp:term":[{"taxonomy":"product_brand","embeddable":true,"href":"https:\/\/gpl-love.com\/es\/wp-json\/wp\/v2\/product_brand?post=131421"},{"taxonomy":"product_cat","embeddable":true,"href":"https:\/\/gpl-love.com\/es\/wp-json\/wp\/v2\/product_cat?post=131421"},{"taxonomy":"product_tag","embeddable":true,"href":"https:\/\/gpl-love.com\/es\/wp-json\/wp\/v2\/product_tag?post=131421"}],"curies":[{"name":"wp","href":"https:\/\/api.w.org\/{rel}","templated":true}]}}