{"id":131184,"date":"2025-10-20T00:00:00","date_gmt":"2025-10-20T05:00:00","guid":{"rendered":"https:\/\/gpl-love.com\/es\/producto\/the-events-calendar-shortcode-y-templates-pro\/"},"modified":"2026-03-09T08:12:10","modified_gmt":"2026-03-09T13:12:10","slug":"the-events-calendar-shortcode-y-templates-pro","status":"publish","type":"product","link":"https:\/\/gpl-love.com\/es\/producto\/the-events-calendar-shortcode-y-templates-pro\/","title":{"rendered":"The Events Calendar Shortcode y Templates Pro 3.6.2"},"content":{"rendered":"<h3>The Events Calendar Shortcode y Templates Pro Caracteristicas<\/h3>\n<p>El Caso de calendario de eventos y plantillas Pro es una herramienta incre\u00edblemente robusta y din\u00e1mica que otorga a los usuarios la notable capacidad de generar sin esfuerzo calendarios de eventos visualmente llamativos y extremadamente profesionales para su sitio web. Este producto excepcional abarca una amplia gama de plantillas y c\u00f3digos cortos personalizables, lo que brinda a las personas la oportunidad perfecta de integrarlo perfectamente en cualquier sitio de WordPress que deseen. Las plantillas meticulosamente elaboradas cuentan con un nivel excepcional de capacidad de respuesta y dise\u00f1o amigable para los dispositivos m\u00f3viles, asegurando as\u00ed que su calendario de eventos exude una est\u00e9tica impresionante en todos y cada uno de los dispositivos desde el que se accede. La ingeniosa caracter\u00edstica de shortcode encapsulada dentro de esta notable herramienta facilita la incorporaci\u00f3n sin esfuerzo y perfecta de eventos y calendarios en cualquier ubicaci\u00f3n deseada en su sitio, otorgando as\u00ed a los visitantes la invaluable conveniencia de acceder f\u00e1cilmente a la informaci\u00f3n fundamental. Sin lugar a dudas, debido a su naturaleza f\u00e1cil de usar y su versatilidad incomparable, los eventos calendarios y plantillas provenientes de forma indiscutible como una herramienta indispensable para todos aquellos que buscan dise\u00f1ar un sitio web extraordinariamente pr\u00f3spero orientado a eventos.<\/p>\n<ul>\n<li>Proporciona personalizaci\u00f3n de c\u00f3digo corto y plantilla para el complemento de calendario de eventos en WordPress<\/li>\n<li>Permite una f\u00e1cil visualizaci\u00f3n de eventos de calendario en cualquier p\u00e1gina de un sitio web<\/li>\n<li>Plantillas personalizables para listas de eventos, p\u00e1ginas de eventos \u00fanicos y widgets de calendario<\/li>\n<li>Incluye una variedad de plantillas predise\u00f1adas para elegir<\/li>\n<li>Admite todas las vistas y caracter\u00edsticas del complemento de calendario de eventos<\/li>\n<li>Dise\u00f1o receptivo para dispositivos m\u00f3viles<\/li>\n<li>Interfaz simple e intuitiva para una f\u00e1cil personalizaci\u00f3n<\/li>\n<li>Actualizaciones y soporte regulares del desarrollador<\/li>\n<li>Compatible con la \u00faltima versi\u00f3n de WordPress y el complemento de calendario de eventos.<\/li>\n<\/ul>\n","protected":false},"excerpt":{"rendered":"<p>Los eventos de calendario de calendario y plantillas Pro es una aplicaci\u00f3n de software altamente avanzada y de vanguardia que permite a los usuarios generar sin esfuerzo listados de eventos y calendarios en sus sitios web. Ofreciendo una multitud de diversas plantillas y una amplia gama de opciones de c\u00f3digos cortos, esta innovadora herramienta otorga a los usuarios la flexibilidad para mostrar eventos de una manera que se alinea perfectamente con sus requisitos \u00fanicos y preferencias est\u00e9ticas. Por lo tanto, ya sea que sea un negocio pr\u00f3spero que busque exhibir eventos comunicados o un blogger din\u00e1mico con el objetivo de difundir el calendario meticulosamente seleccionado de su comunidad, esta herramienta excepcional garantiza una funcionalidad inquebrantable y integral. Al aprovechar los eventos, el shortcode del calendario y las plantillas Pro, no solo acelerar\u00e1 su flujo de trabajo sino que tambi\u00e9n aliviar\u00e1 la carga de ejercer tiempo y energ\u00eda excesivos.<\/p>\n","protected":false},"featured_media":167707,"comment_status":"open","ping_status":"open","template":"","meta":[],"product_brand":[2575],"product_cat":[1214,1206,1211],"product_tag":[1551],"class_list":{"0":"post-131184","1":"product","2":"type-product","3":"status-publish","4":"has-post-thumbnail","6":"product_brand-the-events-calendar","7":"product_cat-personalizacion","8":"product_cat-plugins","9":"product_cat-wordpress-plugins","10":"product_tag-the-events-calendar","11":"member-discount","12":"discount-restricted","14":"first","15":"instock","16":"sale","17":"downloadable","18":"virtual","19":"sold-individually","20":"purchasable","21":"product-type-simple"},"_links":{"self":[{"href":"https:\/\/gpl-love.com\/es\/wp-json\/wp\/v2\/product\/131184","targetHints":{"allow":["GET"]}}],"collection":[{"href":"https:\/\/gpl-love.com\/es\/wp-json\/wp\/v2\/product"}],"about":[{"href":"https:\/\/gpl-love.com\/es\/wp-json\/wp\/v2\/types\/product"}],"replies":[{"embeddable":true,"href":"https:\/\/gpl-love.com\/es\/wp-json\/wp\/v2\/comments?post=131184"}],"wp:featuredmedia":[{"embeddable":true,"href":"https:\/\/gpl-love.com\/es\/wp-json\/wp\/v2\/media\/167707"}],"wp:attachment":[{"href":"https:\/\/gpl-love.com\/es\/wp-json\/wp\/v2\/media?parent=131184"}],"wp:term":[{"taxonomy":"product_brand","embeddable":true,"href":"https:\/\/gpl-love.com\/es\/wp-json\/wp\/v2\/product_brand?post=131184"},{"taxonomy":"product_cat","embeddable":true,"href":"https:\/\/gpl-love.com\/es\/wp-json\/wp\/v2\/product_cat?post=131184"},{"taxonomy":"product_tag","embeddable":true,"href":"https:\/\/gpl-love.com\/es\/wp-json\/wp\/v2\/product_tag?post=131184"}],"curies":[{"name":"wp","href":"https:\/\/api.w.org\/{rel}","templated":true}]}}