{"id":131164,"date":"2024-09-30T00:00:00","date_gmt":"2024-09-30T05:00:00","guid":{"rendered":"https:\/\/gpl-love.com\/es\/producto\/monsterinsights-user-journey\/"},"modified":"2026-04-10T11:17:09","modified_gmt":"2026-04-10T16:17:09","slug":"monsterinsights-user-journey","status":"publish","type":"product","link":"https:\/\/gpl-love.com\/es\/producto\/monsterinsights-user-journey\/","title":{"rendered":"MonsterInsights User Journey 1.1.5"},"content":{"rendered":"<h3>MonsterInsights User Journey Caracteristicas<\/h3>\n<p>La herramienta MonsterinSights User Journey es un recurso incre\u00edblemente potente y robusto que otorga a las empresas ideas invaluables con respecto a los intrincados patrones y tendencias de comportamiento exhibidos por su estimado cuadro de visitantes del sitio web. Al aprovechar esta herramienta, los usuarios pueden rastrear y monitorear de manera diligente y meticulosa las interacciones m\u00faltiples y multifac\u00e9ticas que ocurren entre sus visitantes y su sitio web, abarcando, pero no se limitan a las profundidades de conocimiento sin am\u00e9rilices sobre los modos de llegada de los visitantes en el sitio web, Su lectura de varias p\u00e1ginas que viven dentro de los l\u00edmites digitales del sitio, as\u00ed como las innumerables acciones y actividades en las que participan mientras atraviesan dicho sitio. Armado con este verdadero tesoro de informaci\u00f3n del tesoro, las empresas pueden desenterrar una comprensi\u00f3n profunda e integral de las necesidades, deseos y preferencias respectivas de sus clientes, facilitando y mejorando el proceso de formulaci\u00f3n y ejecuci\u00f3n de una estrategia de marketing altamente refinada y calibrada de manera astuta. . Adem\u00e1s, es imperativo observar que la facilidad de uso inherente y la accesibilidad de esta herramienta lo hacen susceptible y aplicable a las empresas de todas las formas y tama\u00f1os, cementando a\u00fan m\u00e1s su estado como un instrumento crucial e indispensable para aquellos que buscan aumentar y reforzar sus en l\u00ednea presencia e impulsar una afluencia de conversiones.<\/p>\n<ul>\n<li>Ayuda a los propietarios de sitios web a rastrear el comportamiento del usuario y optimizar su viaje en el sitio<\/li>\n<li>Proporciona una representaci\u00f3n visual del viaje del usuario a trav\u00e9s de varias p\u00e1ginas y acciones en el sitio<\/li>\n<li>Identifica \u00e1reas donde los usuarios dejan o encuentran problemas en su viaje<\/li>\n<li>Da informaci\u00f3n sobre qu\u00e9 p\u00e1ginas y caracter\u00edsticas son m\u00e1s populares entre los usuarios<\/li>\n<li>Permite el seguimiento de personajes de usuarios espec\u00edficos para comprender mejor su comportamiento y necesidades en el sitio<\/li>\n<li>Se integra con Google Analytics para proporcionar an\u00e1lisis de datos en profundidad e informes<\/li>\n<li>Ofrece informes y paneles personalizables para rastrear y monitorear f\u00e1cilmente las m\u00e9tricas de viaje del usuario<\/li>\n<li>Ayuda a mejorar la experiencia general del usuario y a aumentar el compromiso y las conversiones en el sitio.<\/li>\n<\/ul>\n","protected":false},"excerpt":{"rendered":"<p>El viaje de usuario de MonsterinSights es una herramienta incre\u00edblemente potente que ayuda a los propietarios de sitios web a monitorear y analizar las rutas atravesadas por sus usuarios cuando se involucran con su sitio. Al ofrecer informaci\u00f3n completa e intrincada sobre la navegaci\u00f3n e interacci\u00f3n de los visitantes con su contenido, est\u00e1 facultado para tomar decisiones informadas basadas en datos para mejorar la experiencia del usuario y amplificar las conversiones. Ya sea que su objetivo es refinar el dise\u00f1o de su sitio o generar un mayor tr\u00e1fico hacia p\u00e1ginas fundamentales, la funci\u00f3n de viaje del usuario de MonsterInsights lo equipa con profundas ideas que impulsar\u00e1n el rendimiento de su sitio web a alturas incomparables.<\/p>\n","protected":false},"featured_media":166823,"comment_status":"open","ping_status":"open","template":"","meta":[],"product_brand":[2499],"product_cat":[1232,1206,1211],"product_tag":[1330],"class_list":{"0":"post-131164","1":"product","2":"type-product","3":"status-publish","4":"has-post-thumbnail","6":"product_brand-monsterinsights","7":"product_cat-marketing-wordpress-plugins","8":"product_cat-plugins","9":"product_cat-wordpress-plugins","10":"product_tag-monsterinsights","11":"member-discount","12":"discount-restricted","14":"first","15":"instock","16":"sale","17":"downloadable","18":"virtual","19":"sold-individually","20":"purchasable","21":"product-type-simple"},"_links":{"self":[{"href":"https:\/\/gpl-love.com\/es\/wp-json\/wp\/v2\/product\/131164","targetHints":{"allow":["GET"]}}],"collection":[{"href":"https:\/\/gpl-love.com\/es\/wp-json\/wp\/v2\/product"}],"about":[{"href":"https:\/\/gpl-love.com\/es\/wp-json\/wp\/v2\/types\/product"}],"replies":[{"embeddable":true,"href":"https:\/\/gpl-love.com\/es\/wp-json\/wp\/v2\/comments?post=131164"}],"wp:featuredmedia":[{"embeddable":true,"href":"https:\/\/gpl-love.com\/es\/wp-json\/wp\/v2\/media\/166823"}],"wp:attachment":[{"href":"https:\/\/gpl-love.com\/es\/wp-json\/wp\/v2\/media?parent=131164"}],"wp:term":[{"taxonomy":"product_brand","embeddable":true,"href":"https:\/\/gpl-love.com\/es\/wp-json\/wp\/v2\/product_brand?post=131164"},{"taxonomy":"product_cat","embeddable":true,"href":"https:\/\/gpl-love.com\/es\/wp-json\/wp\/v2\/product_cat?post=131164"},{"taxonomy":"product_tag","embeddable":true,"href":"https:\/\/gpl-love.com\/es\/wp-json\/wp\/v2\/product_tag?post=131164"}],"curies":[{"name":"wp","href":"https:\/\/api.w.org\/{rel}","templated":true}]}}