{"id":131163,"date":"2023-08-25T00:00:00","date_gmt":"2023-08-25T05:00:00","guid":{"rendered":"https:\/\/gpl-love.com\/es\/producto\/monsterinsights-page-insights-addon\/"},"modified":"2026-04-10T11:17:07","modified_gmt":"2026-04-10T16:17:07","slug":"monsterinsights-page-insights-addon","status":"publish","type":"product","link":"https:\/\/gpl-love.com\/es\/producto\/monsterinsights-page-insights-addon\/","title":{"rendered":"MonsterInsights Page Insights Addon 1.6.0"},"content":{"rendered":"<h3>MonsterInsights Page Insights Addon Caracteristicas<\/h3>\n<p>MonsterinSights Page Insights Addon, una herramienta robusta meticulosamente dise\u00f1ada con el prop\u00f3sito de empoderar a los propietarios y vendedores de sitios web, ofrece una gran cantidad de beneficios profundos que les permitir\u00edan profundizar en los recovecos m\u00e1s profundos del rendimiento de su sitio web y extraer ideas invaluables. Al aprovechar este notable complemento, a los usuarios se les otorga un acceso sin restricciones a informes notablemente completos que aclaran aspectos cruciales, como vistas de p\u00e1gina, tasas de rebote y m\u00e9tricas de participaci\u00f3n, facilitando as\u00ed la optimizaci\u00f3n de su contenido para alcanzar un nivel de impacto y resonancia sin precedentes. Adem\u00e1s, este ingenioso complemento ofrece informaci\u00f3n invaluable relacionada con el comportamiento del usuario, que abarca variables fundamentales como la duraci\u00f3n que los visitantes gastan en p\u00e1ginas individuales y los hiperv\u00ednculos hacia los que gravitan con la mayor alarma. Naturalmente, esta prodigiosa riqueza de datos se puede emplear con h\u00e1bilmente las campa\u00f1as de marketing de marketing que poseen una eficacia incomparable y tienen el potencial de aumentar dr\u00e1sticamente las tasas de conversi\u00f3n. Independientemente de si uno es un blogger asiduo, un propietario sagaz del sitio de comercio electr\u00f3nico, o un vendedor digital exigente, es m\u00e1s all\u00e1 de la disputa que la p\u00e1gina de MonsterinSights Insights supone la forma de una herramienta indispensable, una que desata inequ\u00edvocamente el potencial latente en el que se aloza en su sitio web.<\/p>\n<ul>\n<li>Proporciona un an\u00e1lisis en profundidad de p\u00e1ginas individuales en su sitio web<\/li>\n<li>Le permite rastrear las visiones de p\u00e1gina, la velocidad de rebote, el tiempo en la p\u00e1gina y m\u00e1s<\/li>\n<li>Le muestra qu\u00e9 p\u00e1ginas est\u00e1n conduciendo m\u00e1s tr\u00e1fico a su sitio web<\/li>\n<li>Lo ayuda a identificar p\u00e1ginas que necesitan optimizaci\u00f3n para un mejor rendimiento<\/li>\n<li>Proporciona informaci\u00f3n sobre las principales fuentes de referencia y palabras clave para cada p\u00e1gina<\/li>\n<li>Le ayuda a comprender el comportamiento de los visitantes de su sitio web a nivel granular<\/li>\n<li>Proporciona informaci\u00f3n personalizable para adaptarse a sus objetivos comerciales espec\u00edficos<\/li>\n<li>Se integra a la perfecci\u00f3n con Google Analytics para un seguimiento de datos preciso<\/li>\n<li>F\u00e1cil de instalar y usar, no se requiere conocimiento de codificaci\u00f3n<\/li>\n<li>Proporciona informaci\u00f3n procesable para optimizar el rendimiento de su sitio web y impulsar m\u00e1s tr\u00e1fico.<\/li>\n<\/ul>\n","protected":false},"excerpt":{"rendered":"<p>El complemento MonsterInsights Page Insights, una herramienta excepcional dise\u00f1ada para ayudarlo a comprender el rendimiento de las p\u00e1ginas de su sitio web, demuestra ser la soluci\u00f3n definitiva. Con sus capacidades formidables, este complemento ofrece una amplia visi\u00f3n y an\u00e1lisis para cada p\u00e1gina individual, que abarca m\u00e9tricas esenciales como vistas de p\u00e1gina, tasas de rebote, tiempo en la p\u00e1gina y muchos otros. Al utilizar este complemento, uno puede discernir sin esfuerzo las p\u00e1ginas que funcionan notablemente bien y posteriormente optimizan su estrategia de contenido para lograr el mayor impacto. Independientemente de si usted es un propietario de una peque\u00f1a empresa o un vendedor experimentado, la inclusi\u00f3n del complemento de la p\u00e1gina MonsterinSights Insights es un imperativo absoluto, que sirve como una herramienta indispensable para evaluar y mejorar el rendimiento general de su sitio web.<\/p>\n","protected":false},"featured_media":166820,"comment_status":"open","ping_status":"open","template":"","meta":[],"product_brand":[2499],"product_cat":[1232,1206,1211],"product_tag":[1330],"class_list":{"0":"post-131163","1":"product","2":"type-product","3":"status-publish","4":"has-post-thumbnail","6":"product_brand-monsterinsights","7":"product_cat-marketing-wordpress-plugins","8":"product_cat-plugins","9":"product_cat-wordpress-plugins","10":"product_tag-monsterinsights","11":"member-discount","12":"discount-restricted","14":"first","15":"instock","16":"sale","17":"downloadable","18":"virtual","19":"sold-individually","20":"purchasable","21":"product-type-simple"},"_links":{"self":[{"href":"https:\/\/gpl-love.com\/es\/wp-json\/wp\/v2\/product\/131163","targetHints":{"allow":["GET"]}}],"collection":[{"href":"https:\/\/gpl-love.com\/es\/wp-json\/wp\/v2\/product"}],"about":[{"href":"https:\/\/gpl-love.com\/es\/wp-json\/wp\/v2\/types\/product"}],"replies":[{"embeddable":true,"href":"https:\/\/gpl-love.com\/es\/wp-json\/wp\/v2\/comments?post=131163"}],"wp:featuredmedia":[{"embeddable":true,"href":"https:\/\/gpl-love.com\/es\/wp-json\/wp\/v2\/media\/166820"}],"wp:attachment":[{"href":"https:\/\/gpl-love.com\/es\/wp-json\/wp\/v2\/media?parent=131163"}],"wp:term":[{"taxonomy":"product_brand","embeddable":true,"href":"https:\/\/gpl-love.com\/es\/wp-json\/wp\/v2\/product_brand?post=131163"},{"taxonomy":"product_cat","embeddable":true,"href":"https:\/\/gpl-love.com\/es\/wp-json\/wp\/v2\/product_cat?post=131163"},{"taxonomy":"product_tag","embeddable":true,"href":"https:\/\/gpl-love.com\/es\/wp-json\/wp\/v2\/product_tag?post=131163"}],"curies":[{"name":"wp","href":"https:\/\/api.w.org\/{rel}","templated":true}]}}