{"id":131162,"date":"2024-02-28T00:00:00","date_gmt":"2024-02-28T05:00:00","guid":{"rendered":"https:\/\/gpl-love.com\/es\/producto\/monsterinsights-media-addon\/"},"modified":"2026-04-10T11:17:06","modified_gmt":"2026-04-10T16:17:06","slug":"monsterinsights-media-addon","status":"publish","type":"product","link":"https:\/\/gpl-love.com\/es\/producto\/monsterinsights-media-addon\/","title":{"rendered":"MonsterInsights Media Addon 1.1.2"},"content":{"rendered":"<h3>MonsterInsights Media Addon Caracteristicas<\/h3>\n<p>El complemento de MonsterinSights Media, siendo una herramienta indispensable para las personas en posesi\u00f3n de sitios web que dependen en gran medida del contenido de los medios para cautivar e involucrar a los usuarios, tiene un prop\u00f3sito poderoso. Este complemento formidable ofrece la oportunidad de rastrear meticulosamente el rendimiento de los medios de comunicaci\u00f3n de su sitio web, que abarca im\u00e1genes, videos y audio, otorgando ideas integrales. A trav\u00e9s de la utilizaci\u00f3n de este complemento, se le otorga la capacidad de supervisar sin esfuerzo la efectividad de su contenido de medios en diversas plataformas y dispositivos, lo que lo permite tomar decisiones informadas destinadas a optimizar su estrategia de medios. Independientemente de si usted es un blogger, vendedor o propietario de un negocio, es imperativo que se equipe con el complemento de MonsterinSights Media para elevar sus esfuerzos de medios a alturas sin precedentes.<\/p>\n<ul>\n<li>Se integra sin problemas con MonsterInsights para proporcionar capacidades avanzadas de seguimiento de medios para su sitio web<\/li>\n<li>Rastrea con precisi\u00f3n la participaci\u00f3n del usuario con el contenido de sus medios, incluidas las vistas, las reproducciones, las pausas y las terminaciones<\/li>\n<li>Proporciona informaci\u00f3n sobre qu\u00e9 contenido de medios resuena con su audiencia y conduce conversiones<\/li>\n<li>Le permite configurar eventos y objetivos personalizados basados \u200b\u200ben las interacciones de los medios para optimizar a\u00fan m\u00e1s el rendimiento de su sitio web<\/li>\n<li>Funciona con todos los reproductores multimedia populares, incluidos los reproductores de video\/audio de YouTube, Vimeo y HTML5<\/li>\n<li>F\u00e1cil de instalar y configurar con una gu\u00eda paso a paso e interfaz de usuario intuitiva<\/li>\n<li>Compatible con WordPress y cualquier plataforma compatible con WordPress<\/li>\n<li>Ofrece soporte premium y actualizaciones peri\u00f3dicas para garantizar la mejor experiencia posible de seguimiento de medios.<\/li>\n<\/ul>\n","protected":false},"excerpt":{"rendered":"<p>El complemento de MonsterInsights Media, una herramienta robusta y eficiente, se ha desarrollado espec\u00edficamente para ayudarlo a monitorear sin esfuerzo y realizar un seguimiento de sus archivos multimedia en su sitio web de WordPress. Al incorporar este complemento en su sitio, podr\u00e1 analizar y analizar meticulosamente la interacci\u00f3n del usuario con su audio, video y otros archivos a trav\u00e9s de la utilizaci\u00f3n de Google Analytics. Adem\u00e1s, este notable complemento se integra perfectamente con MonsterInsights, otorg\u00e1ndole acceso a informes integrales y detallados que proporcionan informaci\u00f3n valiosa sobre el rendimiento de sus archivos multimedia. Al implementar este complemento, tendr\u00e1 la oportunidad de optimizar su estrategia de medios, fomentar una mayor participaci\u00f3n y, en \u00faltima instancia, reforzar la afluencia de tr\u00e1fico a su sitio web. \u00a1No pierda el tiempo y adquiera el complemento de MonsterinSights Media en este mismo momento para revolucionar e intensificar sus esfuerzos de seguimiento de medios!<\/p>\n","protected":false},"featured_media":166819,"comment_status":"open","ping_status":"open","template":"","meta":[],"product_brand":[2499],"product_cat":[1232,1206,1211],"product_tag":[1330],"class_list":{"0":"post-131162","1":"product","2":"type-product","3":"status-publish","4":"has-post-thumbnail","6":"product_brand-monsterinsights","7":"product_cat-marketing-wordpress-plugins","8":"product_cat-plugins","9":"product_cat-wordpress-plugins","10":"product_tag-monsterinsights","11":"member-discount","12":"discount-restricted","14":"first","15":"instock","16":"sale","17":"downloadable","18":"virtual","19":"sold-individually","20":"purchasable","21":"product-type-simple"},"_links":{"self":[{"href":"https:\/\/gpl-love.com\/es\/wp-json\/wp\/v2\/product\/131162","targetHints":{"allow":["GET"]}}],"collection":[{"href":"https:\/\/gpl-love.com\/es\/wp-json\/wp\/v2\/product"}],"about":[{"href":"https:\/\/gpl-love.com\/es\/wp-json\/wp\/v2\/types\/product"}],"replies":[{"embeddable":true,"href":"https:\/\/gpl-love.com\/es\/wp-json\/wp\/v2\/comments?post=131162"}],"wp:featuredmedia":[{"embeddable":true,"href":"https:\/\/gpl-love.com\/es\/wp-json\/wp\/v2\/media\/166819"}],"wp:attachment":[{"href":"https:\/\/gpl-love.com\/es\/wp-json\/wp\/v2\/media?parent=131162"}],"wp:term":[{"taxonomy":"product_brand","embeddable":true,"href":"https:\/\/gpl-love.com\/es\/wp-json\/wp\/v2\/product_brand?post=131162"},{"taxonomy":"product_cat","embeddable":true,"href":"https:\/\/gpl-love.com\/es\/wp-json\/wp\/v2\/product_cat?post=131162"},{"taxonomy":"product_tag","embeddable":true,"href":"https:\/\/gpl-love.com\/es\/wp-json\/wp\/v2\/product_tag?post=131162"}],"curies":[{"name":"wp","href":"https:\/\/api.w.org\/{rel}","templated":true}]}}