{"id":131002,"date":"2023-08-20T00:00:00","date_gmt":"2023-08-20T05:00:00","guid":{"rendered":"https:\/\/gpl-love.com\/es\/producto\/reports-para-booknetic\/"},"modified":"2026-04-04T11:15:56","modified_gmt":"2026-04-04T16:15:56","slug":"reports-para-booknetic","status":"publish","type":"product","link":"https:\/\/gpl-love.com\/es\/producto\/reports-para-booknetic\/","title":{"rendered":"Reports para Booknetic 1.0.7"},"content":{"rendered":"<h3>Reports para Booknetic Caracteristicas<\/h3>\n<p>BookNetic es un software de programaci\u00f3n y programaci\u00f3n en l\u00ednea altamente sofisticado y avanzado que ofrece asistencia impecable a las empresas para administrar eficientemente sus reservas de citas. Este software inteligente no solo optimiza el proceso de las reservas de citas, sino que tambi\u00e9n proporciona una variedad de informes exhaustivos que ofrecen informaci\u00f3n profunda sobre la intrincada din\u00e1mica de las tendencias de reserva, los patrones de comportamiento de los clientes y los ingresos generados.<\/p>\n<p>Los informes generados por Booknetic son de suma importancia, ya que proporcionan informaci\u00f3n invaluable, como reservas diarias, semanales y mensuales, tasas de cancelaci\u00f3n, ingresos generados y comentarios de los clientes. Lo que distingue a estos informes es el hecho de que se generan en tiempo real, asegurando que los due\u00f1os de negocios tengan acceso a informaci\u00f3n actualizada en todo momento, lo que les permite mantener un control firme en sus operaciones.<\/p>\n<p>La conveniencia ofrecida por BookNetic no tiene paralelo, ya que se puede acceder sin esfuerzo desde cualquier lugar. Esta flexibilidad permite a los propietarios de negocios monitorear diligentemente sus operaciones, incluso cuando est\u00e1n lejos de sus locales f\u00edsicos. En consecuencia, armado con estos datos integrales, las empresas pueden tomar decisiones bien informadas y optimizar efectivamente sus operaciones, lo que lleva a una mayor satisfacci\u00f3n del cliente y un aumento significativo en los ingresos.<\/p>\n<ul>\n<li>Genera informes detallados sobre varios aspectos de su negocio<\/li>\n<li>Proporciona una visi\u00f3n general de sus citas, servicios, clientes e ingresos<\/li>\n<li>Le permite rastrear el rendimiento y la productividad de los empleados<\/li>\n<li>Le permite identificar \u00e1reas de crecimiento y mejora en su negocio<\/li>\n<li>Proporciona rangos y filtros de fechas personalizables para satisfacer sus necesidades<\/li>\n<li>Ofrece gr\u00e1ficos y gr\u00e1ficos f\u00e1ciles de leer para el an\u00e1lisis visual<\/li>\n<li>Le permite exportar datos a Excel o PDF para un an\u00e1lisis posterior o compartir<\/li>\n<li>Le ayuda a tomar decisiones comerciales informadas basadas en ideas basadas en datos<\/li>\n<li>Le ahorra tiempo y esfuerzo automatizando la generaci\u00f3n de informes<\/li>\n<li>Le ayuda a optimizar sus operaciones comerciales y aumentar la rentabilidad.<\/li>\n<\/ul>\n","protected":false},"excerpt":{"rendered":"<p>La funci\u00f3n del informe proporcionada por BookNetic abarca una amplia gama de ideas que profundizan en sus datos de reserva, equip\u00e1ndolo con una comprensi\u00f3n hol\u00edstica de sus operaciones comerciales. Al permitirle generar y exportar informes a medida, esta funci\u00f3n le permite rastrear meticulosamente las tendencias emergentes y analizar meticulosamente la informaci\u00f3n crucial de la reserva, abarcar estad\u00edsticas de ingresos y patrones de comportamiento del cliente. Armado con estos informes meticulosamente elaborados, poseer\u00e1 el conocimiento necesario para tomar decisiones juiciosas, optimizar su proceso de reserva y, en \u00faltima instancia, asegurar el m\u00e1s alto nivel de rentabilidad para su empresa.<\/p>\n","protected":false},"featured_media":167343,"comment_status":"open","ping_status":"open","template":"","meta":[],"product_brand":[2380],"product_cat":[1214,1206,1211],"product_tag":[2269],"class_list":{"0":"post-131002","1":"product","2":"type-product","3":"status-publish","4":"has-post-thumbnail","6":"product_brand-booknetic","7":"product_cat-personalizacion","8":"product_cat-plugins","9":"product_cat-wordpress-plugins","10":"product_tag-booknetic","11":"member-discount","12":"discount-restricted","14":"first","15":"instock","16":"sale","17":"downloadable","18":"virtual","19":"sold-individually","20":"product-type-simple"},"_links":{"self":[{"href":"https:\/\/gpl-love.com\/es\/wp-json\/wp\/v2\/product\/131002","targetHints":{"allow":["GET"]}}],"collection":[{"href":"https:\/\/gpl-love.com\/es\/wp-json\/wp\/v2\/product"}],"about":[{"href":"https:\/\/gpl-love.com\/es\/wp-json\/wp\/v2\/types\/product"}],"replies":[{"embeddable":true,"href":"https:\/\/gpl-love.com\/es\/wp-json\/wp\/v2\/comments?post=131002"}],"wp:featuredmedia":[{"embeddable":true,"href":"https:\/\/gpl-love.com\/es\/wp-json\/wp\/v2\/media\/167343"}],"wp:attachment":[{"href":"https:\/\/gpl-love.com\/es\/wp-json\/wp\/v2\/media?parent=131002"}],"wp:term":[{"taxonomy":"product_brand","embeddable":true,"href":"https:\/\/gpl-love.com\/es\/wp-json\/wp\/v2\/product_brand?post=131002"},{"taxonomy":"product_cat","embeddable":true,"href":"https:\/\/gpl-love.com\/es\/wp-json\/wp\/v2\/product_cat?post=131002"},{"taxonomy":"product_tag","embeddable":true,"href":"https:\/\/gpl-love.com\/es\/wp-json\/wp\/v2\/product_tag?post=131002"}],"curies":[{"name":"wp","href":"https:\/\/api.w.org\/{rel}","templated":true}]}}