{"id":130519,"date":"2023-10-09T00:00:00","date_gmt":"2023-10-09T05:00:00","guid":{"rendered":"https:\/\/gpl-love.com\/es\/producto\/post-views-para-amp\/"},"modified":"2026-04-10T11:21:51","modified_gmt":"2026-04-10T16:21:51","slug":"post-views-para-amp","status":"publish","type":"product","link":"https:\/\/gpl-love.com\/es\/producto\/post-views-para-amp\/","title":{"rendered":"Post Views para AMP 1.0.6"},"content":{"rendered":"<h3>Post Views para AMP Caracteristicas<\/h3>\n<p>Las vistas de publicaciones para la herramienta AMP sirven como una soluci\u00f3n incre\u00edblemente robusta y eficiente para los propietarios de sitios web, lo que les permite vigilar de manera efectiva el n\u00famero de vistas obtenidas por sus p\u00e1ginas de AMP. Con una interfaz que es notablemente f\u00e1cil de usar, este complemento facilita el monitoreo perfecto de las vistas de la p\u00e1gina, lo que brinda a los usuarios la oportunidad de analizar meticulosamente hasta qu\u00e9 punto su contenido resuena con el p\u00fablico. Invariablemente, el complemento se ha creado meticulosamente para integrarse sin problemas con la tecnolog\u00eda de p\u00e1ginas m\u00f3viles aceleradas (AMP), que finalmente se manifiesta en p\u00e1ginas que se cargan de inmediato y finalmente dotan a los usuarios con una experiencia de navegaci\u00f3n verdaderamente excepcional. En virtud de emplear vistas postales para AMP, los propietarios de sitios web reciben un medio sin esfuerzo por los cuales pueden rastrear sin esfuerzo el rendimiento de sus p\u00e1ginas m\u00e1s populares, identificar efectivamente cualquier \u00e1rea que necesite de mejora y adaptar de manera \u00f3ptima su contenido para penetrar un Incluso demogr\u00e1fico m\u00e1s amplio. En consecuencia, independientemente de si uno es un blogger, vendedor o propietario de un negocio, la conclusi\u00f3n innegable sigue siendo que este complemento sirve como una herramienta indispensable, una que es completamente indispensable para cualquier persona que tenga la intenci\u00f3n de mejorar el rendimiento general de su sitio web y reforzar su visibilidad en l\u00ednea .<\/p>\n<ul>\n<li>Proporciona datos precisos sobre la cantidad de visitas a sus p\u00e1ginas de AMP<\/li>\n<li>Le permite rastrear la popularidad de las publicaciones individuales<\/li>\n<li>Informa su estrategia mostrando qu\u00e9 temas son m\u00e1s atractivos<\/li>\n<li>Le ayuda a optimizar su contenido para un mejor rendimiento<\/li>\n<li>Funciona sin problemas con Google Analytics<\/li>\n<li>F\u00e1cil de instalar y usar<\/li>\n<li>Configuraci\u00f3n personalizable para satisfacer sus necesidades<\/li>\n<li>Compatible con una variedad de complementos y temas de AMP<\/li>\n<\/ul>\n","protected":false},"excerpt":{"rendered":"<p>Post Views para AMP es un complemento excepcional meticulosamente elaborado para monitorear y mostrar de manera eficiente la gran cantidad de vistas obtenidas por sus p\u00e1ginas de AMP. Al emplear esta ingeniosa herramienta, se le otorga la capacidad incomparable para discernir sin esfuerzo las publicaciones y p\u00e1ginas que han logrado cautivar a las masas, lo que le permite adaptar ingeniosamente su estrategia de contenido para satisfacer las alt\u00edsimas demandas de su \u00e1vida lectura. Adem\u00e1s, la brillantez de este notable complemento radica en su integraci\u00f3n perfecta con los omnipresentes an\u00e1lisis de Google, aumentando as\u00ed su capacidad para obtener informaci\u00f3n elaborada y completa de los intrincados matices de su sitio web. Ya sea que se identifique como un blogger experimentado, un vendedor astuto o un creador de contenido imaginativo, es muy innegable que publicar vistas para AMP sirva como un recurso indispensable, facilitando de manera infalible la optimizaci\u00f3n de su sitio web y la mejora exponencial de su presencia virtual.<\/p>\n","protected":false},"featured_media":167240,"comment_status":"open","ping_status":"open","template":"","meta":[],"product_brand":[2351],"product_cat":[1214,1206,1211],"product_tag":[2229],"class_list":{"0":"post-130519","1":"product","2":"type-product","3":"status-publish","4":"has-post-thumbnail","6":"product_brand-amp-wp","7":"product_cat-personalizacion","8":"product_cat-plugins","9":"product_cat-wordpress-plugins","10":"product_tag-amp-wp","11":"member-discount","12":"discount-restricted","14":"first","15":"instock","16":"sale","17":"downloadable","18":"virtual","19":"sold-individually","20":"purchasable","21":"product-type-simple"},"_links":{"self":[{"href":"https:\/\/gpl-love.com\/es\/wp-json\/wp\/v2\/product\/130519","targetHints":{"allow":["GET"]}}],"collection":[{"href":"https:\/\/gpl-love.com\/es\/wp-json\/wp\/v2\/product"}],"about":[{"href":"https:\/\/gpl-love.com\/es\/wp-json\/wp\/v2\/types\/product"}],"replies":[{"embeddable":true,"href":"https:\/\/gpl-love.com\/es\/wp-json\/wp\/v2\/comments?post=130519"}],"wp:featuredmedia":[{"embeddable":true,"href":"https:\/\/gpl-love.com\/es\/wp-json\/wp\/v2\/media\/167240"}],"wp:attachment":[{"href":"https:\/\/gpl-love.com\/es\/wp-json\/wp\/v2\/media?parent=130519"}],"wp:term":[{"taxonomy":"product_brand","embeddable":true,"href":"https:\/\/gpl-love.com\/es\/wp-json\/wp\/v2\/product_brand?post=130519"},{"taxonomy":"product_cat","embeddable":true,"href":"https:\/\/gpl-love.com\/es\/wp-json\/wp\/v2\/product_cat?post=130519"},{"taxonomy":"product_tag","embeddable":true,"href":"https:\/\/gpl-love.com\/es\/wp-json\/wp\/v2\/product_tag?post=130519"}],"curies":[{"name":"wp","href":"https:\/\/api.w.org\/{rel}","templated":true}]}}