{"id":130517,"date":"2025-11-10T00:00:00","date_gmt":"2025-11-10T05:00:00","guid":{"rendered":"https:\/\/gpl-love.com\/es\/producto\/learnpress-assignment-addon\/"},"modified":"2026-03-09T07:46:21","modified_gmt":"2026-03-09T12:46:21","slug":"learnpress-assignment-addon","status":"publish","type":"product","link":"https:\/\/gpl-love.com\/es\/producto\/learnpress-assignment-addon\/","title":{"rendered":"LearnPress Assignment Addon 4.1.9"},"content":{"rendered":"<h3>LearnPress Assignment Addon Caracteristicas<\/h3>\n<p>El complemento de tarea LearnPress es una herramienta muy robusta y avanzada que ha sido meticulosamente dise\u00f1ada para ayudar a los educadores y entrenadores a crear y administrar sin esfuerzo las tareas. Este complemento extraordinario, que se integra perfectamente con el notable complemento LearnPress, permite a los usuarios generar y manejar sistem\u00e1ticamente una amplia gama de tipos de asignaci\u00f3n, incluidos, entre otros, ensayos, presentaciones, manchas y una variedad de otras tareas educativas. Mediante el notable complemento de asignaci\u00f3n de LearnPress, a los usuarios se les otorga la notable capacidad de especificar plazos predeterminados, establecer criterios de calificaci\u00f3n meticulosos e incluso seleccionar de una variedad de opciones de retroalimentaci\u00f3n, lo que les permite otorgar a sus estudiantes comentarios altamente personalizados e individualizados. Adem\u00e1s, este complemento extraordinario no solo est\u00e1 equipado con una interfaz excepcionalmente intuitiva y f\u00e1cil de usar, sino que tambi\u00e9n agiliza significativamente el arduo proceso de creaci\u00f3n de tareas, lo que permite a los educadores, independientemente de su destreza t\u00e9cnica, generar y administrar sin esfuerzo las asignaciones sin esfuerzo. Independientemente de si usted es un maestro apasionado, un entrenador experto o incluso una instituci\u00f3n educativa estimada, el complemento de tarea de LearnPress indudablemente emerge como una herramienta indispensable y vital, una que tiene el potencial incomparable para mejorar y elevar su experiencia de ense\u00f1anza general y, en consecuencia. Sus alumnos con un viaje de aprendizaje inmensamente enriquecedor, cautivador y profundamente estimulante.<\/p>\n<ul>\n<li>Proporciona una interfaz f\u00e1cil de usar para crear tareas en LearnPress<\/li>\n<li>Permite la creaci\u00f3n de m\u00faltiples tipos de tareas, incluidos cuestionarios, ensayos y proyectos<\/li>\n<li>Proporciona un sistema de calificaci\u00f3n y permite que se brinden comentarios a los estudiantes.<\/li>\n<li>Incluye configuraciones personalizables, como establecer fechas de vencimiento y l\u00edmites de tiempo para las tareas<\/li>\n<li>Interfaz intuitiva de arrastrar y soltar para organizar y administrar tareas<\/li>\n<li>Compatible con constructores de p\u00e1ginas populares como Elementor y Beaver Builder<\/li>\n<li>Admite m\u00faltiples idiomas<\/li>\n<li>Actualizaciones y soporte regulares proporcionados por el desarrollador.<\/li>\n<\/ul>\n","protected":false},"excerpt":{"rendered":"<p>El complemento de tareas de LearnPress, una herramienta altamente indispensable para educadores y capacitadores que buscan mejorar sus ofertas de cursos, sirve como un software notable que amplifica la funcionalidad del sistema de gesti\u00f3n de aprendizaje LearnPress a trav\u00e9s de la provisi\u00f3n de un sistema de env\u00edo y calificaci\u00f3n de tareas amigable con el usuario. Mediante el complemento de tarea LearnPress, los maestros pueden generar, distribuir y evaluar una extensa gama de tareas, abarcar ensayos escritos, proyectos multimedia y cuestionarios. A los estudiantes, a su vez, se les otorga la oportunidad de presentar de forma segura sus tareas completadas y obtener comentarios personalizados de sus instructores. Adem\u00e1s, el complemento presenta una interfaz directa e intuitiva que facilita la facilidad de uso tanto para los instructores como para los alumnos. \u00a1No pierda el tiempo y adquiera el complemento de tareas de LearnPress hoy para impulsar sus cursos a nuevas alturas de excelencia!<\/p>\n","protected":false},"featured_media":166590,"comment_status":"open","ping_status":"open","template":"","meta":[],"product_brand":[2486],"product_cat":[1214,1206,1211],"product_tag":[2137],"class_list":{"0":"post-130517","1":"product","2":"type-product","3":"status-publish","4":"has-post-thumbnail","6":"product_brand-learnpress","7":"product_cat-personalizacion","8":"product_cat-plugins","9":"product_cat-wordpress-plugins","10":"product_tag-learnpress","11":"member-discount","12":"discount-restricted","14":"first","15":"instock","16":"sale","17":"downloadable","18":"virtual","19":"sold-individually","20":"purchasable","21":"product-type-simple"},"_links":{"self":[{"href":"https:\/\/gpl-love.com\/es\/wp-json\/wp\/v2\/product\/130517","targetHints":{"allow":["GET"]}}],"collection":[{"href":"https:\/\/gpl-love.com\/es\/wp-json\/wp\/v2\/product"}],"about":[{"href":"https:\/\/gpl-love.com\/es\/wp-json\/wp\/v2\/types\/product"}],"replies":[{"embeddable":true,"href":"https:\/\/gpl-love.com\/es\/wp-json\/wp\/v2\/comments?post=130517"}],"wp:featuredmedia":[{"embeddable":true,"href":"https:\/\/gpl-love.com\/es\/wp-json\/wp\/v2\/media\/166590"}],"wp:attachment":[{"href":"https:\/\/gpl-love.com\/es\/wp-json\/wp\/v2\/media?parent=130517"}],"wp:term":[{"taxonomy":"product_brand","embeddable":true,"href":"https:\/\/gpl-love.com\/es\/wp-json\/wp\/v2\/product_brand?post=130517"},{"taxonomy":"product_cat","embeddable":true,"href":"https:\/\/gpl-love.com\/es\/wp-json\/wp\/v2\/product_cat?post=130517"},{"taxonomy":"product_tag","embeddable":true,"href":"https:\/\/gpl-love.com\/es\/wp-json\/wp\/v2\/product_tag?post=130517"}],"curies":[{"name":"wp","href":"https:\/\/api.w.org\/{rel}","templated":true}]}}