{"id":130515,"date":"2024-11-29T00:00:00","date_gmt":"2024-11-29T05:00:00","guid":{"rendered":"https:\/\/gpl-love.com\/es\/producto\/easy-digital-downloads-per-product-notifications\/"},"modified":"2026-03-09T07:29:27","modified_gmt":"2026-03-09T12:29:27","slug":"easy-digital-downloads-per-product-notifications","status":"publish","type":"product","link":"https:\/\/gpl-love.com\/es\/producto\/easy-digital-downloads-per-product-notifications\/","title":{"rendered":"Easy Digital Downloads Per Product Notifications 1.2.5"},"content":{"rendered":"<h3>Easy Digital Downloads Per Product Notifications Caracteristicas<\/h3>\n<p>Las descargas digitales f\u00e1ciles por notificaciones de productos son un complemento absolutamente indispensable que ning\u00fan propietario de la tienda en l\u00ednea puede permitirse si desean monitorear y administrar de manera efectiva y eficiente sus ventas. Este notable complemento le permite la capacidad de recibir notificaciones sin esfuerzo para cada venta de productos, asegurando as\u00ed que se mantenga constantemente al tanto de todos los intrincados matices del rendimiento de su negocio. Este complemento no solo ofrece una interfaz incre\u00edblemente f\u00e1cil de usar que simplifica el proceso de configuraci\u00f3n de notificaciones para cada producto, sino que tambi\u00e9n va m\u00e1s all\u00e1 al proporcionarle la libertad de adaptar estas notificaciones para alinearse perfectamente con sus necesidades y preferencias \u00fanicas. . Adem\u00e1s, este complemento excepcional tambi\u00e9n cuenta con la ventaja adicional de proporcionarle informes meticulosamente detallados de sus ventas, lo que mejora significativamente su capacidad para analizar exhaustivamente el rendimiento de su negocio. En general, es inequ\u00edvocamente evidente que las descargas digitales f\u00e1ciles por notificaciones de productos representan inequ\u00edvocamente una herramienta absolutamente invaluable para cualquier propietario de la tienda en l\u00ednea exigente que aspira a realizar un seguimiento sin problemas de sus ventas y superar sin esfuerzo la competencia.<\/p>\n<ul>\n<li>Al instante le alerta cuando se realiza una compra<\/li>\n<li>Notificaciones personalizables para cada producto<\/li>\n<li>Opci\u00f3n para enviar notificaciones a m\u00faltiples direcciones de correo electr\u00f3nico<\/li>\n<li>Ver detalles del pedido directamente desde la notificaci\u00f3n por correo electr\u00f3nico<\/li>\n<li>Env\u00eda autom\u00e1ticamente notificaciones para reembolsos y cancelaciones<\/li>\n<li>Se integra a la perfecci\u00f3n con la plataforma de descargas digitales f\u00e1ciles<\/li>\n<li>Ahorra tiempo y lo mantiene informado sin verificar el tablero constantemente<\/li>\n<li>Mejora la satisfacci\u00f3n del cliente con notificaciones oportunas y precisas<\/li>\n<\/ul>\n","protected":false},"excerpt":{"rendered":"<p>Las descargas digitales f\u00e1ciles por notificaciones de productos es una herramienta muy valiosa que es absolutamente esencial para los proveedores en l\u00ednea que est\u00e1n decididos a permanecer bien informados y actualizados con respecto a sus actividades de ventas. Este complemento excepcional permite a los usuarios establecer notificaciones personalizadas que se adaptan a productos individuales, lo que garantiza que nunca vuelvan a pasar por alto ninguna venta crucial. La interfaz perfecta y f\u00e1cil de usar de este complemento garantiza que el proceso de configuraci\u00f3n y configuraci\u00f3n de notificaciones para varios productos se realice sin esfuerzo sin ninguna molestia o complicaciones innecesarias. Independientemente de si se dedica a la venta de bienes f\u00edsicos o productos digitales, este notable complemento se puede utilizar de manera efectiva para optimizar y optimizar sus procedimientos de ventas, lo que resulta en una mejora significativa de su rentabilidad general. En consecuencia, si est\u00e1 buscando activamente un m\u00e9todo confiable y confiable para mantenerse continuamente bien versado e informado sobre todas sus ventas en l\u00ednea, es sin duda aconsejable explorar y considerar a fondo las caracter\u00edsticas excepcionales ofrecidas por descargas digitales f\u00e1ciles por notificaciones de productos.<\/p>\n","protected":false},"featured_media":165877,"comment_status":"open","ping_status":"open","template":"","meta":[],"product_brand":[2427],"product_cat":[1207,1248,1206],"product_tag":[1280],"class_list":{"0":"post-130515","1":"product","2":"type-product","3":"status-publish","4":"has-post-thumbnail","6":"product_brand-easy-digital-downloads","7":"product_cat-comercio-electronico-plugins","8":"product_cat-personalizacion-comercio-electronico-plugins","9":"product_cat-plugins","10":"product_tag-easy-digital-downloads","11":"member-discount","12":"discount-restricted","14":"first","15":"instock","16":"sale","17":"downloadable","18":"virtual","19":"sold-individually","20":"purchasable","21":"product-type-simple"},"_links":{"self":[{"href":"https:\/\/gpl-love.com\/es\/wp-json\/wp\/v2\/product\/130515","targetHints":{"allow":["GET"]}}],"collection":[{"href":"https:\/\/gpl-love.com\/es\/wp-json\/wp\/v2\/product"}],"about":[{"href":"https:\/\/gpl-love.com\/es\/wp-json\/wp\/v2\/types\/product"}],"replies":[{"embeddable":true,"href":"https:\/\/gpl-love.com\/es\/wp-json\/wp\/v2\/comments?post=130515"}],"wp:featuredmedia":[{"embeddable":true,"href":"https:\/\/gpl-love.com\/es\/wp-json\/wp\/v2\/media\/165877"}],"wp:attachment":[{"href":"https:\/\/gpl-love.com\/es\/wp-json\/wp\/v2\/media?parent=130515"}],"wp:term":[{"taxonomy":"product_brand","embeddable":true,"href":"https:\/\/gpl-love.com\/es\/wp-json\/wp\/v2\/product_brand?post=130515"},{"taxonomy":"product_cat","embeddable":true,"href":"https:\/\/gpl-love.com\/es\/wp-json\/wp\/v2\/product_cat?post=130515"},{"taxonomy":"product_tag","embeddable":true,"href":"https:\/\/gpl-love.com\/es\/wp-json\/wp\/v2\/product_tag?post=130515"}],"curies":[{"name":"wp","href":"https:\/\/api.w.org\/{rel}","templated":true}]}}