{"id":130513,"date":"2025-11-06T00:00:00","date_gmt":"2025-11-06T05:00:00","guid":{"rendered":"https:\/\/gpl-love.com\/es\/producto\/easy-digital-downloads-paypal-commerce-pro\/"},"modified":"2026-03-09T07:29:20","modified_gmt":"2026-03-09T12:29:20","slug":"easy-digital-downloads-paypal-commerce-pro","status":"publish","type":"product","link":"https:\/\/gpl-love.com\/es\/producto\/easy-digital-downloads-paypal-commerce-pro\/","title":{"rendered":"Easy Digital Downloads PayPal Commerce Pro 1.0.4"},"content":{"rendered":"<h3>Easy Digital Downloads PayPal Commerce Pro Caracteristicas<\/h3>\n<p>Easy Digital Descargas PayPal Commerce Pro es una soluci\u00f3n de comercio electr\u00f3nico altamente excepcional y de primer nivel que se adapta espec\u00edficamente a las empresas que buscan optimizar y optimizar sus procesos de pago. Con su naturaleza digital de vanguardia, este producto sobresaliente ofrece una interfaz incre\u00edblemente f\u00e1cil de usar que se integra perfectamente con PayPal, facilitando y acelerando as\u00ed las transacciones de pago de una manera m\u00e1s eficiente y conveniente. Adem\u00e1s, esta notable soluci\u00f3n est\u00e1 a prop\u00f3sito para satisfacer las necesidades \u00fanicas de los productos digitales, asegurando que los vendedores puedan administrar sin esfuerzo y efectivamente su tienda en l\u00ednea junto con su amplia gama de productos, ventas y datos invaluables del cliente. En particular, las descargas digitales f\u00e1ciles de PayPal Commerce Pro cuenta con una gran cantidad de caracter\u00edsticas impresionantes y notables que incluyen, entre otros, las funcionalidades seguras de procesamiento de pagos, capacidades de informes integrales y profundas, as\u00ed como opciones de pago personalizables que est\u00e1n perfectamente adaptadas a la adaptaci\u00f3n a la medida. Varios y diversos requisitos y preferencias comerciales. Dados todos estos atributos notables, esta soluci\u00f3n de comercio electr\u00f3nico incomparable es absolutamente ideal y adecuado para las empresas que tienen como objetivo proporcionar a sus clientes estimados una experiencia de compra perfecta e incomparable, mientras administra eficientemente su tienda en l\u00ednea sin ninguna forma de problemas o inconvenientes.<\/p>\n<ul>\n<li>Integraci\u00f3n perfecta con PayPal para pagos en l\u00ednea f\u00e1ciles y seguros<\/li>\n<li>Admite m\u00faltiples monedas para transacciones internacionales<\/li>\n<li>Reembolsos autom\u00e1ticos y reembolsos parciales para servicio al cliente sin problemas<\/li>\n<li>Soporte incorporado para pagos recurrentes, planes a plazos y pedidos anticipados<\/li>\n<li>Confirmaci\u00f3n de pago personalizable y correos electr\u00f3nicos de notificaci\u00f3n<\/li>\n<li>Herramientas de protecci\u00f3n de fraude para mantener su negocio seguro<\/li>\n<li>An\u00e1lisis detallado de ventas e informes para monitorear las tendencias de ventas y las ideas<\/li>\n<li>Configuraci\u00f3n y configuraci\u00f3n f\u00e1cil con interfaz f\u00e1cil de usar<\/li>\n<li>Opci\u00f3n para agregar pasarelas de pago adicionales para una mayor flexibilidad<\/li>\n<li>Soporte y documentaci\u00f3n profesional disponible para la resoluci\u00f3n de problemas y asistencia.<\/li>\n<\/ul>\n","protected":false},"excerpt":{"rendered":"<p>Easy Digital Descargas PayPal Commerce Pro es un complemento altamente confiable y robusto que otorga a los usuarios la capacidad perfecta de incorporar sin esfuerzo PayPal Commerce en sus productos digitales. Este complemento notable es particularmente adecuado para los comerciantes que buscan optimizar su proceso de pago al tiempo que proporciona simult\u00e1neamente a su estimada clientela la mayor seguridad en t\u00e9rminos de transacciones de pago. Al emplear descargas digitales f\u00e1ciles de PayPal Commerce Pro, puede supervisar y administrar sin esfuerzo sus listados de productos, monitorear y rastrear efectivamente los pedidos de sus clientes, y optimizar sin esfuerzo las transacciones financieras de su sitio de comercio electr\u00f3nico. Adem\u00e1s, este notable complemento tambi\u00e9n ofrece un paquete de documentaci\u00f3n integral y un sistema de atenci\u00f3n al cliente inquebrantablemente confiable, lo que le hace una opci\u00f3n sin esfuerzo para cualquier persona que anhele maximizar y optimizar sus esfuerzos de ventas en l\u00ednea.<\/p>\n","protected":false},"featured_media":165871,"comment_status":"open","ping_status":"open","template":"","meta":[],"product_brand":[2427],"product_cat":[1207,1426,1206],"product_tag":[1280],"class_list":{"0":"post-130513","1":"product","2":"type-product","3":"status-publish","4":"has-post-thumbnail","6":"product_brand-easy-digital-downloads","7":"product_cat-comercio-electronico-plugins","8":"product_cat-pago-comercio-electronico-plugins","9":"product_cat-plugins","10":"product_tag-easy-digital-downloads","11":"member-discount","12":"discount-restricted","14":"first","15":"instock","16":"sale","17":"downloadable","18":"virtual","19":"sold-individually","20":"purchasable","21":"product-type-simple"},"_links":{"self":[{"href":"https:\/\/gpl-love.com\/es\/wp-json\/wp\/v2\/product\/130513","targetHints":{"allow":["GET"]}}],"collection":[{"href":"https:\/\/gpl-love.com\/es\/wp-json\/wp\/v2\/product"}],"about":[{"href":"https:\/\/gpl-love.com\/es\/wp-json\/wp\/v2\/types\/product"}],"replies":[{"embeddable":true,"href":"https:\/\/gpl-love.com\/es\/wp-json\/wp\/v2\/comments?post=130513"}],"wp:featuredmedia":[{"embeddable":true,"href":"https:\/\/gpl-love.com\/es\/wp-json\/wp\/v2\/media\/165871"}],"wp:attachment":[{"href":"https:\/\/gpl-love.com\/es\/wp-json\/wp\/v2\/media?parent=130513"}],"wp:term":[{"taxonomy":"product_brand","embeddable":true,"href":"https:\/\/gpl-love.com\/es\/wp-json\/wp\/v2\/product_brand?post=130513"},{"taxonomy":"product_cat","embeddable":true,"href":"https:\/\/gpl-love.com\/es\/wp-json\/wp\/v2\/product_cat?post=130513"},{"taxonomy":"product_tag","embeddable":true,"href":"https:\/\/gpl-love.com\/es\/wp-json\/wp\/v2\/product_tag?post=130513"}],"curies":[{"name":"wp","href":"https:\/\/api.w.org\/{rel}","templated":true}]}}