{"id":130511,"date":"2025-12-28T00:00:00","date_gmt":"2025-12-28T05:00:00","guid":{"rendered":"https:\/\/gpl-love.com\/es\/producto\/easy-digital-downloads-checkout-fields-manager\/"},"modified":"2026-03-09T07:28:46","modified_gmt":"2026-03-09T12:28:46","slug":"easy-digital-downloads-checkout-fields-manager","status":"publish","type":"product","link":"https:\/\/gpl-love.com\/es\/producto\/easy-digital-downloads-checkout-fields-manager\/","title":{"rendered":"Easy Digital Downloads Checkout Fields Manager 2.3.0"},"content":{"rendered":"<h3>Easy Digital Downloads Checkout Fields Manager Caracteristicas<\/h3>\n<p>El Gerente de Fields Fields Fields Fields Fields de F\u00e1cil es una herramienta incre\u00edblemente indispensable e invaluable que es absolutamente necesaria tanto para las empresas como para las personas que buscan optimizar y optimizar su proceso de pago. Este complemento excepcional le otorga la asombrosa capacidad de adaptar sin esfuerzo y sin problemas la p\u00e1gina de pago de tal manera que abarca y abarca campos que no solo son pertinentes sino tambi\u00e9n muy significativos y relevantes para sus necesidades comerciales espec\u00edficas y \u00fanicas. En consecuencia, esto implica que posee la capacidad fenomenal para acumular y recopilar toda la informaci\u00f3n obligatoria y requerida de sus estimados clientes y valiosos clientes sin someterlos o someterlos a la ardua y laboriosa tarea de navegar a trav\u00e9s de una multitud y una gran cantidad de p\u00e1ginas. Adem\u00e1s, este complemento extraordinario y excepcional cuenta con una interfaz sumamente f\u00e1cil de usar e intuitiva que est\u00e1 expresamente dise\u00f1ada y creada para facilitar y acelerar el proceso de configuraci\u00f3n y administraci\u00f3n de campos. Adem\u00e1s, es crucial tener en cuenta que este complemento tambi\u00e9n es totalmente compatible e interoperable con una variedad de pasarelas de pago extensa y diversa, lo que le convierte en una selecci\u00f3n verdadera y \u00f3ptima para empresas de todos los tama\u00f1os, independientemente de su alcance y magnitud. Al aprovechar y aprovechar el notable potencial y capacidades del gerente de campos de pago de descargas digitales f\u00e1ciles, puede efectuar y promulgar un cambio transformador y revolucionario dentro del proceso de pago, elevando as\u00ed y mejorando la experiencia general y general de los clientes a alturas sin igual y sin igual. .<\/p>\n<ul>\n<li>Personalizar sin esfuerzo campos de pago para su tienda f\u00e1cil de descargas digitales<\/li>\n<li>Agregar, eliminar o editar campos con solo unos pocos clics<\/li>\n<li>Optimizar el proceso de pago para sus necesidades comerciales espec\u00edficas<\/li>\n<li>Cree campos personalizados para recopilar informaci\u00f3n adicional al cliente<\/li>\n<li>Integre con las pasarelas de pago populares para una experiencia de usuario perfecta<\/li>\n<li>Aumentar las tasas de conversi\u00f3n al racionalizar el proceso de pago<\/li>\n<li>Disfrute del dise\u00f1o totalmente receptivo para facilitar el acceso en cualquier dispositivo<\/li>\n<li>Ver datos en tiempo real sobre el uso del campo de pago y el comportamiento del cliente<\/li>\n<li>Acceda a documentaci\u00f3n y soporte \u00fatil para maximizar las capacidades del complemento<\/li>\n<li>Asegure el cumplimiento de las regulaciones de privacidad de datos administrando los datos del cliente con facilidad.<\/li>\n<\/ul>\n","protected":false},"excerpt":{"rendered":"<p>Experimente un nuevo nivel de conveniencia con nuestros f\u00e1ciles descargas digitales de pago Manager. Esta herramienta est\u00e1 dise\u00f1ada para proporcionarle un proceso de pago perfecto y eficiente, lo que hace que las transacciones en l\u00ednea sean r\u00e1pidas y f\u00e1ciles. El Gerente de Fields de Chields le permitir\u00e1 personalizar sus campos de pago en funci\u00f3n de las necesidades de su negocio, optimizando la experiencia de compra de sus clientes. Admite varios tipos de campos, incluidos texto, selecci\u00f3n, casilla de verificaci\u00f3n y fecha, proporcionando flexibilidad y adaptabilidad. Con su interfaz f\u00e1cil de usar, administrar y organizar sus campos de pago se vuelve muy f\u00e1cil. Adem\u00e1s, es totalmente compatible con descargas digitales f\u00e1ciles, asegurando una integraci\u00f3n sin problemas. Mejore su proceso de pago, fomente la satisfacci\u00f3n del cliente y aumente sus ventas con nuestros f\u00e1ciles descargas digitales de pago Gerente de campos.<\/p>\n","protected":false},"featured_media":165844,"comment_status":"open","ping_status":"open","template":"","meta":[],"product_brand":[2427],"product_cat":[1207,1248,1206],"product_tag":[1280],"class_list":{"0":"post-130511","1":"product","2":"type-product","3":"status-publish","4":"has-post-thumbnail","6":"product_brand-easy-digital-downloads","7":"product_cat-comercio-electronico-plugins","8":"product_cat-personalizacion-comercio-electronico-plugins","9":"product_cat-plugins","10":"product_tag-easy-digital-downloads","11":"member-discount","12":"discount-restricted","14":"first","15":"instock","16":"sale","17":"downloadable","18":"virtual","19":"sold-individually","20":"purchasable","21":"product-type-simple"},"_links":{"self":[{"href":"https:\/\/gpl-love.com\/es\/wp-json\/wp\/v2\/product\/130511","targetHints":{"allow":["GET"]}}],"collection":[{"href":"https:\/\/gpl-love.com\/es\/wp-json\/wp\/v2\/product"}],"about":[{"href":"https:\/\/gpl-love.com\/es\/wp-json\/wp\/v2\/types\/product"}],"replies":[{"embeddable":true,"href":"https:\/\/gpl-love.com\/es\/wp-json\/wp\/v2\/comments?post=130511"}],"wp:featuredmedia":[{"embeddable":true,"href":"https:\/\/gpl-love.com\/es\/wp-json\/wp\/v2\/media\/165844"}],"wp:attachment":[{"href":"https:\/\/gpl-love.com\/es\/wp-json\/wp\/v2\/media?parent=130511"}],"wp:term":[{"taxonomy":"product_brand","embeddable":true,"href":"https:\/\/gpl-love.com\/es\/wp-json\/wp\/v2\/product_brand?post=130511"},{"taxonomy":"product_cat","embeddable":true,"href":"https:\/\/gpl-love.com\/es\/wp-json\/wp\/v2\/product_cat?post=130511"},{"taxonomy":"product_tag","embeddable":true,"href":"https:\/\/gpl-love.com\/es\/wp-json\/wp\/v2\/product_tag?post=130511"}],"curies":[{"name":"wp","href":"https:\/\/api.w.org\/{rel}","templated":true}]}}