{"id":130509,"date":"2022-09-04T00:00:00","date_gmt":"2022-09-04T05:00:00","guid":{"rendered":"https:\/\/gpl-love.com\/es\/producto\/easy-digital-downloads-campaign-tracker\/"},"modified":"2026-03-09T07:28:44","modified_gmt":"2026-03-09T12:28:44","slug":"easy-digital-downloads-campaign-tracker","status":"publish","type":"product","link":"https:\/\/gpl-love.com\/es\/producto\/easy-digital-downloads-campaign-tracker\/","title":{"rendered":"Easy Digital Downloads Campaign Tracker 1.0.2"},"content":{"rendered":"<h3>Easy Digital Downloads Campaign Tracker Caracteristicas<\/h3>\n<p>El rastreador de campa\u00f1a de descargas digitales f\u00e1ciles es una herramienta altamente eficiente y efectiva, dise\u00f1ada espec\u00edficamente para ayudar a las empresas en el seguimiento y el monitoreo de sus campa\u00f1as, as\u00ed como el rendimiento general de sus productos. A trav\u00e9s de la utilizaci\u00f3n de esta invaluable plataforma digital, las empresas est\u00e1n facultadas con la capacidad de analizar meticulosamente los datos y, posteriormente, tomar decisiones bien informadas que poseen la capacidad de mejorar sustancialmente sus cifras de ventas y la generaci\u00f3n general de ingresos. Adem\u00e1s, esta notable herramienta ofrece sin problemas actualizaciones en tiempo real y ideas invaluables relacionadas con el rendimiento del producto, lo que permite a las empresas optimizar h\u00e1bilmente sus campa\u00f1as y enfocar sus esfuerzos en el p\u00fablico objetivo apropiado. Adem\u00e1s, simplifica efectivamente el proceso intrincado de seguimiento de campa\u00f1as al tiempo que minimiza dr\u00e1sticamente el tiempo y el esfuerzo requeridos para mantener y administrar las campa\u00f1as de manera efectiva. Por \u00faltimo, debe tenerse en cuenta que el rastreador de campa\u00f1a de descargas digitales f\u00e1ciles representa una soluci\u00f3n altamente rentable que no solo impulsa con \u00e9xito a las empresas hacia mayores logros de ventas, sino que tambi\u00e9n fomenta un crecimiento significativo dentro de sus respectivas industrias.<\/p>\n<ul>\n<li>Rastree sus f\u00e1ciles campa\u00f1as de ventas de descargas digitales con facilidad<\/li>\n<li>Genere informes detallados sobre el rendimiento de su campa\u00f1a<\/li>\n<li>Monitoree las tasas de ingresos y conversi\u00f3n de su campa\u00f1a en tiempo real<\/li>\n<li>Identificar qu\u00e9 campa\u00f1as est\u00e1n impulsando la mayor cantidad de ventas para su negocio<\/li>\n<li>Obtenga informaci\u00f3n sobre qu\u00e9 productos se desempe\u00f1an bien en cada campa\u00f1a.<\/li>\n<li>Analizar el impacto de las ofertas y descuentos promocionales en el rendimiento de la campa\u00f1a<\/li>\n<li>Acceda a una gama de configuraciones personalizables para adaptar el rastreador a sus necesidades<\/li>\n<li>Beneficiarse de una interfaz f\u00e1cil de usar que sea f\u00e1cil de navegar y usar<\/li>\n<li>Genere informaci\u00f3n procesable que pueda ayudarlo a optimizar su estrategia de ventas<\/li>\n<li>Compatible con una gama de diferentes extensiones de descargas digitales f\u00e1ciles y complementos<\/li>\n<li>Dise\u00f1ado para ser f\u00e1cil de instalar y configurar, por lo que puede comenzar a rastrear sus campa\u00f1as de manera r\u00e1pida y f\u00e1cil.<\/li>\n<\/ul>\n","protected":false},"excerpt":{"rendered":"<p>Presentaci\u00f3n de nuestro f\u00e1cil rastreador de campa\u00f1a de descargas digitales: una herramienta din\u00e1mica y f\u00e1cil de usar dise\u00f1ada para expeditar y simplificar su proceso de seguimiento. Con esta plataforma robusta, puede monitorear sin esfuerzo el rendimiento de sus campa\u00f1as de marketing digital. Esta soluci\u00f3n integral le permite realizar un seguimiento de sus descargas, asegurando que todo su contenido digital est\u00e9 alcanzando efectivamente a su p\u00fablico objetivo. El rastreador de campa\u00f1a ofrece informaci\u00f3n y an\u00e1lisis en tiempo real, lo que hace que sea m\u00e1s f\u00e1cil que nunca optimizar sus estrategias de marketing. Ya sea que sea propietario de una peque\u00f1a empresa o un profesional de marketing, esta herramienta est\u00e1 dise\u00f1ada para satisfacer sus necesidades. El rastreador de campa\u00f1a es m\u00e1s que una herramienta: es un socio estrat\u00e9gico que lo ayuda a maximizar sus esfuerzos de marketing digital.<\/p>\n","protected":false},"featured_media":165842,"comment_status":"open","ping_status":"open","template":"","meta":[],"product_brand":[2427],"product_cat":[1207,1225,1206],"product_tag":[1280],"class_list":{"0":"post-130509","1":"product","2":"type-product","3":"status-publish","4":"has-post-thumbnail","6":"product_brand-easy-digital-downloads","7":"product_cat-comercio-electronico-plugins","8":"product_cat-marketing","9":"product_cat-plugins","10":"product_tag-easy-digital-downloads","11":"member-discount","12":"discount-restricted","14":"first","15":"instock","16":"sale","17":"downloadable","18":"virtual","19":"sold-individually","20":"purchasable","21":"product-type-simple"},"_links":{"self":[{"href":"https:\/\/gpl-love.com\/es\/wp-json\/wp\/v2\/product\/130509","targetHints":{"allow":["GET"]}}],"collection":[{"href":"https:\/\/gpl-love.com\/es\/wp-json\/wp\/v2\/product"}],"about":[{"href":"https:\/\/gpl-love.com\/es\/wp-json\/wp\/v2\/types\/product"}],"replies":[{"embeddable":true,"href":"https:\/\/gpl-love.com\/es\/wp-json\/wp\/v2\/comments?post=130509"}],"wp:featuredmedia":[{"embeddable":true,"href":"https:\/\/gpl-love.com\/es\/wp-json\/wp\/v2\/media\/165842"}],"wp:attachment":[{"href":"https:\/\/gpl-love.com\/es\/wp-json\/wp\/v2\/media?parent=130509"}],"wp:term":[{"taxonomy":"product_brand","embeddable":true,"href":"https:\/\/gpl-love.com\/es\/wp-json\/wp\/v2\/product_brand?post=130509"},{"taxonomy":"product_cat","embeddable":true,"href":"https:\/\/gpl-love.com\/es\/wp-json\/wp\/v2\/product_cat?post=130509"},{"taxonomy":"product_tag","embeddable":true,"href":"https:\/\/gpl-love.com\/es\/wp-json\/wp\/v2\/product_tag?post=130509"}],"curies":[{"name":"wp","href":"https:\/\/api.w.org\/{rel}","templated":true}]}}