{"id":130507,"date":"2025-11-06T00:00:00","date_gmt":"2025-11-06T05:00:00","guid":{"rendered":"https:\/\/gpl-love.com\/es\/producto\/easy-digital-downloads-advanced-reports\/"},"modified":"2026-03-09T07:28:35","modified_gmt":"2026-03-09T12:28:35","slug":"easy-digital-downloads-advanced-reports","status":"publish","type":"product","link":"https:\/\/gpl-love.com\/es\/producto\/easy-digital-downloads-advanced-reports\/","title":{"rendered":"Easy Digital Downloads Advanced Reports 1.0.4"},"content":{"rendered":"<h3>Easy Digital Downloads Advanced Reports Caracteristicas<\/h3>\n<p>Easy Digital Descargas Advanced Reports es una herramienta de an\u00e1lisis altamente sofisticada y que lo abarca todo que ha sido dise\u00f1ada meticulosamente para ofrecer a los usuarios un nivel incomparable de informaci\u00f3n intrincada y profunda sobre sus datos de ventas digitales. Este notable complemento faculta a los usuarios monitorear y analizar las m\u00e9tricas fundamentales, incluidas, entre otros, los ingresos, el rendimiento del producto y el comportamiento del cliente, entre otras personas. La interfaz intuitivamente dise\u00f1ada facilita a\u00fan m\u00e1s la personalizaci\u00f3n perfecta de informes y visualizaciones de datos, lo que brinda a los usuarios la oportunidad \u00fanica de identificar r\u00e1pidamente las tendencias emergentes y posteriormente emitir decisiones bien informadas. Al aprovechar las notables capacidades de los informes avanzados f\u00e1ciles de descargas digitales, los usuarios pueden catapultar de manera efectiva a sus empresas de ventas digitales a alturas de \u00e9xito sin precedentes al aprovechar astutamente las ideas invaluables y optimizar sus estrategias para lograr niveles incomparables de rentabilidad.<\/p>\n<ul>\n<li>An\u00e1lisis completo de datos de ventas<\/li>\n<li>Acceso en tiempo real a m\u00e9tricas importantes<\/li>\n<li>Informes personalizables para ideas espec\u00edficas<\/li>\n<li>Programaci\u00f3n y automatizaci\u00f3n de la generaci\u00f3n de informes<\/li>\n<li>Capacidades de desglose para ver los datos por producto, cliente y m\u00e1s<\/li>\n<li>Integraci\u00f3n con pasarelas y plataformas de pago populares<\/li>\n<li>Datos exportables en varios formatos para un an\u00e1lisis posterior<\/li>\n<li>Panel de control para el usuario para la representaci\u00f3n visual de los datos<\/li>\n<li>Vistas y filtros personalizables<\/li>\n<li>Excelente soporte al cliente y documentaci\u00f3n<\/li>\n<\/ul>\n","protected":false},"excerpt":{"rendered":"<p>Experimente el poder de los datos con descargas digitales f\u00e1ciles de informes avanzados. Esta herramienta din\u00e1mica y f\u00e1cil de usar le permite generar informes completos para rastrear sus ventas digitales y crecimiento comercial. Con sus caracter\u00edsticas avanzadas, puede personalizar los informes sin esfuerzo, monitorear las tendencias de ventas, identificar productos de mayor venta y obtener informaci\u00f3n profunda sobre el comportamiento de su cliente. Ya sea que sea un propietario de una peque\u00f1a empresa o un emprendedor experimentado, los informes avanzados f\u00e1ciles de descargas digitales son una adici\u00f3n valiosa a su conjunto de herramientas digitales. Viene equipado con medidas de seguridad s\u00f3lidas, asegurando que sus datos permanezcan protegidos siempre. Con esta herramienta, no solo tendr\u00e1 acceso a ideas valiosas, sino tambi\u00e9n a la capacidad de tomar decisiones informadas que impulsen el \u00e9xito comercial. Aproveche el poder de los datos hoy con descargas digitales f\u00e1ciles de informes avanzados.<\/p>\n","protected":false},"featured_media":165836,"comment_status":"open","ping_status":"open","template":"","meta":[],"product_brand":[2427],"product_cat":[1208,1207,1206],"product_tag":[1280],"class_list":{"0":"post-130507","1":"product","2":"type-product","3":"status-publish","4":"has-post-thumbnail","6":"product_brand-easy-digital-downloads","7":"product_cat-administracion","8":"product_cat-comercio-electronico-plugins","9":"product_cat-plugins","10":"product_tag-easy-digital-downloads","11":"member-discount","12":"discount-restricted","14":"first","15":"instock","16":"sale","17":"downloadable","18":"virtual","19":"sold-individually","20":"purchasable","21":"product-type-simple"},"_links":{"self":[{"href":"https:\/\/gpl-love.com\/es\/wp-json\/wp\/v2\/product\/130507","targetHints":{"allow":["GET"]}}],"collection":[{"href":"https:\/\/gpl-love.com\/es\/wp-json\/wp\/v2\/product"}],"about":[{"href":"https:\/\/gpl-love.com\/es\/wp-json\/wp\/v2\/types\/product"}],"replies":[{"embeddable":true,"href":"https:\/\/gpl-love.com\/es\/wp-json\/wp\/v2\/comments?post=130507"}],"wp:featuredmedia":[{"embeddable":true,"href":"https:\/\/gpl-love.com\/es\/wp-json\/wp\/v2\/media\/165836"}],"wp:attachment":[{"href":"https:\/\/gpl-love.com\/es\/wp-json\/wp\/v2\/media?parent=130507"}],"wp:term":[{"taxonomy":"product_brand","embeddable":true,"href":"https:\/\/gpl-love.com\/es\/wp-json\/wp\/v2\/product_brand?post=130507"},{"taxonomy":"product_cat","embeddable":true,"href":"https:\/\/gpl-love.com\/es\/wp-json\/wp\/v2\/product_cat?post=130507"},{"taxonomy":"product_tag","embeddable":true,"href":"https:\/\/gpl-love.com\/es\/wp-json\/wp\/v2\/product_tag?post=130507"}],"curies":[{"name":"wp","href":"https:\/\/api.w.org\/{rel}","templated":true}]}}