{"id":130505,"date":"2023-01-17T00:00:00","date_gmt":"2023-01-17T05:00:00","guid":{"rendered":"https:\/\/gpl-love.com\/es\/producto\/css-igniter-projektor\/"},"modified":"2026-03-13T17:18:43","modified_gmt":"2026-03-13T22:18:43","slug":"css-igniter-projektor","status":"publish","type":"product","link":"https:\/\/gpl-love.com\/es\/producto\/css-igniter-projektor\/","title":{"rendered":"CSS Igniter Projektor 1.0.2"},"content":{"rendered":"<h3>CSS Igniter Projektor Caracteristicas<\/h3>\n<p>CSS Igniter Projektor es un tema de WordPress incre\u00edblemente robusto y vers\u00e1til que posee la capacidad de crear sitios web visualmente cautivadores en una multitud de industrias. Con un dise\u00f1o elegante y contempor\u00e1neo, ofrece sin esfuerzo una experiencia de usuario profesional y atractiva para todos los visitantes. Dentro de este tema se encuentra una amplia gama de opciones personalizables, que van desde esquemas de color cautivadoras hasta fuentes exquisitas y configuraciones de dise\u00f1o impecable. Esto permite a los usuarios forjar un sitio web verdaderamente \u00fanico que refleje impecablemente su identidad de marca. Adem\u00e1s, CSS Igniter Projektor exhibe una capacidad de respuesta completa y un compromiso inquebrantable con la optimizaci\u00f3n de motores de b\u00fasqueda, garantizando que el sitio web exude constantemente excelencia en todos los dispositivos y asegurar\u00e1 una posici\u00f3n destacada en las p\u00e1ginas de resultados del motor de b\u00fasqueda. Adem\u00e1s, navegar y aprovechar el poder de CSS Igniter Projektor es una experiencia perfecta, ya que se acompa\u00f1a de una documentaci\u00f3n completamente integral y un apoyo inquebrantable. Como era de esperar, esta oferta excepcional ha aumentado r\u00e1pidamente en popularidad entre empresas e individuos por igual.<\/p>\n<ul>\n<li>Un tema de WordPress poderoso y vers\u00e1til para crear sitios web hermosos y modernos<\/li>\n<li>Dise\u00f1o totalmente receptivo para una visualizaci\u00f3n \u00f3ptima en escritorio, tabletas y dispositivos m\u00f3viles<\/li>\n<li>Opciones de personalizaci\u00f3n extensas, lo que le permite personalizar su sitio a su gusto<\/li>\n<li>Incluye plantillas y dise\u00f1os predise\u00f1ados para una f\u00e1cil creaci\u00f3n de sitios<\/li>\n<li>Construido con la experiencia del usuario en mente, haciendo que la navegaci\u00f3n y el consumo de contenido sean intuitivos para los visitantes<\/li>\n<li>Presenta un dise\u00f1o limpio y minimalista, lo que permite que su contenido tome el centro del escenario<\/li>\n<li>Construido sobre una base s\u00f3lida de CSS y HTML5, asegurando tiempos de carga r\u00e1pidos y un rendimiento \u00f3ptimo<\/li>\n<li>Compatible con complementos populares de WordPress para una funcionalidad y caracter\u00edsticas adicionales<\/li>\n<li>SEO optimizado para una mayor clasificaci\u00f3n de motores de b\u00fasqueda y un mayor tr\u00e1fico a su sitio<\/li>\n<li>Actualizaciones regulares y soporte del equipo CSS Igniter para garantizar la funcionalidad y compatibilidad continuas.<\/li>\n<\/ul>\n","protected":false},"excerpt":{"rendered":"<p>Experimente el poder del dise\u00f1o web de primer nivel con el CSS Igniter Projektor. Esta poderosa herramienta es perfecta para desarrolladores web, dise\u00f1adores y cualquier persona que quiera crear un sitio web atractivo y altamente funcional. El Projektor est\u00e1 dise\u00f1ado con CSS Igniter, una tienda tem\u00e1tica de WordPress premium conocida por sus temas robustos y elegantes. Con esta herramienta, puede encender su creatividad sin esfuerzo y dar vida a sus ideas de dise\u00f1o web.<\/p>\n<p>El Projektor proporciona una variedad de caracter\u00edsticas impresionantes. Est\u00e1 equipado con widgets personalizados que puede adaptar a su gusto, asegurando que su sitio web refleje su estilo personal o marca comercial. Tambi\u00e9n es compatible con WooCommerce, lo que le permite convertir su sitio web en una plataforma de comercio electr\u00f3nico totalmente en funcionamiento. Adem\u00e1s, el Projektor tiene un dise\u00f1o receptivo que garantiza que su sitio web se ver\u00e1 incre\u00edble en cualquier dispositivo, desde escritorios hasta tel\u00e9fonos inteligentes.<\/p>\n<p>El CSS Igniter Projektor tambi\u00e9n est\u00e1 listo. Apoya una variedad de idiomas, lo que lo hace ideal para empresas que buscan llegar a una audiencia global. Es SEO<\/p>\n","protected":false},"featured_media":165721,"comment_status":"open","ping_status":"open","template":"","meta":[],"product_brand":[2403],"product_cat":[1307,1237,1238],"product_tag":[2134],"class_list":{"0":"post-130505","1":"product","2":"type-product","3":"status-publish","4":"has-post-thumbnail","6":"product_brand-css-igniter","7":"product_cat-negocio-wordpress-temas","8":"product_cat-temas","9":"product_cat-wordpress-temas","10":"product_tag-css-igniter","11":"member-discount","12":"discount-restricted","14":"first","15":"instock","16":"sale","17":"downloadable","18":"virtual","19":"sold-individually","20":"purchasable","21":"product-type-simple"},"_links":{"self":[{"href":"https:\/\/gpl-love.com\/es\/wp-json\/wp\/v2\/product\/130505","targetHints":{"allow":["GET"]}}],"collection":[{"href":"https:\/\/gpl-love.com\/es\/wp-json\/wp\/v2\/product"}],"about":[{"href":"https:\/\/gpl-love.com\/es\/wp-json\/wp\/v2\/types\/product"}],"replies":[{"embeddable":true,"href":"https:\/\/gpl-love.com\/es\/wp-json\/wp\/v2\/comments?post=130505"}],"wp:featuredmedia":[{"embeddable":true,"href":"https:\/\/gpl-love.com\/es\/wp-json\/wp\/v2\/media\/165721"}],"wp:attachment":[{"href":"https:\/\/gpl-love.com\/es\/wp-json\/wp\/v2\/media?parent=130505"}],"wp:term":[{"taxonomy":"product_brand","embeddable":true,"href":"https:\/\/gpl-love.com\/es\/wp-json\/wp\/v2\/product_brand?post=130505"},{"taxonomy":"product_cat","embeddable":true,"href":"https:\/\/gpl-love.com\/es\/wp-json\/wp\/v2\/product_cat?post=130505"},{"taxonomy":"product_tag","embeddable":true,"href":"https:\/\/gpl-love.com\/es\/wp-json\/wp\/v2\/product_tag?post=130505"}],"curies":[{"name":"wp","href":"https:\/\/api.w.org\/{rel}","templated":true}]}}