{"id":130503,"date":"2023-09-15T00:00:00","date_gmt":"2023-09-15T05:00:00","guid":{"rendered":"https:\/\/gpl-love.com\/es\/producto\/css-igniter-prayer\/"},"modified":"2026-03-13T17:18:42","modified_gmt":"2026-03-13T22:18:42","slug":"css-igniter-prayer","status":"publish","type":"product","link":"https:\/\/gpl-love.com\/es\/producto\/css-igniter-prayer\/","title":{"rendered":"CSS Igniter Prayer 1.1.1"},"content":{"rendered":"<h3>CSS Igniter Prayer Caracteristicas<\/h3>\n<p>La oraci\u00f3n CSS Igniter es un tema de WordPress excepcionalmente de alta calidad que ha sido meticulosamente elaborado para la utilizaci\u00f3n de iglesias y organizaciones religiosas. Su dise\u00f1o no solo es limpio sino moderno, lo que permite un medio incre\u00edblemente \u00fanico y totalmente personalizable a trav\u00e9s del cual presentar y expresar sus creencias al tiempo que fomentan una conexi\u00f3n m\u00e1s profunda con su audiencia. En particular, este tema se ha optimizado por expertos para ser completamente receptivo, garantizando as\u00ed una experiencia de navegaci\u00f3n perfecta para todos los visitantes, independientemente del dispositivo espec\u00edfico que puedan estar utilizando para acceder a su sitio web. Adem\u00e1s, la oraci\u00f3n CSS Igniter cuenta con una variedad de caracter\u00edsticas inmensamente beneficiosas, que incluyen, entre otros, un panel de administraci\u00f3n impresionantemente poderoso, una colecci\u00f3n de widgets personalizados y una variedad de plantillas de p\u00e1gina distintas. En consecuencia, al utilizar la oraci\u00f3n de CSS Igniter, se le brindar\u00e1 la invaluable oportunidad de construir sin esfuerzo un sitio web que refleje de todo coraz\u00f3n los principios principales de sus valores religiosos y comunique fielmente la misi\u00f3n m\u00e1s amplia de su organizaci\u00f3n.<\/p>\n<ul>\n<li>Un tema de WordPress altamente personalizable dise\u00f1ado para sitios web religiosos y espirituales<\/li>\n<li>Cuenta con una interfaz f\u00e1cil de usar y una variedad de dise\u00f1os y dise\u00f1os prefabricados<\/li>\n<li>Viene con un formulario de solicitud de oraci\u00f3n para permitir a los usuarios enviar sus oraciones e intenciones<\/li>\n<li>Incluye integraci\u00f3n de redes sociales incorporadas para compartir f\u00e1cilmente el contenido<\/li>\n<li>Ofrece un dise\u00f1o receptivo para una visualizaci\u00f3n \u00f3ptima en cualquier dispositivo<\/li>\n<li>Totalmente compatible con complementos populares de WordPress como WooCommerce y complementos de formulario de contacto<\/li>\n<li>Opci\u00f3n para agregar im\u00e1genes y colores de fondo personalizados para crear una apariencia \u00fanica para su sitio web<\/li>\n<li>Incluye un poderoso panel de opciones de temas para una f\u00e1cil personalizaci\u00f3n de varios elementos, incluidas las fuentes, los colores y el dise\u00f1o.<\/li>\n<li>Proporciona acceso a apoyo experto para cualquier pregunta t\u00e9cnica o asistencia con la personalizaci\u00f3n.<\/li>\n<li>Ofrece importaci\u00f3n de demostraci\u00f3n con un solo clic para una configuraci\u00f3n r\u00e1pida y f\u00e1cil de su sitio web.<\/li>\n<\/ul>\n","protected":false},"excerpt":{"rendered":"<p>La oraci\u00f3n CSS Igniter es un tema \u00fanico y vers\u00e1til dise\u00f1ado para comunidades religiosas, iglesias y organizaciones sin fines de lucro. Es totalmente personalizable y receptivo, lo que le permite crear una plataforma f\u00e1cil de usar que se vea muy bien en cualquier dispositivo. Este tema ofrece un poderoso sistema de gesti\u00f3n de sermones, lo que le permite cargar y organizar los sermones de su iglesia de una manera accesible y atractiva. Tambi\u00e9n cuenta con un sistema de gesti\u00f3n de eventos incorporado, que le permite programar y promover los pr\u00f3ximos eventos con facilidad. La oraci\u00f3n CSS Igniter tambi\u00e9n es compatible con el complemento de donaciones Give, lo que facilita que su congregaci\u00f3n o comunidad contribuya y apoye su misi\u00f3n. A trav\u00e9s de su dise\u00f1o limpio e interfaz intuitiva, este tema hace que sea f\u00e1cil crear un sitio web que realmente refleje el esp\u00edritu y los valores de su iglesia u organizaci\u00f3n.<\/p>\n","protected":false},"featured_media":165720,"comment_status":"open","ping_status":"open","template":"","meta":[],"product_brand":[2403],"product_cat":[1267,1237,1238],"product_tag":[2134],"class_list":{"0":"post-130503","1":"product","2":"type-product","3":"status-publish","4":"has-post-thumbnail","6":"product_brand-css-igniter","7":"product_cat-creativo","8":"product_cat-temas","9":"product_cat-wordpress-temas","10":"product_tag-css-igniter","11":"member-discount","12":"discount-restricted","14":"first","15":"instock","16":"sale","17":"downloadable","18":"virtual","19":"sold-individually","20":"purchasable","21":"product-type-simple"},"_links":{"self":[{"href":"https:\/\/gpl-love.com\/es\/wp-json\/wp\/v2\/product\/130503","targetHints":{"allow":["GET"]}}],"collection":[{"href":"https:\/\/gpl-love.com\/es\/wp-json\/wp\/v2\/product"}],"about":[{"href":"https:\/\/gpl-love.com\/es\/wp-json\/wp\/v2\/types\/product"}],"replies":[{"embeddable":true,"href":"https:\/\/gpl-love.com\/es\/wp-json\/wp\/v2\/comments?post=130503"}],"wp:featuredmedia":[{"embeddable":true,"href":"https:\/\/gpl-love.com\/es\/wp-json\/wp\/v2\/media\/165720"}],"wp:attachment":[{"href":"https:\/\/gpl-love.com\/es\/wp-json\/wp\/v2\/media?parent=130503"}],"wp:term":[{"taxonomy":"product_brand","embeddable":true,"href":"https:\/\/gpl-love.com\/es\/wp-json\/wp\/v2\/product_brand?post=130503"},{"taxonomy":"product_cat","embeddable":true,"href":"https:\/\/gpl-love.com\/es\/wp-json\/wp\/v2\/product_cat?post=130503"},{"taxonomy":"product_tag","embeddable":true,"href":"https:\/\/gpl-love.com\/es\/wp-json\/wp\/v2\/product_tag?post=130503"}],"curies":[{"name":"wp","href":"https:\/\/api.w.org\/{rel}","templated":true}]}}