{"id":130501,"date":"2025-09-19T00:00:00","date_gmt":"2025-09-19T05:00:00","guid":{"rendered":"https:\/\/gpl-love.com\/es\/producto\/css-igniter-oikia\/"},"modified":"2026-03-13T17:18:35","modified_gmt":"2026-03-13T22:18:35","slug":"css-igniter-oikia","status":"publish","type":"product","link":"https:\/\/gpl-love.com\/es\/producto\/css-igniter-oikia\/","title":{"rendered":"CSS Igniter Oikia 1.0.6"},"content":{"rendered":"<h3>CSS Igniter Oikia Caracteristicas<\/h3>\n<p>CSS Igniter Oikia es un tema de WordPress altamente vers\u00e1til y excepcionalmente moderno que es perfectamente adecuado para la creaci\u00f3n de una presencia en l\u00ednea formidable y de alta calidad para profesionales estimados en los campos del dise\u00f1o de interiores, la arquitectura o las agencias inmobiliarias. Abrazando una est\u00e9tica pr\u00edstina y contempor\u00e1nea, Oikia otorga a sus usuarios una interfaz perfecta y sin esfuerzo navegable que puede personalizarse completamente para alinearse armoniosamente con la identidad \u00fanica y distinta de su marca. Ofreciendo una multitud de plantillas de p\u00e1gina predise\u00f1adas, incluidas, entre otros, la p\u00e1gina de inicio, sobre nosotros, servicios, cartera y p\u00e1ginas de contacto, Oikia le brinda la flexibilidad de adaptar cada secci\u00f3n para cumplir con sus requisitos espec\u00edficos e individualistas. Adem\u00e1s, la adaptabilidad innata de Oikia garantiza que su sitio web aparecer\u00e1 visualmente cautivador y funcionar\u00e1 impecablemente en una amplia gama de dispositivos, que abarcan escritorios, computadoras port\u00e1tiles, tabletas y tel\u00e9fonos inteligentes, maximizando as\u00ed su potencial alcance e impacto. Como una ventaja adicional, este tema notable se ha optimizado meticulosamente para los motores de b\u00fasqueda, asegurando as\u00ed que sus posibles clientes puedan localizar e interactuar sin esfuerzo con su sitio web. En resumen, CSS Igniter Oikia, sin duda, se erige como una opci\u00f3n ejemplar para cualquier individuo exigente que busque construir un sitio web superlativo y pulido con su dise\u00f1o interior, arquitectura o empresas inmobiliarias.<\/p>\n<ul>\n<li>Un tema premium de WordPress dise\u00f1ado para sitios web de bienes ra\u00edces<\/li>\n<li>Equipado con una p\u00e1gina de inicio personalizable, plantillas de m\u00faltiples p\u00e1ginas y un sistema de administraci\u00f3n de propiedades<\/li>\n<li>Cuenta con un dise\u00f1o amigable para dispositivos m\u00f3viles y todas las funcionalidades necesarias para enumerar y mostrar propiedades<\/li>\n<li>Viene con la funci\u00f3n de instalaci\u00f3n de contenido de demostraci\u00f3n de un solo clic de CSS Igniter para una f\u00e1cil configuraci\u00f3n<\/li>\n<li>Compatible con un equipo de soporte dedicado y actualizado regularmente con nuevas caracter\u00edsticas y mejoras<\/li>\n<li>Proporciona opciones para la personalizaci\u00f3n de la marca y el estilo y admite varios complementos como IDX y el formulario de contacto &#8211;<\/li>\n<li>Compatible con Gutenberg, el editor de bloques de WordPress, para una f\u00e1cil creaci\u00f3n y gesti\u00f3n de contenido.<\/li>\n<li>Ofrece optimizaci\u00f3n de SEO incorporada, integraciones de intercambio social y soporte multiling\u00fce para un alcance de audiencia m\u00e1s amplio.<\/li>\n<\/ul>\n","protected":false},"excerpt":{"rendered":"<p>Experimente el poder de un tema de bienes ra\u00edces de WordPress premium con CSS Igniter Oikia. Este tema din\u00e1mico y f\u00e1cil de usar est\u00e1 dise\u00f1ado para elevar su negocio inmobiliario a nuevas alturas. Construido con un dise\u00f1o receptivo, Oikia asegura que su sitio web se vea impresionante en todos los dispositivos. Viene con filtros de b\u00fasqueda avanzados que permiten a sus clientes potenciales encontrar exactamente lo que est\u00e1n buscando con facilidad. Con el creador de la p\u00e1gina de inicio de arrastrar y soltar, puede personalizar su sitio web para que coincida con su marca. El dise\u00f1o amigable con SEO de Oikia ayuda a su sitio web a clasificarse m\u00e1s alto en los motores de b\u00fasqueda, aumentando su visibilidad en l\u00ednea. El tema tambi\u00e9n est\u00e1 listo para la traducci\u00f3n, asegurando que el lenguaje nunca sea una barrera para el crecimiento de su negocio. Con actualizaciones continuas y soporte dedicado, CSS Igniter Oikia es una opci\u00f3n confiable para cualquier sitio web de bienes ra\u00edces.<\/p>\n","protected":false},"featured_media":165711,"comment_status":"open","ping_status":"open","template":"","meta":[],"product_brand":[2403],"product_cat":[1267,1237,1238],"product_tag":[2134],"class_list":{"0":"post-130501","1":"product","2":"type-product","3":"status-publish","4":"has-post-thumbnail","6":"product_brand-css-igniter","7":"product_cat-creativo","8":"product_cat-temas","9":"product_cat-wordpress-temas","10":"product_tag-css-igniter","11":"member-discount","12":"discount-restricted","14":"first","15":"instock","16":"sale","17":"downloadable","18":"virtual","19":"sold-individually","20":"purchasable","21":"product-type-simple"},"_links":{"self":[{"href":"https:\/\/gpl-love.com\/es\/wp-json\/wp\/v2\/product\/130501","targetHints":{"allow":["GET"]}}],"collection":[{"href":"https:\/\/gpl-love.com\/es\/wp-json\/wp\/v2\/product"}],"about":[{"href":"https:\/\/gpl-love.com\/es\/wp-json\/wp\/v2\/types\/product"}],"replies":[{"embeddable":true,"href":"https:\/\/gpl-love.com\/es\/wp-json\/wp\/v2\/comments?post=130501"}],"wp:featuredmedia":[{"embeddable":true,"href":"https:\/\/gpl-love.com\/es\/wp-json\/wp\/v2\/media\/165711"}],"wp:attachment":[{"href":"https:\/\/gpl-love.com\/es\/wp-json\/wp\/v2\/media?parent=130501"}],"wp:term":[{"taxonomy":"product_brand","embeddable":true,"href":"https:\/\/gpl-love.com\/es\/wp-json\/wp\/v2\/product_brand?post=130501"},{"taxonomy":"product_cat","embeddable":true,"href":"https:\/\/gpl-love.com\/es\/wp-json\/wp\/v2\/product_cat?post=130501"},{"taxonomy":"product_tag","embeddable":true,"href":"https:\/\/gpl-love.com\/es\/wp-json\/wp\/v2\/product_tag?post=130501"}],"curies":[{"name":"wp","href":"https:\/\/api.w.org\/{rel}","templated":true}]}}