{"id":130435,"date":"2024-08-31T00:00:00","date_gmt":"2024-08-31T05:00:00","guid":{"rendered":"https:\/\/gpl-love.com\/es\/producto\/wpforms-aweber\/"},"modified":"2026-03-09T08:30:51","modified_gmt":"2026-03-09T13:30:51","slug":"wpforms-aweber","status":"publish","type":"product","link":"https:\/\/gpl-love.com\/es\/producto\/wpforms-aweber\/","title":{"rendered":"WPForms Aweber 2.1.0"},"content":{"rendered":"<h3>WPForms Aweber Caracteristicas<\/h3>\n<p>La integraci\u00f3n de WPFORMS AWEBER es una herramienta incre\u00edblemente robusta que facilita la conexi\u00f3n perfecta entre su complemento WPFORMS y su cuenta AWEBER. Como uno de los complementos de constructor de formulario m\u00e1s utilizados para WordPress, WPFORMS ha generado una gran reputaci\u00f3n, mientras que Aweber se ha establecido como un destacado proveedor de servicios de marketing por correo electr\u00f3nico. Al utilizar esta integraci\u00f3n, se le otorga la capacidad de reunir sin esfuerzo a los suscriptores a trav\u00e9s de sus WPForms y hacer que se agregue autom\u00e1ticamente a sus campa\u00f1as de marketing por correo electr\u00f3nico de Aweber. Adem\u00e1s, la integraci\u00f3n de WPForms Aweber le permite segmentar a sus suscriptores, lo que le permite enviar correos electr\u00f3nicos espec\u00edficos que se alineen con sus intereses y comportamientos espec\u00edficos. En consecuencia, esta integraci\u00f3n sirve como un medio para ahorrar su valioso tiempo y energ\u00eda mediante la automatizaci\u00f3n del laborioso proceso de administrar su lista de correo electr\u00f3nico, liber\u00e1ndole as\u00ed para centrar su atenci\u00f3n en elaborar contenido cautivador y impulsar el crecimiento de su negocio.<\/p>\n<ul>\n<li>Integraci\u00f3n entre WPForms y Aweber<\/li>\n<li>Conecte f\u00e1cilmente sus formularios WPForms con el marketing por correo electr\u00f3nico de Aweber<\/li>\n<li>Proceso simplificado para capturar clientes potenciales y construir su lista de correo electr\u00f3nico<\/li>\n<li>Personalizar opciones de suscripci\u00f3n por correo electr\u00f3nico para sus visitantes<\/li>\n<li>Automatice sus correos electr\u00f3nicos y campa\u00f1as de seguimiento con las poderosas caracter\u00edsticas de Aweber<\/li>\n<li>Monitorear y analizar sus campa\u00f1as con las herramientas de informes y an\u00e1lisis de Aweber<\/li>\n<li>Administre sin esfuerzo sus suscriptores y listas de correo electr\u00f3nico a trav\u00e9s de la interfaz WPFORMS<\/li>\n<li>Proceso de configuraci\u00f3n simple e intuitivo, no se requiere codificaci\u00f3n o conocimientos t\u00e9cnicos<\/li>\n<li>Atenci\u00f3n al cliente amigable y receptiva de WPFORMS y AWEBER<\/li>\n<li>Mejorar la funcionalidad de su sitio web y los esfuerzos de marketing con WPForms Aweber Integration<\/li>\n<\/ul>\n","protected":false},"excerpt":{"rendered":"<p>La integraci\u00f3n de WPForms Aweber es una herramienta incre\u00edblemente f\u00e1cil de usar que establece sin esfuerzo una conexi\u00f3n entre WPForms, que es ampliamente reconocida como el complemento de formulario de WordPress, y Aweber, un estimado software de marketing por correo electr\u00f3nico que ha cimentado su posici\u00f3n como l\u00edder en el l\u00edder en el l\u00edder en el l\u00edder en el l\u00edder en el l\u00edder industria. Al aprovechar este sistema perfectamente integrado, los usuarios est\u00e1n facultados para incorporar sin esfuerzo los clientes potenciales en su lista de correo Aweber directamente de sus formularios de contacto WPFORMS, eliminando efectivamente cualquier molestia o inconveniente innecesario. Adem\u00e1s, esta integraci\u00f3n cuenta con la notable capacidad de automatizar una gran cantidad de tareas esenciales, incluidas, entre otros, la distribuci\u00f3n de boletines, el env\u00edo de correos electr\u00f3nicos de seguimiento y la ejecuci\u00f3n de campa\u00f1as de crianza de plomo altamente efectivas. En consecuencia, estas caracter\u00edsticas invaluables lo convierten en un activo invaluable tanto para las peque\u00f1as empresas como para los especialistas en marketing, ya que simplifica efectivamente sus arduos esfuerzos de marketing por correo electr\u00f3nico al tiempo que impulsa sus tasas de conversi\u00f3n a alturas sin precedentes.<\/p>\n","protected":false},"featured_media":168491,"comment_status":"open","ping_status":"open","template":"","meta":[],"product_brand":[2628],"product_cat":[1232,1206,1211],"product_tag":[1440],"class_list":{"0":"post-130435","1":"product","2":"type-product","3":"status-publish","4":"has-post-thumbnail","6":"product_brand-wp-forms","7":"product_cat-marketing-wordpress-plugins","8":"product_cat-plugins","9":"product_cat-wordpress-plugins","10":"product_tag-wp-forms","11":"member-discount","12":"discount-restricted","14":"first","15":"instock","16":"sale","17":"downloadable","18":"virtual","19":"sold-individually","20":"purchasable","21":"product-type-simple"},"_links":{"self":[{"href":"https:\/\/gpl-love.com\/es\/wp-json\/wp\/v2\/product\/130435","targetHints":{"allow":["GET"]}}],"collection":[{"href":"https:\/\/gpl-love.com\/es\/wp-json\/wp\/v2\/product"}],"about":[{"href":"https:\/\/gpl-love.com\/es\/wp-json\/wp\/v2\/types\/product"}],"replies":[{"embeddable":true,"href":"https:\/\/gpl-love.com\/es\/wp-json\/wp\/v2\/comments?post=130435"}],"wp:featuredmedia":[{"embeddable":true,"href":"https:\/\/gpl-love.com\/es\/wp-json\/wp\/v2\/media\/168491"}],"wp:attachment":[{"href":"https:\/\/gpl-love.com\/es\/wp-json\/wp\/v2\/media?parent=130435"}],"wp:term":[{"taxonomy":"product_brand","embeddable":true,"href":"https:\/\/gpl-love.com\/es\/wp-json\/wp\/v2\/product_brand?post=130435"},{"taxonomy":"product_cat","embeddable":true,"href":"https:\/\/gpl-love.com\/es\/wp-json\/wp\/v2\/product_cat?post=130435"},{"taxonomy":"product_tag","embeddable":true,"href":"https:\/\/gpl-love.com\/es\/wp-json\/wp\/v2\/product_tag?post=130435"}],"curies":[{"name":"wp","href":"https:\/\/api.w.org\/{rel}","templated":true}]}}