{"id":130430,"date":"2025-08-31T00:00:00","date_gmt":"2025-08-31T05:00:00","guid":{"rendered":"https:\/\/gpl-love.com\/es\/producto\/wpforms-sendinblue\/"},"modified":"2026-03-09T08:31:19","modified_gmt":"2026-03-09T13:31:19","slug":"wpforms-sendinblue","status":"publish","type":"product","link":"https:\/\/gpl-love.com\/es\/producto\/wpforms-sendinblue\/","title":{"rendered":"WPForms Sendinblue 1.5.0"},"content":{"rendered":"<h3>WPForms Sendinblue Caracteristicas<\/h3>\n<p>WPForms SendInblue es una herramienta incre\u00edblemente robusta y altamente efectiva que ofrece una tremenda asistencia a las empresas en su esfuerzo por optimizar y optimizar sus esfuerzos de generaci\u00f3n de leads y marketing por correo electr\u00f3nico. Este notable complemento ha sido meticulosamente dise\u00f1ado para integrarse perfectamente con la plataforma de marketing de correo electr\u00f3nico inmensamente popular, SendInblue. En consecuencia, los usuarios est\u00e1n facultados para generar e incrustar sin esfuerzo formularios de contacto personalizados, as\u00ed como encuestas, directamente en sus respectivos sitios web. Una de las caracter\u00edsticas m\u00e1s notables de esta herramienta excepcional es su formulario de formulario de arrastre avanzado, que ha sido ingeniosamente dise\u00f1ado para facilitar la creaci\u00f3n de formas visualmente atractivas y de aspecto altamente profesional. Adem\u00e1s, estas formas tambi\u00e9n son expertos en capturar clientes potenciales invaluables, as\u00ed como comentarios indispensables de los clientes. En virtud de esta perfecta integraci\u00f3n de SendInblue, las empresas pueden segmentar sin esfuerzo y ampliamente sus listas de correo electr\u00f3nico, lo que permite la creaci\u00f3n de campa\u00f1as de correo electr\u00f3nico altamente espec\u00edficas y personalizadas. Adem\u00e1s, esta integraci\u00f3n fenomenal tambi\u00e9n brinda a las empresas la oportunidad de medir meticulosamente la eficacia y el triunfo de sus esfuerzos de marketing a trav\u00e9s del empleo de an\u00e1lisis integrales y altamente informativos. Dados todos estos beneficios notables, queda muy claro que WPForms SendInblue es una herramienta indispensable para las empresas que albergan aspiraciones de expandir su presencia en l\u00ednea y aumentar significativamente sus niveles de participaci\u00f3n del cliente.<\/p>\n<ul>\n<li>Cree formularios de aspecto profesional para su sitio web utilizando WPFORMS<\/li>\n<li>Integre f\u00e1cilmente la herramienta de marketing por correo electr\u00f3nico SendInblue con sus formularios<\/li>\n<li>Recopile clientes potenciales e informaci\u00f3n del cliente desde los formularios de su sitio web<\/li>\n<li>Aumentar el compromiso con las campa\u00f1as de correo electr\u00f3nico automatizadas utilizando datos recopilados<\/li>\n<li>Ahorre tiempo creando plantillas predise\u00f1adas para sus formularios<\/li>\n<li>Convierta su sitio web en una m\u00e1quina de generaci\u00f3n de plomo con WPForms SendInblue.<\/li>\n<\/ul>\n","protected":false},"excerpt":{"rendered":"<p>WPForms SendInblue, una integraci\u00f3n notablemente robusta, permite a los usuarios establecer una conexi\u00f3n perfecta entre su cuenta WPForms y SendInblue, un estimado servicio de marketing por correo electr\u00f3nico a la vanguardia de la industria. A trav\u00e9s de la utilizaci\u00f3n de WPForms SendInblue, las personas pueden acumular sin esfuerzo las direcciones de correo electr\u00f3nico e informaci\u00f3n pertinente del cliente de sus formularios, lo que posteriormente las integran en sus listas integrales de contactos SendInblue. Adem\u00e1s, esta integraci\u00f3n facilita la creaci\u00f3n de campa\u00f1as de correo electr\u00f3nico meticulosamente espec\u00edficas, lo que permite a los usuarios imbuir sus mensajes con un mayor sentido de personalizaci\u00f3n, estimulando as\u00ed la participaci\u00f3n y el aumento de las tasas de conversi\u00f3n. WPForms SendInblue se erige como el ep\u00edtome de una soluci\u00f3n verdaderamente \u00f3ptima, que atiende a las necesidades de las empresas que buscan optimizar y optimizar sus iniciativas de marketing por correo electr\u00f3nico, lo que finalmente impulsa un aumento exponencial en ventas y rentabilidad general.<\/p>\n","protected":false},"featured_media":168512,"comment_status":"open","ping_status":"open","template":"","meta":[],"product_brand":[2628],"product_cat":[1232,1206,1211],"product_tag":[1440],"class_list":{"0":"post-130430","1":"product","2":"type-product","3":"status-publish","4":"has-post-thumbnail","6":"product_brand-wp-forms","7":"product_cat-marketing-wordpress-plugins","8":"product_cat-plugins","9":"product_cat-wordpress-plugins","10":"product_tag-wp-forms","11":"member-discount","12":"discount-restricted","14":"first","15":"instock","16":"sale","17":"downloadable","18":"virtual","19":"sold-individually","20":"purchasable","21":"product-type-simple"},"_links":{"self":[{"href":"https:\/\/gpl-love.com\/es\/wp-json\/wp\/v2\/product\/130430","targetHints":{"allow":["GET"]}}],"collection":[{"href":"https:\/\/gpl-love.com\/es\/wp-json\/wp\/v2\/product"}],"about":[{"href":"https:\/\/gpl-love.com\/es\/wp-json\/wp\/v2\/types\/product"}],"replies":[{"embeddable":true,"href":"https:\/\/gpl-love.com\/es\/wp-json\/wp\/v2\/comments?post=130430"}],"wp:featuredmedia":[{"embeddable":true,"href":"https:\/\/gpl-love.com\/es\/wp-json\/wp\/v2\/media\/168512"}],"wp:attachment":[{"href":"https:\/\/gpl-love.com\/es\/wp-json\/wp\/v2\/media?parent=130430"}],"wp:term":[{"taxonomy":"product_brand","embeddable":true,"href":"https:\/\/gpl-love.com\/es\/wp-json\/wp\/v2\/product_brand?post=130430"},{"taxonomy":"product_cat","embeddable":true,"href":"https:\/\/gpl-love.com\/es\/wp-json\/wp\/v2\/product_cat?post=130430"},{"taxonomy":"product_tag","embeddable":true,"href":"https:\/\/gpl-love.com\/es\/wp-json\/wp\/v2\/product_tag?post=130430"}],"curies":[{"name":"wp","href":"https:\/\/api.w.org\/{rel}","templated":true}]}}