{"id":130107,"date":"2022-08-28T00:00:00","date_gmt":"2022-08-28T05:00:00","guid":{"rendered":"https:\/\/gpl-love.com\/es\/producto\/wp-content-pilot-pro\/"},"modified":"2026-03-09T08:28:02","modified_gmt":"2026-03-09T13:28:02","slug":"wp-content-pilot-pro","status":"publish","type":"product","link":"https:\/\/gpl-love.com\/es\/producto\/wp-content-pilot-pro\/","title":{"rendered":"WP Content Pilot Pro 1.1.11"},"content":{"rendered":"<h3>WP Content Pilot Pro Caracteristicas<\/h3>\n<p>WP Content Pilot Pro es un complemento incre\u00edblemente potente que automatiza efectivamente todo el proceso de incorporar a la perfecci\u00f3n el contenido nuevo de primer nivel en su sitio web de WordPress. Este notable complemento cuenta con una amplia gama de caracter\u00edsticas avanzadas que lo capacitan para generar y publicar sin esfuerzo una variedad de publicaciones, p\u00e1ginas e incluso tipos de publicaciones personalizadas, todos obtenidos de m\u00faltiples puntos de venta como RSS Feeds, YouTube, Vimeo, Flickr y una variedad. de otros. Adem\u00e1s, este complemento le brinda la invaluable oportunidad de planificar y programar la publicaci\u00f3n de su contenido, al tiempo que le otorga la capacidad de integrar sin esfuerzo campos personalizados e incluso insertar enlaces de afiliados lucrativos para optimizar el potencial de monetizaci\u00f3n de su sitio web. Armado con una interfaz asombrosamente f\u00e1cil de usar y una funcionalidad robusta que es realmente insuperable, se hace innegablemente evidente que WP Content Pilot Pro es inequ\u00edvocamente una herramienta indispensable que est\u00e1 obligada a revolucionar y optimizar su proceso de creaci\u00f3n de contenido, al tiempo que eleva su l\u00ednea en l\u00ednea simult\u00e1neamente su en l\u00ednea presencia a alturas incomparables.<\/p>\n<ul>\n<li>Creaci\u00f3n de contenido automatizado para sitios web de WordPress<\/li>\n<li>Admite varias fuentes de contenido que incluyen art\u00edculos, videos e im\u00e1genes<\/li>\n<li>Plantillas personalizables para formateo y marca consistentes<\/li>\n<li>Inserci\u00f3n autom\u00e1tica de palabras clave para la optimizaci\u00f3n de SEO<\/li>\n<li>Programe la publicaci\u00f3n de contenido para fechas futuras<\/li>\n<li>Integraci\u00f3n con herramientas de terceros como Google Analytics y Yoast SEO<\/li>\n<li>Funcionalidad de giro y reescritura de contenido incorporado<\/li>\n<li>An\u00e1lisis detallado e informes para rastrear el rendimiento<\/li>\n<li>Interfaz f\u00e1cil de usar con configuraci\u00f3n y configuraci\u00f3n f\u00e1cil<\/li>\n<li>Atenci\u00f3n al cliente dedicada y actualizaciones regulares<\/li>\n<\/ul>\n","protected":false},"excerpt":{"rendered":"<p>WP Content Pilot Pro, una herramienta de curaci\u00f3n y publicaci\u00f3n de contenido muy robusta y eficiente dise\u00f1ada espec\u00edficamente para sitios web de WordPress, surge como una soluci\u00f3n excepcional. Este complemento explota sin esfuerzo y autom\u00e1ticamente numerosas fuentes para identificar y posteriormente publicar art\u00edculos sobresalientes, im\u00e1genes cautivadoras y videos convincentes que se alinean perfectamente con sus preferencias predeterminadas y palabras clave meticulosamente seleccionadas. Adem\u00e1s, esta notable herramienta ofrece una variedad de opciones de personalizaci\u00f3n, lo que le permite adaptar el contenido descubierto a su m\u00e1xima satisfacci\u00f3n. Adem\u00e1s, WP Content Pilot Pro le otorga la libertad de programar publicaciones sin esfuerzo, facilitando as\u00ed un proceso de publicaci\u00f3n de contenido sin problemas y optimizado. Adem\u00e1s, este complemento extraordinario incluso le permite monetizar su sitio web incorporando convenientemente enlaces de afiliados, aumentando as\u00ed sus posibles flujos de ingresos. Con WP Content Pilot Pro, puede ahorrar inequ\u00edvocamente un tiempo y un esfuerzo valiosos, todo mientras garantiza una afluencia constante e ininterrumpida de contenido atractivo, fresco y atractivo para cautivar y cautivar a su preciada audiencia.<\/p>\n","protected":false},"featured_media":168378,"comment_status":"open","ping_status":"open","template":"","meta":[],"product_brand":[2616],"product_cat":[1232,1206,1211],"product_tag":[2267],"class_list":{"0":"post-130107","1":"product","2":"type-product","3":"status-publish","4":"has-post-thumbnail","6":"product_brand-plugin-ever","7":"product_cat-marketing-wordpress-plugins","8":"product_cat-plugins","9":"product_cat-wordpress-plugins","10":"product_tag-plugin-ever","11":"member-discount","12":"discount-restricted","14":"first","15":"instock","16":"sale","17":"downloadable","18":"virtual","19":"sold-individually","20":"purchasable","21":"product-type-simple"},"_links":{"self":[{"href":"https:\/\/gpl-love.com\/es\/wp-json\/wp\/v2\/product\/130107","targetHints":{"allow":["GET"]}}],"collection":[{"href":"https:\/\/gpl-love.com\/es\/wp-json\/wp\/v2\/product"}],"about":[{"href":"https:\/\/gpl-love.com\/es\/wp-json\/wp\/v2\/types\/product"}],"replies":[{"embeddable":true,"href":"https:\/\/gpl-love.com\/es\/wp-json\/wp\/v2\/comments?post=130107"}],"wp:featuredmedia":[{"embeddable":true,"href":"https:\/\/gpl-love.com\/es\/wp-json\/wp\/v2\/media\/168378"}],"wp:attachment":[{"href":"https:\/\/gpl-love.com\/es\/wp-json\/wp\/v2\/media?parent=130107"}],"wp:term":[{"taxonomy":"product_brand","embeddable":true,"href":"https:\/\/gpl-love.com\/es\/wp-json\/wp\/v2\/product_brand?post=130107"},{"taxonomy":"product_cat","embeddable":true,"href":"https:\/\/gpl-love.com\/es\/wp-json\/wp\/v2\/product_cat?post=130107"},{"taxonomy":"product_tag","embeddable":true,"href":"https:\/\/gpl-love.com\/es\/wp-json\/wp\/v2\/product_tag?post=130107"}],"curies":[{"name":"wp","href":"https:\/\/api.w.org\/{rel}","templated":true}]}}