{"id":130105,"date":"2025-05-15T00:00:00","date_gmt":"2025-05-15T05:00:00","guid":{"rendered":"https:\/\/gpl-love.com\/es\/producto\/gravity-perks-qr-code\/"},"modified":"2026-03-13T17:21:45","modified_gmt":"2026-03-13T22:21:45","slug":"gravity-perks-qr-code","status":"publish","type":"product","link":"https:\/\/gpl-love.com\/es\/producto\/gravity-perks-qr-code\/","title":{"rendered":"Gravity Perks QR Code 1.0.16"},"content":{"rendered":"<h3>Gravity Perks QR Code Caracteristicas<\/h3>\n<p>Gravity Perks El c\u00f3digo QR cuenta con una soluci\u00f3n excepcional e innovadora, que otorga a los usuarios la capacidad de generar y escanear los c\u00f3digos QR. Esta herramienta notablemente robusta faculta a las personas para optimizar su flujo de trabajo y aumentar la productividad mecanizando el arduo proceso de generaci\u00f3n y escaneo de c\u00f3digos QR. Con el c\u00f3digo QR de ventajas de gravedad a su disposici\u00f3n, puede fabricar c\u00f3digos QR de inmediato y sin esfuerzo para adaptarse a una gran variedad de prop\u00f3sitos, como difundir informaci\u00f3n del producto, orquestar el registro de eventos y mucho m\u00e1s. El resultado de este notable producto es la capacidad competente para escanear, descifrar y explotar los c\u00f3digos QR, lo que lo hace indispensable para empresas y establecimientos que anhelan mejorar su eficiencia y optimizar sus operaciones. Por lo tanto, si est\u00e1 buscando una soluci\u00f3n de c\u00f3digo QR confiable y potente, no busque m\u00e1s que el c\u00f3digo QR de ventajas de gravedad, ya que representa el ep\u00edtome de la excelencia.<\/p>\n<ul>\n<li>Easy Generaci\u00f3n y escaneo de c\u00f3digo QR<\/li>\n<li>Compatible con cualquier dispositivo que tenga una c\u00e1mara y acceso a Internet<\/li>\n<li>Dise\u00f1o de c\u00f3digo QR personalizable<\/li>\n<li>Capacidad para rastrear escaneos y recopilar datos<\/li>\n<li>Integraci\u00f3n con herramientas de marketing populares como MailChimp y Google Analytics<\/li>\n<li>Protocolos de seguridad fuertes para proteger los datos y prevenir el fraude<\/li>\n<li>Mejora la experiencia del usuario al proporcionar un acceso r\u00e1pido a la informaci\u00f3n relevante<\/li>\n<li>Soluci\u00f3n de marketing rentable en comparaci\u00f3n con los m\u00e9todos de impresi\u00f3n tradicionales<\/li>\n<li>Aumenta la participaci\u00f3n del cliente y la conciencia de la marca.<\/li>\n<\/ul>\n","protected":false},"excerpt":{"rendered":"<p>El c\u00f3digo QR de Gravity Perks es una herramienta inmensamente poderosa con la capacidad de generar y escanear los c\u00f3digos QR para sus formularios de gravedad. Este complemento simplifica el proceso de recopilaci\u00f3n de informaci\u00f3n, inscribir a los usuarios o realizar ventas de productos a trav\u00e9s de su sitio web. Al ofrecer campos personalizables, tiene la capacidad de crear r\u00e1pidamente c\u00f3digos QR distintivos que alcanzar\u00e1n efectivamente a su p\u00fablico objetivo y facilitar\u00e1n el logro de sus objetivos. Independientemente de si usted es propietario de negocios, vendedor o desarrollador web, el c\u00f3digo QR de Gravity Perks es una herramienta indispensable que optimizar\u00e1 su flujo de trabajo y mejorar\u00e1 significativamente su productividad.<\/p>\n","protected":false},"featured_media":166363,"comment_status":"open","ping_status":"open","template":"","meta":[],"product_brand":[2471],"product_cat":[1214,1206,1211],"product_tag":[2114],"class_list":{"0":"post-130105","1":"product","2":"type-product","3":"status-publish","4":"has-post-thumbnail","6":"product_brand-gravity-wiz","7":"product_cat-personalizacion","8":"product_cat-plugins","9":"product_cat-wordpress-plugins","10":"product_tag-gravity-wiz","11":"member-discount","12":"discount-restricted","14":"first","15":"instock","16":"sale","17":"downloadable","18":"virtual","19":"sold-individually","20":"purchasable","21":"product-type-simple"},"_links":{"self":[{"href":"https:\/\/gpl-love.com\/es\/wp-json\/wp\/v2\/product\/130105","targetHints":{"allow":["GET"]}}],"collection":[{"href":"https:\/\/gpl-love.com\/es\/wp-json\/wp\/v2\/product"}],"about":[{"href":"https:\/\/gpl-love.com\/es\/wp-json\/wp\/v2\/types\/product"}],"replies":[{"embeddable":true,"href":"https:\/\/gpl-love.com\/es\/wp-json\/wp\/v2\/comments?post=130105"}],"wp:featuredmedia":[{"embeddable":true,"href":"https:\/\/gpl-love.com\/es\/wp-json\/wp\/v2\/media\/166363"}],"wp:attachment":[{"href":"https:\/\/gpl-love.com\/es\/wp-json\/wp\/v2\/media?parent=130105"}],"wp:term":[{"taxonomy":"product_brand","embeddable":true,"href":"https:\/\/gpl-love.com\/es\/wp-json\/wp\/v2\/product_brand?post=130105"},{"taxonomy":"product_cat","embeddable":true,"href":"https:\/\/gpl-love.com\/es\/wp-json\/wp\/v2\/product_cat?post=130105"},{"taxonomy":"product_tag","embeddable":true,"href":"https:\/\/gpl-love.com\/es\/wp-json\/wp\/v2\/product_tag?post=130105"}],"curies":[{"name":"wp","href":"https:\/\/api.w.org\/{rel}","templated":true}]}}