{"id":130104,"date":"2026-01-10T00:00:00","date_gmt":"2026-01-10T05:00:00","guid":{"rendered":"https:\/\/gpl-love.com\/es\/producto\/gravity-perks-page-transitions\/"},"modified":"2026-03-13T17:21:40","modified_gmt":"2026-03-13T22:21:40","slug":"gravity-perks-page-transitions","status":"publish","type":"product","link":"https:\/\/gpl-love.com\/es\/producto\/gravity-perks-page-transitions\/","title":{"rendered":"Gravity Perks Page Transitions 1.0.44"},"content":{"rendered":"<h3>Gravity Perks Page Transitions Caracteristicas<\/h3>\n<p>Page Transitions de Gravity Perks es una herramienta incre\u00edblemente robusta y din\u00e1mica que ha sido meticulosamente elaborada con el \u00fanico prop\u00f3sito de elevar y mejorar la experiencia general del usuario de su sitio web. Al integrar perfectamente las transiciones suaves y fluidas entre p\u00e1ginas, este complemento ofrece un nivel incomparable de sofisticaci\u00f3n y delicadeza que seguramente cautivar\u00e1 e involucrar\u00e1 a los visitantes de su sitio web.<\/p>\n<p>La gran versatilidad y flexibilidad de este complemento es realmente notable. Le faculta la capacidad de adaptar y personalizar sin esfuerzo el efecto de transici\u00f3n, la velocidad y la direcci\u00f3n para alinearse perfectamente con el estilo y la marca \u00fanicos de su sitio web. Ya sea que apunte a una est\u00e9tica elegante y moderna o un ambiente m\u00e1s caprichoso y juguet\u00f3n, las transiciones de la p\u00e1gina de Gravity Perks lo tienen cubierto.<\/p>\n<p>Uno de los aspectos m\u00e1s notables de este complemento es su extraordinaria compatibilidad con las formas de gravedad. Esto significa que puede aplicar sin esfuerzo estas transiciones de p\u00e1gina cautivadoras a cualquier p\u00e1gina de env\u00edo o confirmaci\u00f3n de formulario, combinando y armonizando sin problemas toda la experiencia del usuario en su sitio web. El resultado es un viaje cohesivo y sin problemas para sus usuarios, mientras navegan a trav\u00e9s de su sitio web con facilidad y gracia.<\/p>\n<p>Lo que realmente establece las transiciones de la p\u00e1gina de Gravity Perks adem\u00e1s de otros complementos similares es su simplicidad y facilidad de uso incomparable. No necesita experiencia previa en codificaci\u00f3n o conocimiento t\u00e9cnico para utilizar y aprovechar completamente el potencial de esta incre\u00edble herramienta. Su interfaz intuitiva y caracter\u00edsticas f\u00e1ciles de usar lo hacen accesible para cualquier persona, independientemente de su nivel de especializaci\u00f3n. En solo unos pocos clics, puede agregar un toque de elegancia y sofisticaci\u00f3n a su sitio web, transform\u00e1ndolo en una obra maestra visualmente impresionante.<\/p>\n<p>No se pierda la oportunidad de elevar su sitio web al siguiente nivel. Prueba las transiciones de la p\u00e1gina de Gravity Perks hoy y desbloquea un mundo de infinitas posibilidades para su presencia en l\u00ednea.<\/p>\n<ul>\n<li>Transiciones de p\u00e1gina suaves y sin problemas en su sitio web<\/li>\n<li>Impresionantes efectos visuales y animaciones entre p\u00e1ginas<\/li>\n<li>Velocidad de transici\u00f3n personalizable y tiempo para una experiencia personalizada<\/li>\n<li>F\u00e1cil integraci\u00f3n con WordPress y Formularios de gravedad<\/li>\n<li>Aumento de la participaci\u00f3n del usuario con cambios de p\u00e1gina din\u00e1mica<\/li>\n<li>Acceso a una amplia gama de opciones de transici\u00f3n, que incluyen efectos de desvanecimiento, diapositivas y giro<\/li>\n<li>No se requiere codificaci\u00f3n: configuraci\u00f3n y configuraci\u00f3n simples en minutos<\/li>\n<li>Compatible con todos los navegadores modernos y dispositivos m\u00f3viles<\/li>\n<li>Mejorar la experiencia general del usuario y mejorar la navegaci\u00f3n del sitio<\/li>\n<\/ul>\n","protected":false},"excerpt":{"rendered":"<p>Mejore la apariencia general y la funcionalidad de su sitio web al incorporar transiciones de p\u00e1gina visualmente cautivadoras e impresionantemente perfectas utilizando las incre\u00edbles capacidades de las ventajas de gravedad. Eleve la experiencia del usuario final de su sitio web haciendo la transici\u00f3n sin problemas entre p\u00e1ginas, cautivando e involucrando sin esfuerzo a sus visitantes. \u00bfLa mejor parte? No necesita ninguna experiencia de codificaci\u00f3n en absoluto; Simplemente instale esta notable caracter\u00edstica y la personalice f\u00e1cilmente para adaptarse a sus preferencias exactas. Con las transiciones de la p\u00e1gina de Gravity Perks, tiene el poder de dejar una impresi\u00f3n duradera en los visitantes de su sitio web mientras mantiene sin esfuerzo su inter\u00e9s y participaci\u00f3n.<\/p>\n","protected":false},"featured_media":166357,"comment_status":"open","ping_status":"open","template":"","meta":[],"product_brand":[2471],"product_cat":[1214,1206,1211],"product_tag":[2114],"class_list":{"0":"post-130104","1":"product","2":"type-product","3":"status-publish","4":"has-post-thumbnail","6":"product_brand-gravity-wiz","7":"product_cat-personalizacion","8":"product_cat-plugins","9":"product_cat-wordpress-plugins","10":"product_tag-gravity-wiz","11":"member-discount","12":"discount-restricted","14":"first","15":"instock","16":"sale","17":"downloadable","18":"virtual","19":"sold-individually","20":"purchasable","21":"product-type-simple"},"_links":{"self":[{"href":"https:\/\/gpl-love.com\/es\/wp-json\/wp\/v2\/product\/130104","targetHints":{"allow":["GET"]}}],"collection":[{"href":"https:\/\/gpl-love.com\/es\/wp-json\/wp\/v2\/product"}],"about":[{"href":"https:\/\/gpl-love.com\/es\/wp-json\/wp\/v2\/types\/product"}],"replies":[{"embeddable":true,"href":"https:\/\/gpl-love.com\/es\/wp-json\/wp\/v2\/comments?post=130104"}],"wp:featuredmedia":[{"embeddable":true,"href":"https:\/\/gpl-love.com\/es\/wp-json\/wp\/v2\/media\/166357"}],"wp:attachment":[{"href":"https:\/\/gpl-love.com\/es\/wp-json\/wp\/v2\/media?parent=130104"}],"wp:term":[{"taxonomy":"product_brand","embeddable":true,"href":"https:\/\/gpl-love.com\/es\/wp-json\/wp\/v2\/product_brand?post=130104"},{"taxonomy":"product_cat","embeddable":true,"href":"https:\/\/gpl-love.com\/es\/wp-json\/wp\/v2\/product_cat?post=130104"},{"taxonomy":"product_tag","embeddable":true,"href":"https:\/\/gpl-love.com\/es\/wp-json\/wp\/v2\/product_tag?post=130104"}],"curies":[{"name":"wp","href":"https:\/\/api.w.org\/{rel}","templated":true}]}}