{"id":130102,"date":"2025-11-04T00:00:00","date_gmt":"2025-11-04T05:00:00","guid":{"rendered":"https:\/\/gpl-love.com\/es\/producto\/gravity-forms-tooltips-addon\/"},"modified":"2026-03-09T07:40:22","modified_gmt":"2026-03-09T12:40:22","slug":"gravity-forms-tooltips-addon","status":"publish","type":"product","link":"https:\/\/gpl-love.com\/es\/producto\/gravity-forms-tooltips-addon\/","title":{"rendered":"Gravity Forms Tooltips Addon 5.1"},"content":{"rendered":"<h3>Gravity Forms Tooltips Addon Caracteristicas<\/h3>\n<p>El complemento de ToolStips de Gravity Forms, conocido por su notable capacidad para mejorar la funcionalidad del complemento de Gravity Forms, es una herramienta incre\u00edblemente potente. Al incorporar informaci\u00f3n sobre herramientas, este complemento permite a los usuarios generar informaci\u00f3n sobre herramientas personalizadas que ofrecen informaci\u00f3n valiosa relacionada con los diversos campos dentro de sus formularios. En consecuencia, estas informaci\u00f3n sobre herramientas sirven para ayudar a los usuarios a comprender la informaci\u00f3n y las pautas necesarias para completar con precisi\u00f3n el formulario. La belleza de este complemento se encuentra en su naturaleza f\u00e1cil de usar y sus extensas opciones de personalizaci\u00f3n, lo que brinda a los usuarios una autoridad completa sobre la apariencia y el comportamiento de sus informaci\u00f3n sobre herramientas. Ya sea que uno est\u00e9 construyendo un formulario de contacto relativamente sin complicaciones o una encuesta multifac\u00e9tica, este complemento se integra perfectamente con el kit de herramientas de gravedad, lo que demuestra ser un activo invaluable. En consecuencia, \u00a1no hay necesidad de retrasar m\u00e1s! \u00a1Emp\u00e1rate en el viaje de crear formas superiores y m\u00e1s impactantes para tu sitio web hoy!<\/p>\n<ul>\n<li>Mejora la experiencia del usuario al agregar informaci\u00f3n sobre herramientas \u00fatiles a los formularios de gravedad<\/li>\n<li>Permite la personalizaci\u00f3n de informaci\u00f3n sobre herramientas para que coincida con la marca y el dise\u00f1o del sitio web<\/li>\n<li>Proceso de instalaci\u00f3n simple y f\u00e1cil<\/li>\n<li>Aumenta las tasas de finalizaci\u00f3n de formulario proporcionando informaci\u00f3n y orientaci\u00f3n adicionales a los usuarios<\/li>\n<li>Compatible con todos los complementos e integraciones de Gravity Forms<\/li>\n<li>Liviano y no ralentiza el rendimiento del sitio web<\/li>\n<\/ul>\n","protected":false},"excerpt":{"rendered":"<p>El complemento de Tool Tool Tool Tool de Gravity Forms es una herramienta incre\u00edblemente \u00fatil y pr\u00e1ctica que incorpora efectivamente informaci\u00f3n sobre herramientas personalizables e informativas en sus formularios de gravedad. Al utilizar este complemento innovador, puede proporcionar informaci\u00f3n, orientaci\u00f3n o aclaraci\u00f3n suplementaria sin esfuerzo a sus usuarios a medida que navegan a trav\u00e9s del proceso de relleno de formularios. Adem\u00e1s, posee la capacidad de adaptar sin esfuerzo la apariencia y la est\u00e9tica de las tierras para alinearse sin problemas con el dise\u00f1o general de su sitio web, y tiene la oportunidad de seleccionar entre una amplia gama de opciones de posicionamiento. Sin lugar a dudas, este complemento sirve como una excelente soluci\u00f3n para empresas, organizaciones e individuos que est\u00e1n ansiosos por elevar su experiencia de usuario y optimizar la eficiencia de su proceso de presentaci\u00f3n de formularios.<\/p>\n","protected":false},"featured_media":166334,"comment_status":"open","ping_status":"open","template":"","meta":[],"product_brand":[2469],"product_cat":[1216,1206,1211],"product_tag":[1300],"class_list":{"0":"post-130102","1":"product","2":"type-product","3":"status-publish","4":"has-post-thumbnail","6":"product_brand-gravityforms","7":"product_cat-formas","8":"product_cat-plugins","9":"product_cat-wordpress-plugins","10":"product_tag-gravityforms","11":"member-discount","12":"discount-restricted","14":"first","15":"instock","16":"sale","17":"downloadable","18":"virtual","19":"sold-individually","20":"purchasable","21":"product-type-simple"},"_links":{"self":[{"href":"https:\/\/gpl-love.com\/es\/wp-json\/wp\/v2\/product\/130102","targetHints":{"allow":["GET"]}}],"collection":[{"href":"https:\/\/gpl-love.com\/es\/wp-json\/wp\/v2\/product"}],"about":[{"href":"https:\/\/gpl-love.com\/es\/wp-json\/wp\/v2\/types\/product"}],"replies":[{"embeddable":true,"href":"https:\/\/gpl-love.com\/es\/wp-json\/wp\/v2\/comments?post=130102"}],"wp:featuredmedia":[{"embeddable":true,"href":"https:\/\/gpl-love.com\/es\/wp-json\/wp\/v2\/media\/166334"}],"wp:attachment":[{"href":"https:\/\/gpl-love.com\/es\/wp-json\/wp\/v2\/media?parent=130102"}],"wp:term":[{"taxonomy":"product_brand","embeddable":true,"href":"https:\/\/gpl-love.com\/es\/wp-json\/wp\/v2\/product_brand?post=130102"},{"taxonomy":"product_cat","embeddable":true,"href":"https:\/\/gpl-love.com\/es\/wp-json\/wp\/v2\/product_cat?post=130102"},{"taxonomy":"product_tag","embeddable":true,"href":"https:\/\/gpl-love.com\/es\/wp-json\/wp\/v2\/product_tag?post=130102"}],"curies":[{"name":"wp","href":"https:\/\/api.w.org\/{rel}","templated":true}]}}