{"id":129616,"date":"2026-04-08T00:00:00","date_gmt":"2026-04-08T05:00:00","guid":{"rendered":"https:\/\/gpl-love.com\/es\/producto\/woocommerce-checkout-addons\/"},"modified":"2026-04-10T11:31:39","modified_gmt":"2026-04-10T16:31:39","slug":"woocommerce-checkout-addons","status":"publish","type":"product","link":"https:\/\/gpl-love.com\/es\/producto\/woocommerce-checkout-addons\/","title":{"rendered":"WooCommerce Checkout Addons 2.8.0"},"content":{"rendered":"<h3>WooCommerce Checkout Addons Caracteristicas<\/h3>\n<p>WooCommerce Checkout Addons, un complemento robusto, est\u00e1 dise\u00f1ado para aumentar la funcionalidad de su tienda en l\u00ednea presentando caracter\u00edsticas complementarias que enriquecen el proceso de pago. Al emplear este complemento, obtiene acceso a una amplia gama de complementos que le permiten personalizar la p\u00e1gina de pago, optimizar el procedimiento de pago y aumentar las tasas de conversi\u00f3n. En particular, los complementos de pago de WooCommerce facilitan la inclusi\u00f3n de campos personalizados dentro de la p\u00e1gina de pago, provisi\u00f3n de complementos y actualizaciones de productos, provisi\u00f3n de autonom\u00eda del cliente para seleccionar su m\u00e9todo de env\u00edo preferido, visualizaci\u00f3n de res\u00famenes de pedidos y una plethora de otras funcionalidades \u00fatiles. Adem\u00e1s, este complemento es f\u00e1cil de usar, altamente personalizable y perfectamente compatible con cualquier tienda de WooCommerce, lo que lo convierte en una herramienta indispensable para cada empresa comercial en l\u00ednea.<\/p>\n<ul>\n<li>Mejora el proceso de pago de su tienda WooCommerce<\/li>\n<li>Ofrece caracter\u00edsticas avanzadas y opciones de personalizaci\u00f3n para mejorar la experiencia del cliente.<\/li>\n<li>Ayuda a aumentar las ventas y reducir el abandono del carrito<\/li>\n<li>Habilita la adici\u00f3n de campos personalizados y tipos de entrada al formulario de pago<\/li>\n<li>Incluye varias opciones de pago y env\u00edo para satisfacer las diferentes necesidades del cliente.<\/li>\n<li>Admite la integraci\u00f3n de las pasarelas de pago populares y los transportistas de env\u00edo<\/li>\n<li>Permite la creaci\u00f3n de m\u00faltiples p\u00e1ginas de pago con configuraciones \u00fanicas<\/li>\n<li>Permite el uso de l\u00f3gica condicional para mostrar u ocultar campos en funci\u00f3n de las selecciones de usuarios<\/li>\n<li>Proporciona informes detallados y an\u00e1lisis para rastrear el rendimiento del pago<\/li>\n<li>Compatible con una amplia gama de temas y complementos de WooCommerce.<\/li>\n<\/ul>\n","protected":false},"excerpt":{"rendered":"<p>WooCommerce Checkout Addons es un complemento incre\u00edblemente robusto y formidable que se ha creado meticulosamente con el \u00fanico prop\u00f3sito de mejorar y optimizar en gran medida el proceso de pago para su plataforma de WooCommerce. Esta invaluable herramienta cuenta con una amplia gama de caracter\u00edsticas y herramientas pr\u00e1cticas altamente beneficiosas y altamente beneficiosas que est\u00e1n garantizadas para aumentar en gran medida su proceso de pago. Estos incluyen los campos de pago personalizables altamente solicitados que le permiten adaptar y personalizar su proceso de pago para adaptarse a sus especificaciones exactas. Adem\u00e1s, la funci\u00f3n de validaci\u00f3n de direcciones autom\u00e1ticas asegura que todas las direcciones ingresadas durante el proceso de pago sean precisas y v\u00e1lidas, reduciendo significativamente las posibilidades de cualquier error o retraso. El complemento tambi\u00e9n le brinda la oportunidad de crear y dise\u00f1ar p\u00e1ginas de pago personalizadas, lo que le permite impartir el toque \u00fanico y la est\u00e9tica de su marca a la experiencia de pago. Adem\u00e1s, la funci\u00f3n de seguimiento de pedidos avanzados le permite vigilar sin esfuerzo el progreso y el estado de sus pedidos, asegurando un flujo de trabajo perfecto y eficiente. No hace falta decir que los complementos de pago de WooCommerce es una necesidad absoluta para cualquier propietario de la tienda de WooCommerce m\u00e1s exigente, ya que le permite adaptar integralmente su proceso de pago para satisfacer las necesidades y requisitos espec\u00edficos de su negocio, lo que resulta en una experiencia de compra mejorada y sin igual. para sus estimados clientes. Por lo tanto, ya sea que busque optimizar y acelerar su proceso de pago o amplificar significativamente sus tasas de conversi\u00f3n, este complemento invaluable es una adici\u00f3n indispensable a su arsenal de WooCommerce.<\/p>\n","protected":false},"featured_media":168073,"comment_status":"open","ping_status":"open","template":"","meta":[],"product_brand":[2344],"product_cat":[1207,1248,1206],"product_tag":[1423],"class_list":{"0":"post-129616","1":"product","2":"type-product","3":"status-publish","4":"has-post-thumbnail","6":"product_brand-woocommerce","7":"product_cat-comercio-electronico-plugins","8":"product_cat-personalizacion-comercio-electronico-plugins","9":"product_cat-plugins","10":"product_tag-woocommerce","11":"member-discount","12":"discount-restricted","14":"first","15":"instock","16":"sale","17":"downloadable","18":"virtual","19":"sold-individually","20":"purchasable","21":"product-type-simple"},"_links":{"self":[{"href":"https:\/\/gpl-love.com\/es\/wp-json\/wp\/v2\/product\/129616","targetHints":{"allow":["GET"]}}],"collection":[{"href":"https:\/\/gpl-love.com\/es\/wp-json\/wp\/v2\/product"}],"about":[{"href":"https:\/\/gpl-love.com\/es\/wp-json\/wp\/v2\/types\/product"}],"replies":[{"embeddable":true,"href":"https:\/\/gpl-love.com\/es\/wp-json\/wp\/v2\/comments?post=129616"}],"wp:featuredmedia":[{"embeddable":true,"href":"https:\/\/gpl-love.com\/es\/wp-json\/wp\/v2\/media\/168073"}],"wp:attachment":[{"href":"https:\/\/gpl-love.com\/es\/wp-json\/wp\/v2\/media?parent=129616"}],"wp:term":[{"taxonomy":"product_brand","embeddable":true,"href":"https:\/\/gpl-love.com\/es\/wp-json\/wp\/v2\/product_brand?post=129616"},{"taxonomy":"product_cat","embeddable":true,"href":"https:\/\/gpl-love.com\/es\/wp-json\/wp\/v2\/product_cat?post=129616"},{"taxonomy":"product_tag","embeddable":true,"href":"https:\/\/gpl-love.com\/es\/wp-json\/wp\/v2\/product_tag?post=129616"}],"curies":[{"name":"wp","href":"https:\/\/api.w.org\/{rel}","templated":true}]}}