{"id":128941,"date":"2025-11-17T00:00:00","date_gmt":"2025-11-17T05:00:00","guid":{"rendered":"https:\/\/gpl-love.com\/es\/producto\/bookly-tasks-addon\/"},"modified":"2026-03-09T07:21:44","modified_gmt":"2026-03-09T12:21:44","slug":"bookly-tasks-addon","status":"publish","type":"product","link":"https:\/\/gpl-love.com\/es\/producto\/bookly-tasks-addon\/","title":{"rendered":"Bookly Tasks Addon 2.5"},"content":{"rendered":"<h3>Bookly Tasks Addon Caracteristicas<\/h3>\n<p>El complemento Bookly Tasks, que es una herramienta indispensable para la gesti\u00f3n efectiva de tareas y citas, ofrece a los usuarios la capacidad de generar y asignar tareas a los miembros de su personal, lo que garantiza la finalizaci\u00f3n oportuna de las tareas y la satisfacci\u00f3n de los clientes. Adem\u00e1s, la integraci\u00f3n perfecta de este complemento con el sistema de reservas en Bookly facilita la gesti\u00f3n sin esfuerzo de todas las facetas de la programaci\u00f3n de citas y la administraci\u00f3n de tareas, lo que permite a los usuarios supervisar convenientemente estos aspectos de un centro central singular. Ayudando a las empresas de diferentes escalas en su b\u00fasqueda para optimizar las operaciones y mejorar la eficiencia, el complemento de tareas bibliotecas demuestra ser una soluci\u00f3n \u00f3ptima debido a su interfaz f\u00e1cil de usar y su formidable gama de caracter\u00edsticas.<\/p>\n<ul>\n<li>Integre perfectamente la gesti\u00f3n de tareas en su complemento Bookly existente<\/li>\n<li>Crear y asignar tareas a reservas o clientes espec\u00edficos<\/li>\n<li>Establezca plazos y niveles de prioridad para cada tarea<\/li>\n<li>Rastrear el progreso y el estado de finalizaci\u00f3n para cada tarea dentro de Bookly<\/li>\n<li>Obtenga notificaciones de correo electr\u00f3nico automatizadas para tareas pr\u00f3ximas y vencidas<\/li>\n<li>Ver y administrar f\u00e1cilmente todas las tareas en una lista de tareas dedicadas<\/li>\n<li>Mejorar la eficiencia y la productividad al mantenerse organizado y adem\u00e1s de las tareas importantes<\/li>\n<li>Accesible desde cualquier dispositivo con conectividad a Internet<\/li>\n<\/ul>\n","protected":false},"excerpt":{"rendered":"<p>\u00bfBusca una forma de racionalizar sus tareas diarias? El complemento de tareas bookly es la soluci\u00f3n perfecta para usted. Esta poderosa herramienta est\u00e1 dise\u00f1ada para ayudarlo a administrar y rastrear todas sus tareas y proyectos de manera efectiva. Con este complemento, puede crear, asignar y monitorear f\u00e1cilmente tareas en tiempo real. Proporciona plazos visuales que le brindan una visi\u00f3n general clara del progreso de sus tareas. El complemento Bookly Tasks es extremadamente f\u00e1cil de usar, lo que le permite organizar sus tareas en funci\u00f3n de la prioridad, las fechas de vencimiento o las categor\u00edas. Adem\u00e1s, le permite establecer recordatorios para sus tareas, asegurando que nunca se pierda una fecha l\u00edmite. Uno de los beneficios clave de este complemento es que se integra perfectamente con el complemento Bookly Pro, mejorando su funcionalidad. Con el complemento de Tasks Bookly, puede mantener todo bajo control y aumentar su productividad. Pru\u00e9belo hoy y lleve su gesti\u00f3n de tareas al siguiente nivel.<\/p>\n","protected":false},"featured_media":165534,"comment_status":"open","ping_status":"open","template":"","meta":[],"product_brand":[2339],"product_cat":[1214,1206,1211],"product_tag":[1256],"class_list":{"0":"post-128941","1":"product","2":"type-product","3":"status-publish","4":"has-post-thumbnail","6":"product_brand-codecanyon","7":"product_cat-personalizacion","8":"product_cat-plugins","9":"product_cat-wordpress-plugins","10":"product_tag-codecanyon","11":"member-discount","12":"discount-restricted","14":"first","15":"instock","16":"sale","17":"downloadable","18":"virtual","19":"sold-individually","20":"purchasable","21":"product-type-simple"},"_links":{"self":[{"href":"https:\/\/gpl-love.com\/es\/wp-json\/wp\/v2\/product\/128941","targetHints":{"allow":["GET"]}}],"collection":[{"href":"https:\/\/gpl-love.com\/es\/wp-json\/wp\/v2\/product"}],"about":[{"href":"https:\/\/gpl-love.com\/es\/wp-json\/wp\/v2\/types\/product"}],"replies":[{"embeddable":true,"href":"https:\/\/gpl-love.com\/es\/wp-json\/wp\/v2\/comments?post=128941"}],"wp:featuredmedia":[{"embeddable":true,"href":"https:\/\/gpl-love.com\/es\/wp-json\/wp\/v2\/media\/165534"}],"wp:attachment":[{"href":"https:\/\/gpl-love.com\/es\/wp-json\/wp\/v2\/media?parent=128941"}],"wp:term":[{"taxonomy":"product_brand","embeddable":true,"href":"https:\/\/gpl-love.com\/es\/wp-json\/wp\/v2\/product_brand?post=128941"},{"taxonomy":"product_cat","embeddable":true,"href":"https:\/\/gpl-love.com\/es\/wp-json\/wp\/v2\/product_cat?post=128941"},{"taxonomy":"product_tag","embeddable":true,"href":"https:\/\/gpl-love.com\/es\/wp-json\/wp\/v2\/product_tag?post=128941"}],"curies":[{"name":"wp","href":"https:\/\/api.w.org\/{rel}","templated":true}]}}