{"id":128833,"date":"2026-03-20T00:00:00","date_gmt":"2026-03-20T05:00:00","guid":{"rendered":"https:\/\/gpl-love.com\/es\/producto\/automatorwp-woocommerce\/"},"modified":"2026-03-20T17:15:13","modified_gmt":"2026-03-20T22:15:13","slug":"automatorwp-woocommerce","status":"publish","type":"product","link":"https:\/\/gpl-love.com\/es\/producto\/automatorwp-woocommerce\/","title":{"rendered":"AutomatorWP WooCommerce 1.5.4"},"content":{"rendered":"<h3>AutomatorWP WooCommerce Caracteristicas<\/h3>\n<p>AutomatorWP WooCommerce es una herramienta de automatizaci\u00f3n excepcionalmente robusta que se integra perfectamente con WooCommerce, proporcion\u00e1ndole la capacidad incomparable de automatizar sin esfuerzo las operaciones de su tienda en l\u00ednea. Al emplear este complemento notable, tiene la capacidad de generar flujos de trabajo que racionalizan efectivamente varias tareas, que van desde el env\u00edo de correos electr\u00f3nicos hasta clientes valorados, hasta actualizar constantemente los estados de pedido, as\u00ed como compilar diligentemente informes completos. Adem\u00e1s, le permite establecer regulaciones espec\u00edficas que activen r\u00e1pidamente acciones predeterminadas al cumplir con ciertas condiciones, como emitir un c\u00f3digo de descuento \u00fanico para aquellos que abandonan lamentablemente sus carros de compras. Evidentemente, este complemento revolucionario simplifica significativamente el arduo proceso de administrar su tienda virtual, al tiempo que le permite elevar la experiencia del cliente a trav\u00e9s de una comunicaci\u00f3n impecablemente cronometrada y personalizada. Con las capacidades incomparables de AutomatorWP WooCommerce a su disposici\u00f3n, puede maximizar su eficiencia, minimizar la necesidad de intervenciones manuales laboriosas y aumentar sustancialmente sus cifras de ventas y sus cifras de ventas y la satisfacci\u00f3n general del cliente.<\/p>\n<ul>\n<li>Permite la automatizaci\u00f3n de los procesos de WooCommerce<\/li>\n<li>Se integra a la perfecci\u00f3n con AutomatorWP para crear flujos de trabajo de automatizaci\u00f3n personalizados<\/li>\n<li>Ahorra tiempo reduciendo la necesidad de tareas manuales<\/li>\n<li>Mejora la eficiencia al garantizar que las tareas se completen de manera r\u00e1pida y precisa<\/li>\n<li>Proporciona una interfaz f\u00e1cil de usar para una f\u00e1cil configuraci\u00f3n y configuraci\u00f3n<\/li>\n<li>Puede automatizar tareas como la creaci\u00f3n de pedidos, las acciones del cliente y la gesti\u00f3n de inventario<\/li>\n<li>Incluye una variedad de desencadenantes y acciones para elegir<\/li>\n<li>Ayuda a las empresas a escalar sus operaciones mediante la automatizaci\u00f3n de tareas que consumen mucho tiempo<\/li>\n<li>Aumenta la satisfacci\u00f3n del cliente al garantizar que los pedidos se procesen de manera r\u00e1pida y precisa<\/li>\n<li>Compatible con una amplia gama de extensiones y complementos de WooCommerce.<\/li>\n<\/ul>\n","protected":false},"excerpt":{"rendered":"<p>AutomatorWP WooCommerce es un complemento potente y f\u00e1cil de usar, dise\u00f1ado para ayudar a optimizar sus operaciones de comercio electr\u00f3nico. Esta herramienta le permite automatizar varias tareas, ahorr\u00e1ndole un tiempo y un esfuerzo preciosos. AutomatorWP WooCommerce se integra efectivamente con su tienda WooCommerce, lo que le permite configurar los desencadenantes de automatizaci\u00f3n seg\u00fan el comportamiento del cliente, el historial de compras y m\u00e1s. Este complemento din\u00e1mico ofrece posibilidades ilimitadas para automatizar su tienda WooCommerce, desde enviar correos electr\u00f3nicos de seguimiento personalizados a los clientes hasta administrar los niveles de acciones. Con AutomatorWP WooCommerce, puede convertir su tienda en l\u00ednea en una plataforma totalmente automatizada, eficiente y amigable con el cliente. Experimente la conveniencia y eficiencia de la automatizaci\u00f3n con AutomatorWP WooCommerce.<\/p>\n","protected":false},"featured_media":165434,"comment_status":"open","ping_status":"open","template":"","meta":[],"product_brand":[2368],"product_cat":[1207,1248,1206],"product_tag":[2210],"class_list":{"0":"post-128833","1":"product","2":"type-product","3":"status-publish","4":"has-post-thumbnail","6":"product_brand-automatorwp","7":"product_cat-comercio-electronico-plugins","8":"product_cat-personalizacion-comercio-electronico-plugins","9":"product_cat-plugins","10":"product_tag-automatorwp","11":"member-discount","12":"discount-restricted","14":"first","15":"instock","16":"sale","17":"downloadable","18":"virtual","19":"sold-individually","20":"purchasable","21":"product-type-simple"},"_links":{"self":[{"href":"https:\/\/gpl-love.com\/es\/wp-json\/wp\/v2\/product\/128833","targetHints":{"allow":["GET"]}}],"collection":[{"href":"https:\/\/gpl-love.com\/es\/wp-json\/wp\/v2\/product"}],"about":[{"href":"https:\/\/gpl-love.com\/es\/wp-json\/wp\/v2\/types\/product"}],"replies":[{"embeddable":true,"href":"https:\/\/gpl-love.com\/es\/wp-json\/wp\/v2\/comments?post=128833"}],"wp:featuredmedia":[{"embeddable":true,"href":"https:\/\/gpl-love.com\/es\/wp-json\/wp\/v2\/media\/165434"}],"wp:attachment":[{"href":"https:\/\/gpl-love.com\/es\/wp-json\/wp\/v2\/media?parent=128833"}],"wp:term":[{"taxonomy":"product_brand","embeddable":true,"href":"https:\/\/gpl-love.com\/es\/wp-json\/wp\/v2\/product_brand?post=128833"},{"taxonomy":"product_cat","embeddable":true,"href":"https:\/\/gpl-love.com\/es\/wp-json\/wp\/v2\/product_cat?post=128833"},{"taxonomy":"product_tag","embeddable":true,"href":"https:\/\/gpl-love.com\/es\/wp-json\/wp\/v2\/product_tag?post=128833"}],"curies":[{"name":"wp","href":"https:\/\/api.w.org\/{rel}","templated":true}]}}