{"id":128831,"date":"2022-07-26T00:00:00","date_gmt":"2022-07-26T05:00:00","guid":{"rendered":"https:\/\/gpl-love.com\/es\/producto\/automatorwp-easy-digital-downloads\/"},"modified":"2026-03-09T07:19:09","modified_gmt":"2026-03-09T12:19:09","slug":"automatorwp-easy-digital-downloads","status":"publish","type":"product","link":"https:\/\/gpl-love.com\/es\/producto\/automatorwp-easy-digital-downloads\/","title":{"rendered":"AutomatorWP Easy Digital Downloads 1.0.2"},"content":{"rendered":"<h3>AutomatorWP Easy Digital Downloads Caracteristicas<\/h3>\n<p>Automatorwp Easy Digital Downloads es una herramienta de automatizaci\u00f3n excepcionalmente robusta que le otorga la capacidad de automatizar sin esfuerzo varios aspectos de su tienda de descargas digitales f\u00e1ciles. Este notable complemento le permite generar flujos de trabajo intrincados que pueden ejecutar tareas sin problemas como transmitir correos electr\u00f3nicos, incorporar a los clientes en listas de correo, formular descuentos y mucho m\u00e1s. Adem\u00e1s, las descargas digitales de AutomatorWP Easy se integra perfectamente con otros complementos de WordPress altamente buscados, como los formularios de gravedad y WooCommerce y gravedad, lo que le brinda una soluci\u00f3n de automatizaci\u00f3n integral y que lo abarca. La mejor parte es que las descargas digitales de AutomatorWP Easy son incre\u00edblemente f\u00e1ciles de usar y no requiere ning\u00fan dominio de codificaci\u00f3n, lo que le permite acelerar la automatizaci\u00f3n de su tienda sin esfuerzo y r\u00e1pido. Al utilizar las descargas digitales f\u00e1ciles de AutomatorWP, tiene la capacidad de economizar el tiempo, amplificar la productividad y mejorar la experiencia general del cliente, todo mientras se mantiene un entorno de tiendas optimizado y automatizado.<\/p>\n<ul>\n<li>Racionalizaci\u00f3n y automatizaci\u00f3n de acciones y flujos de trabajo relacionados con EDD para sitios web de WordPress<\/li>\n<li>Se integra a la perfecci\u00f3n con AutomatorWP, una poderosa herramienta de automatizaci\u00f3n para WordPress<\/li>\n<li>Permite a los usuarios crear y personalizar f\u00e1cilmente los flujos de trabajo utilizando una interfaz simple de arrastrar y soltar<\/li>\n<li>Proporciona una amplia gama de desencadenantes y acciones para elegir, incluida la creaci\u00f3n de nuevas transacciones, el env\u00edo de correos electr\u00f3nicos personalizados y m\u00e1s<\/li>\n<li>Ofrece monitoreo y control en tiempo real de actividades relacionadas con EDD, con notificaciones y alertas personalizables<\/li>\n<li>Ayuda a ahorrar tiempo y esfuerzo en tareas manuales relacionadas con EDD, liberando recursos para otras actividades comerciales importantes<\/li>\n<li>Ofrece soluciones de automatizaci\u00f3n flexibles y escalables adecuadas para empresas de cualquier tama\u00f1o y complejidad<\/li>\n<li>F\u00e1cil de usar y f\u00e1cil de configurar, sin necesidad de codificaci\u00f3n ni experiencia t\u00e9cnica<\/li>\n<li>Proporciona una excelente atenci\u00f3n al cliente y documentaci\u00f3n, asegurando una experiencia sin problemas y sin problemas para los usuarios.<\/li>\n<\/ul>\n","protected":false},"excerpt":{"rendered":"<p>Integre su sitio web con nuestras descargas digitales Easy AutomatorWP, dise\u00f1adas para elevar su experiencia de ventas digitales. Esta funci\u00f3n clave se sincroniza sin esfuerzo con su plataforma existente, lo que le permite administrar todas sus descargas digitales con facilidad. Beneficiarse de nuestro sistema simplificado que ofrece simplicidad y eficiencia, atrayendo a m\u00e1s clientes potenciales. El AutomatorWP, combinado con nuestras descargas digitales f\u00e1ciles, transforma su negocio en l\u00ednea, mejora las interacciones de los clientes y aumenta las ventas. Experimente la conveniencia de un sistema de descarga digital integrado que no solo atrae a los clientes, sino que tambi\u00e9n les informa sobre sus productos de manera fluida y natural.<\/p>\n","protected":false},"featured_media":165418,"comment_status":"open","ping_status":"open","template":"","meta":[],"product_brand":[2368],"product_cat":[1207,1248,1206],"product_tag":[2210],"class_list":{"0":"post-128831","1":"product","2":"type-product","3":"status-publish","4":"has-post-thumbnail","6":"product_brand-automatorwp","7":"product_cat-comercio-electronico-plugins","8":"product_cat-personalizacion-comercio-electronico-plugins","9":"product_cat-plugins","10":"product_tag-automatorwp","11":"member-discount","12":"discount-restricted","14":"first","15":"instock","16":"sale","17":"downloadable","18":"virtual","19":"sold-individually","20":"purchasable","21":"product-type-simple"},"_links":{"self":[{"href":"https:\/\/gpl-love.com\/es\/wp-json\/wp\/v2\/product\/128831","targetHints":{"allow":["GET"]}}],"collection":[{"href":"https:\/\/gpl-love.com\/es\/wp-json\/wp\/v2\/product"}],"about":[{"href":"https:\/\/gpl-love.com\/es\/wp-json\/wp\/v2\/types\/product"}],"replies":[{"embeddable":true,"href":"https:\/\/gpl-love.com\/es\/wp-json\/wp\/v2\/comments?post=128831"}],"wp:featuredmedia":[{"embeddable":true,"href":"https:\/\/gpl-love.com\/es\/wp-json\/wp\/v2\/media\/165418"}],"wp:attachment":[{"href":"https:\/\/gpl-love.com\/es\/wp-json\/wp\/v2\/media?parent=128831"}],"wp:term":[{"taxonomy":"product_brand","embeddable":true,"href":"https:\/\/gpl-love.com\/es\/wp-json\/wp\/v2\/product_brand?post=128831"},{"taxonomy":"product_cat","embeddable":true,"href":"https:\/\/gpl-love.com\/es\/wp-json\/wp\/v2\/product_cat?post=128831"},{"taxonomy":"product_tag","embeddable":true,"href":"https:\/\/gpl-love.com\/es\/wp-json\/wp\/v2\/product_tag?post=128831"}],"curies":[{"name":"wp","href":"https:\/\/api.w.org\/{rel}","templated":true}]}}