{"id":128709,"date":"2024-12-22T00:00:00","date_gmt":"2024-12-22T05:00:00","guid":{"rendered":"https:\/\/gpl-love.com\/es\/producto\/mega-main-menu\/"},"modified":"2026-03-09T07:49:43","modified_gmt":"2026-03-09T12:49:43","slug":"mega-main-menu","status":"publish","type":"product","link":"https:\/\/gpl-love.com\/es\/producto\/mega-main-menu\/","title":{"rendered":"Mega Main Menu 2.2.4"},"content":{"rendered":"<h3>Mega Main Menu Caracteristicas<\/h3>\n<p>El men\u00fa principal de Mega, un complemento de WordPress altamente potente y adaptable, presenta un sistema de navegaci\u00f3n altamente intuitivo y f\u00e1cil de usar para su sitio web. Este complemento le permite crear men\u00fas visualmente impresionantes y receptivos sin esfuerzo, que se pueden administrar y optimizar sin problemas en una multitud de plataformas, incluidos los dispositivos de escritorio y m\u00f3viles. Al aprovechar las capacidades del mega men\u00fa principal, puede inyectar sin esfuerzo una gran cantidad de elementos como iconos, widgets y c\u00f3digos cortos en sus men\u00fas, facilitando as\u00ed la creaci\u00f3n de dise\u00f1os personalizados y distintivos que se alinean acertadamente con su identidad de marca. Adem\u00e1s, este complemento cuenta con una amplia gama de opciones de configuraci\u00f3n, lo que le brinda la oportunidad de adaptar meticulosamente la apariencia y el ambiente de sus men\u00fas para armonizar con la paleta est\u00e9tica y de colores de su sitio web. En esencia, el men\u00fa principal de Mega se erige como una herramienta indispensable para los propietarios de sitios web que aspiran a elevar la estructura de navegaci\u00f3n y la experiencia general del usuario de sus plataformas en l\u00ednea.<\/p>\n<ul>\n<li>Un complemento de WordPress receptivo y personalizable para crear men\u00fas de navegaci\u00f3n avanzados<\/li>\n<li>Ofrece numerosas plantillas predise\u00f1adas para elegir, y tambi\u00e9n permite que la personalizaci\u00f3n completa se ajuste a la marca de su sitio web<\/li>\n<li>Proporciona soporte para men\u00fas desplegables, iconos, im\u00e1genes y widgets para agregar funcionalidades avanzadas al men\u00fa<\/li>\n<li>Le permite agregar una barra de b\u00fasqueda, informar\/registrar formularios, un carrito de compras e iconos de redes sociales al men\u00fa<\/li>\n<li>Le permite crear men\u00fas multinivel con niveles de submen\u00fa ilimitados<\/li>\n<li>Ofrece m\u00e1s de 100 opciones de fuentes y variaciones de color ilimitadas para dise\u00f1ar el men\u00fa<\/li>\n<li>Compatible con constructores de p\u00e1ginas populares, como Elementor, Visual Composer, Divi y Beaver Builder<\/li>\n<li>Proporciona una amplia documentaci\u00f3n y un equipo de apoyo \u00fatil<\/li>\n<li>Actualizado regularmente con nuevas funciones y correcciones de errores.<\/li>\n<li>Facilidad de uso y principiantes amigables.<\/li>\n<\/ul>\n","protected":false},"excerpt":{"rendered":"<p>El men\u00fa principal de Mega, un notable complemento de WordPress, cuenta con la capacidad de fabricar men\u00fas est\u00e9ticamente agradables y altamente funcionales para los sitios web. Este complemento, equipado con una interfaz intuitiva de arrastrar y soltar y una extensa gama de dise\u00f1os personalizables, permite a los usuarios construir men\u00fas receptivos sin esfuerzo que se adaptan perfectamente a cualquier dispositivo. Con una gran cantidad de opciones a su disposici\u00f3n, como una selecci\u00f3n diversa de 12 estilos distintos, 10 esquemas de color atractivos y una multitud de animaciones desplegables cautivadoras, Mega Main Menu permite a los usuarios elevar las capacidades de navegaci\u00f3n de su sitio web y otorgar a sus estimados visitantes y Experiencia de usuario incomparable.<\/p>\n","protected":false},"featured_media":166734,"comment_status":"open","ping_status":"open","template":"","meta":[],"product_brand":[2339],"product_cat":[1214,1206,1211],"product_tag":[1256],"class_list":{"0":"post-128709","1":"product","2":"type-product","3":"status-publish","4":"has-post-thumbnail","6":"product_brand-codecanyon","7":"product_cat-personalizacion","8":"product_cat-plugins","9":"product_cat-wordpress-plugins","10":"product_tag-codecanyon","11":"member-discount","12":"discount-restricted","14":"first","15":"instock","16":"sale","17":"downloadable","18":"virtual","19":"sold-individually","20":"purchasable","21":"product-type-simple"},"_links":{"self":[{"href":"https:\/\/gpl-love.com\/es\/wp-json\/wp\/v2\/product\/128709","targetHints":{"allow":["GET"]}}],"collection":[{"href":"https:\/\/gpl-love.com\/es\/wp-json\/wp\/v2\/product"}],"about":[{"href":"https:\/\/gpl-love.com\/es\/wp-json\/wp\/v2\/types\/product"}],"replies":[{"embeddable":true,"href":"https:\/\/gpl-love.com\/es\/wp-json\/wp\/v2\/comments?post=128709"}],"wp:featuredmedia":[{"embeddable":true,"href":"https:\/\/gpl-love.com\/es\/wp-json\/wp\/v2\/media\/166734"}],"wp:attachment":[{"href":"https:\/\/gpl-love.com\/es\/wp-json\/wp\/v2\/media?parent=128709"}],"wp:term":[{"taxonomy":"product_brand","embeddable":true,"href":"https:\/\/gpl-love.com\/es\/wp-json\/wp\/v2\/product_brand?post=128709"},{"taxonomy":"product_cat","embeddable":true,"href":"https:\/\/gpl-love.com\/es\/wp-json\/wp\/v2\/product_cat?post=128709"},{"taxonomy":"product_tag","embeddable":true,"href":"https:\/\/gpl-love.com\/es\/wp-json\/wp\/v2\/product_tag?post=128709"}],"curies":[{"name":"wp","href":"https:\/\/api.w.org\/{rel}","templated":true}]}}