{"id":128707,"date":"2026-01-12T00:00:00","date_gmt":"2026-01-12T05:00:00","guid":{"rendered":"https:\/\/gpl-love.com\/es\/producto\/automatewoo-refer-a-friend\/"},"modified":"2026-03-09T07:19:05","modified_gmt":"2026-03-09T12:19:05","slug":"automatewoo-refer-a-friend","status":"publish","type":"product","link":"https:\/\/gpl-love.com\/es\/producto\/automatewoo-refer-a-friend\/","title":{"rendered":"AutomateWoo Refer A Friend 2.8.13"},"content":{"rendered":"<h3>AutomateWoo Refer A Friend Caracteristicas<\/h3>\n<p>Automatewoo Refer a un amigo, una herramienta de marketing de referencia altamente potente, est\u00e1 dise\u00f1ada para ayudar a las empresas a atraer una base de clientes m\u00e1s grande a trav\u00e9s del poderoso medio de boca en boca. Este complemento excepcional le permite establecer programas de referencia a medida que incentiven efectivamente a su clientela existente, alent\u00e1ndolos a extender invitaciones a sus conocidos y familiares, convirti\u00e9ndolos en clientes nuevos. Al aprovechar las funcionalidades de correo electr\u00f3nico automatizadas, la provisi\u00f3n de enlaces de referencia \u00fanicos y la implementaci\u00f3n de recompensas para referencias exitosas, AutomateWoo le considera un amigo sin problemas en la expansi\u00f3n de su base de clientes y el aumento de sus fuentes de ingresos. Adem\u00e1s, este notable complemento lo equipa con informes y an\u00e1lisis exhaustivos, lo que le permite rastrear meticulosamente el rendimiento de su programa de referencia y optimizar su eficacia para obtener resultados a\u00fan m\u00e1s notables. Ya sea que sea un propietario de negocios a peque\u00f1a escala o un profesional de marketing experimentado, AutomateWoo Referle a un amigo es una herramienta indispensable que posee el potencial de proporcionar asistencia invaluable para realizar sus aspiraciones.<\/p>\n<ul>\n<li>Aumente su marketing de referencia con Automatewoo&#8217;s Refer a Friend Program<\/li>\n<li>Alentar a los clientes leales a remitir a sus amigos y familiares a su negocio.<\/li>\n<li>Integre perfectamente el programa Refer a Friend en su tienda en l\u00ednea con Automatewoo<\/li>\n<li>Ofrecer incentivos tanto al referente como al \u00e1rbitro para referencias exitosas<\/li>\n<li>Administrar y rastrear f\u00e1cilmente los resultados de su programa de referencia a trav\u00e9s del tablero de Automatewoo<\/li>\n<li>La configuraci\u00f3n personalizable le permite adaptar el programa para que se ajuste a las necesidades de su negocio<\/li>\n<li>Aumente la adquisici\u00f3n y retenci\u00f3n de los clientes a trav\u00e9s del poder del marketing de boca en boca con el programa Automatewoo Refer A Friend.<\/li>\n<\/ul>\n","protected":false},"excerpt":{"rendered":"<p>Latar el potencial de su negocio en l\u00ednea con AutomateWoo Refer a un amigo. Esta poderosa herramienta le permite convertir a sus clientes existentes en defensores de la marca, aprovechando sus redes sociales para impulsar las referencias y aumentar sus ventas. AutomateWoo Referle Un amigo le permite incorporar a la perfecci\u00f3n un programa de referencia en su tienda WooCommerce. Su interfaz f\u00e1cil de usar facilita la administraci\u00f3n y monitorear sus referencias, mientras que sus caracter\u00edsticas personalizables le permiten adaptar su programa para satisfacer sus necesidades comerciales. Las caracter\u00edsticas y beneficios clave de esta herramienta incluyen recordatorios de correo electr\u00f3nico automatizados para clientes, c\u00f3digos de referencia personalizables e informes completos para ayudarlo a rastrear el \u00e9xito de su programa de referencia. Con AutomateWoo Refer a un amigo, no solo atraer\u00e1 a nuevos clientes sino que tambi\u00e9n fomenta la lealtad entre sus existentes, lo que impulsa el crecimiento a largo plazo para su negocio.<\/p>\n","protected":false},"featured_media":165415,"comment_status":"open","ping_status":"open","template":"","meta":[],"product_brand":[2367],"product_cat":[1207,1225,1206],"product_tag":[1242],"class_list":{"0":"post-128707","1":"product","2":"type-product","3":"status-publish","4":"has-post-thumbnail","6":"product_brand-automate-woo","7":"product_cat-comercio-electronico-plugins","8":"product_cat-marketing","9":"product_cat-plugins","10":"product_tag-automate-woo","11":"member-discount","12":"discount-restricted","14":"first","15":"instock","16":"sale","17":"downloadable","18":"virtual","19":"sold-individually","20":"purchasable","21":"product-type-simple"},"_links":{"self":[{"href":"https:\/\/gpl-love.com\/es\/wp-json\/wp\/v2\/product\/128707","targetHints":{"allow":["GET"]}}],"collection":[{"href":"https:\/\/gpl-love.com\/es\/wp-json\/wp\/v2\/product"}],"about":[{"href":"https:\/\/gpl-love.com\/es\/wp-json\/wp\/v2\/types\/product"}],"replies":[{"embeddable":true,"href":"https:\/\/gpl-love.com\/es\/wp-json\/wp\/v2\/comments?post=128707"}],"wp:featuredmedia":[{"embeddable":true,"href":"https:\/\/gpl-love.com\/es\/wp-json\/wp\/v2\/media\/165415"}],"wp:attachment":[{"href":"https:\/\/gpl-love.com\/es\/wp-json\/wp\/v2\/media?parent=128707"}],"wp:term":[{"taxonomy":"product_brand","embeddable":true,"href":"https:\/\/gpl-love.com\/es\/wp-json\/wp\/v2\/product_brand?post=128707"},{"taxonomy":"product_cat","embeddable":true,"href":"https:\/\/gpl-love.com\/es\/wp-json\/wp\/v2\/product_cat?post=128707"},{"taxonomy":"product_tag","embeddable":true,"href":"https:\/\/gpl-love.com\/es\/wp-json\/wp\/v2\/product_tag?post=128707"}],"curies":[{"name":"wp","href":"https:\/\/api.w.org\/{rel}","templated":true}]}}