{"id":128705,"date":"2026-04-08T00:00:00","date_gmt":"2026-04-08T05:00:00","guid":{"rendered":"https:\/\/gpl-love.com\/es\/producto\/automatewoo-birthdays\/"},"modified":"2026-04-08T17:15:20","modified_gmt":"2026-04-08T22:15:20","slug":"automatewoo-birthdays","status":"publish","type":"product","link":"https:\/\/gpl-love.com\/es\/producto\/automatewoo-birthdays\/","title":{"rendered":"AutomateWoo Birthdays 1.3.57"},"content":{"rendered":"<h3>AutomateWoo Birthdays Caracteristicas<\/h3>\n<p>AutomateWoo Birthdays es una herramienta incre\u00edblemente robusta y eficiente que permite a las empresas automatizar sin esfuerzo y eficientemente sus campa\u00f1as de marketing de cumplea\u00f1os con la mayor facilidad y conveniencia. Esta notable herramienta permite a las empresas enviar mensajes de cumplea\u00f1os y ofertas de cumplea\u00f1os altamente personalizadas y a medida a sus estimados y apreciados clientes en su d\u00eda de nacimiento trascendental y excepcional. Adem\u00e1s, este complemento extraordinario se integra perfectamente con WooCommerce, una de las plataformas de comercio electr\u00f3nico m\u00e1s reconocidas y ampliamente utilizadas, lo que hace que sea excepcionalmente f\u00e1cil y directo configurar y personalizar de acuerdo con los requisitos y preferencias \u00fanicas del negocio. Al aprovechar las notables capacidades y funcionalidades de los cumplea\u00f1os de AutomateWoo, las empresas pueden elevar y mejorar de manera notable y significativamente mejorada la participaci\u00f3n del cliente, generar ventas e ingresos, y lo m\u00e1s importante, forja y cultivan conexiones y relaciones m\u00e1s profundas y m\u00e1s profundas con sus estimados clientes. Por lo tanto, es genuina e indudablemente un complemento indispensable y crucial para las empresas que aspiran y se esfuerzan por trascender y superar sus campa\u00f1as e iniciativas de marketing existentes, lo que les permite destacar de la competencia implacable y feroz que permean el paisaje empresarial contempor\u00e1neo. En conclusi\u00f3n, se puede afirmar con confianza e inequ\u00edvocamente que los cumplea\u00f1os de Automatewoo son una necesidad absoluta e inequ\u00edvoca y una herramienta indispensable para cualquier negocio que busque genuina y sinceramente forjar y establecer conexiones y relaciones significativas y profundas con sus clientes estimados y, en general, catalizar y catalizar y impulsar un crecimiento y expansi\u00f3n sustancial y notable.<\/p>\n<ul>\n<li>Env\u00eda autom\u00e1ticamente correos electr\u00f3nicos de cumplea\u00f1os personalizados a sus clientes.<\/li>\n<li>Ofrece la capacidad de incluir descuentos o regalos personalizados en el correo electr\u00f3nico.<\/li>\n<li>Env\u00eda una serie de correos electr\u00f3nicos de seguimiento a los clientes en funci\u00f3n de su compromiso con el correo electr\u00f3nico de cumplea\u00f1os inicial.<\/li>\n<li>Se integra con plataformas populares de comercio electr\u00f3nico como WooCommerce y Shopify.<\/li>\n<li>Se puede programar para enviar correos electr\u00f3nicos de cumplea\u00f1os a una hora espec\u00edfica cada d\u00eda\/semana\/mes.<\/li>\n<li>Proporciona informes y an\u00e1lisis en profundidad sobre las tasas de compromiso de correo electr\u00f3nico de cumplea\u00f1os.<\/li>\n<li>Permite la creaci\u00f3n de m\u00faltiples plantillas de correo electr\u00f3nico de cumplea\u00f1os y la segmentaci\u00f3n de clientes basados \u200b\u200ben una demograf\u00eda espec\u00edfica.<\/li>\n<li>Proporciona datos e informaci\u00f3n del cliente para ayudar a las empresas a comprender mejor su base de clientes.<\/li>\n<\/ul>\n","protected":false},"excerpt":{"rendered":"<p>Pon un toque personal a su estrategia de marketing con los cumplea\u00f1os de AutomateWoo. Este software avanzado est\u00e1 dise\u00f1ado para ayudar a empresas como la suya a automatizar saludos de cumplea\u00f1os y ofertas especiales, lo que lleva a una mayor participaci\u00f3n y lealtad del cliente. Con los cumplea\u00f1os de AutomateWoo, puede crear y personalizar f\u00e1cilmente correos electr\u00f3nicos de cumplea\u00f1os o SMS para sus clientes. Las potentes funciones de automatizaci\u00f3n del software aseguran que estos mensajes se env\u00eden en el momento adecuado, cada vez. Adem\u00e1s, tambi\u00e9n recopila datos valiosos del cliente que se pueden utilizar para refinar a\u00fan m\u00e1s sus esfuerzos de marketing. Experimente los beneficios del marketing personalizado con los cumplea\u00f1os de AutomateWoo.<\/p>\n","protected":false},"featured_media":165413,"comment_status":"open","ping_status":"open","template":"","meta":[],"product_brand":[2367],"product_cat":[1207,1225,1206],"product_tag":[1242],"class_list":{"0":"post-128705","1":"product","2":"type-product","3":"status-publish","4":"has-post-thumbnail","6":"product_brand-automate-woo","7":"product_cat-comercio-electronico-plugins","8":"product_cat-marketing","9":"product_cat-plugins","10":"product_tag-automate-woo","11":"member-discount","12":"discount-restricted","14":"first","15":"instock","16":"sale","17":"downloadable","18":"virtual","19":"sold-individually","20":"purchasable","21":"product-type-simple"},"_links":{"self":[{"href":"https:\/\/gpl-love.com\/es\/wp-json\/wp\/v2\/product\/128705","targetHints":{"allow":["GET"]}}],"collection":[{"href":"https:\/\/gpl-love.com\/es\/wp-json\/wp\/v2\/product"}],"about":[{"href":"https:\/\/gpl-love.com\/es\/wp-json\/wp\/v2\/types\/product"}],"replies":[{"embeddable":true,"href":"https:\/\/gpl-love.com\/es\/wp-json\/wp\/v2\/comments?post=128705"}],"wp:featuredmedia":[{"embeddable":true,"href":"https:\/\/gpl-love.com\/es\/wp-json\/wp\/v2\/media\/165413"}],"wp:attachment":[{"href":"https:\/\/gpl-love.com\/es\/wp-json\/wp\/v2\/media?parent=128705"}],"wp:term":[{"taxonomy":"product_brand","embeddable":true,"href":"https:\/\/gpl-love.com\/es\/wp-json\/wp\/v2\/product_brand?post=128705"},{"taxonomy":"product_cat","embeddable":true,"href":"https:\/\/gpl-love.com\/es\/wp-json\/wp\/v2\/product_cat?post=128705"},{"taxonomy":"product_tag","embeddable":true,"href":"https:\/\/gpl-love.com\/es\/wp-json\/wp\/v2\/product_tag?post=128705"}],"curies":[{"name":"wp","href":"https:\/\/api.w.org\/{rel}","templated":true}]}}