{"id":128689,"date":"2023-06-13T00:00:00","date_gmt":"2023-06-13T05:00:00","guid":{"rendered":"https:\/\/gpl-love.com\/es\/producto\/jeg-weather-forecast-addon-para-elementor-y-wpbakery\/"},"modified":"2026-03-09T07:44:10","modified_gmt":"2026-03-09T12:44:10","slug":"jeg-weather-forecast-addon-para-elementor-y-wpbakery","status":"publish","type":"product","link":"https:\/\/gpl-love.com\/es\/producto\/jeg-weather-forecast-addon-para-elementor-y-wpbakery\/","title":{"rendered":"Jeg Weather Forecast Addon para Elementor y WPBakery 1.0.5"},"content":{"rendered":"<h3>Jeg Weather Forecast Addon para Elementor y WPBakery Caracteristicas<\/h3>\n<p>El complemento JEG Weather Forecast, que es un complemento incre\u00edblemente potente y notablemente f\u00e1cil de usar, est\u00e1 dise\u00f1ado espec\u00edficamente para las plataformas Elementer y Wpbakery, lo que permite a los usuarios obtener sin esfuerzo previstas meteorol\u00f3gicas para cualquier ubicaci\u00f3n en todo el mundo. Este complemento excepcional cuenta con una interfaz intuitiva y una variedad de caracter\u00edsticas avanzadas, ofreciendo a los usuarios la capacidad de incorporar a la perfecci\u00f3n widgets meteorol\u00f3gicos en sus p\u00e1ginas o publicaciones web, mostrando as\u00ed condiciones de actual Bases diarias, entre otra informaci\u00f3n valiosa. Incre\u00edblemente vers\u00e1til, el complemento permite una amplia personalizaci\u00f3n, otorgando a los usuarios acceso a una amplia gama de opciones de dise\u00f1o y una variedad de fuentes de datos meteorol\u00f3gicos para seleccionar. Por lo tanto, ya sea que est\u00e9 desarrollando un blog de viajes cautivador, un sitio web de recreaci\u00f3n al aire libre atractivo, o simplemente est\u00e9 interesado en garantizar que sus visitantes se mantengan constantemente informados con respecto a las condiciones clim\u00e1ticas locales, el complemento de pron\u00f3stico del clima de JEG es una herramienta indispensable que sin duda lo har\u00e1 sin duda. Mejore la funcionalidad y la utilidad general de su sitio web.<\/p>\n<ul>\n<li>Integraci\u00f3n de pron\u00f3stico meteorol\u00f3gico en tiempo real directamente en Elemoror y Wpbakery<\/li>\n<li>Incluye condiciones clim\u00e1ticas actuales, pron\u00f3sticos por hora y diario, y un pron\u00f3stico extendido de 10 d\u00edas<\/li>\n<li>Muestra los \u00edconos del clima para representar visualmente las condiciones actuales<\/li>\n<li>Elija entre m\u00faltiples estilos de dise\u00f1o y personalice las opciones de fuente y color<\/li>\n<li>Opci\u00f3n para mostrar el clima para ubicaci\u00f3n espec\u00edfica o ubicaci\u00f3n actual del usuario utilizando Geolocation<\/li>\n<li>Compatible con todas las principales fuentes de datos meteorol\u00f3gicos como OpenWeathermap, Weatherbit y Accuweather<\/li>\n<li>Dise\u00f1o que responde a dispositivos m\u00f3viles para una visualizaci\u00f3n perfecta en todos los dispositivos<\/li>\n<li>Instalaci\u00f3n y configuraci\u00f3n f\u00e1cil con documentaci\u00f3n detallada y soporte disponible<\/li>\n<\/ul>\n","protected":false},"excerpt":{"rendered":"<p>El complemento de JEG Weather Forecast es un complemento incre\u00edblemente robusto y altamente efectivo que se integra sin esfuerzo tanto con Elementor como WPbakery, lo que le ofrece la capacidad de adquirir pron\u00f3sticos meteorol\u00f3gicos precisos y meticulosos para su sitio web. Este complemento extraordinario abarca una extensa variedad de widgets y m\u00f3dulos que son completamente personalizables, lo que le otorga la libertad de exhibir una variedad de detalles, como las condiciones atmosf\u00e9ricas actuales, las predicciones de temperatura, la velocidad del viento y la abundancia de informaci\u00f3n adicional. Independientemente de si est\u00e1 operando un blog de viajes cautivador, una tienda en l\u00ednea floreciente o incluso un sitio web de noticias local popular, el complemento de pron\u00f3stico del tiempo de JEG sirve como el instrumento ideal para garantizar que los visitantes de su sitio estimados se mantengan constantemente bien informados y significativamente comprometidos . \u00a1Eleve la calidad de su sitio web hoy instalando este complemento de proyectos de clima indispensable e indispensable!<\/p>\n","protected":false},"featured_media":166496,"comment_status":"open","ping_status":"open","template":"","meta":[],"product_brand":[2339],"product_cat":[1214,1206,1211],"product_tag":[1256],"class_list":{"0":"post-128689","1":"product","2":"type-product","3":"status-publish","4":"has-post-thumbnail","6":"product_brand-codecanyon","7":"product_cat-personalizacion","8":"product_cat-plugins","9":"product_cat-wordpress-plugins","10":"product_tag-codecanyon","11":"member-discount","12":"discount-restricted","14":"first","15":"instock","16":"sale","17":"downloadable","18":"virtual","19":"sold-individually","20":"purchasable","21":"product-type-simple"},"_links":{"self":[{"href":"https:\/\/gpl-love.com\/es\/wp-json\/wp\/v2\/product\/128689","targetHints":{"allow":["GET"]}}],"collection":[{"href":"https:\/\/gpl-love.com\/es\/wp-json\/wp\/v2\/product"}],"about":[{"href":"https:\/\/gpl-love.com\/es\/wp-json\/wp\/v2\/types\/product"}],"replies":[{"embeddable":true,"href":"https:\/\/gpl-love.com\/es\/wp-json\/wp\/v2\/comments?post=128689"}],"wp:featuredmedia":[{"embeddable":true,"href":"https:\/\/gpl-love.com\/es\/wp-json\/wp\/v2\/media\/166496"}],"wp:attachment":[{"href":"https:\/\/gpl-love.com\/es\/wp-json\/wp\/v2\/media?parent=128689"}],"wp:term":[{"taxonomy":"product_brand","embeddable":true,"href":"https:\/\/gpl-love.com\/es\/wp-json\/wp\/v2\/product_brand?post=128689"},{"taxonomy":"product_cat","embeddable":true,"href":"https:\/\/gpl-love.com\/es\/wp-json\/wp\/v2\/product_cat?post=128689"},{"taxonomy":"product_tag","embeddable":true,"href":"https:\/\/gpl-love.com\/es\/wp-json\/wp\/v2\/product_tag?post=128689"}],"curies":[{"name":"wp","href":"https:\/\/api.w.org\/{rel}","templated":true}]}}