{"id":128684,"date":"2022-07-10T00:00:00","date_gmt":"2022-07-10T05:00:00","guid":{"rendered":"https:\/\/gpl-love.com\/es\/producto\/hodil-architecture-agency-wordpress-theme\/"},"modified":"2026-03-13T17:22:07","modified_gmt":"2026-03-13T22:22:07","slug":"hodil-architecture-agency-wordpress-theme","status":"publish","type":"product","link":"https:\/\/gpl-love.com\/es\/producto\/hodil-architecture-agency-wordpress-theme\/","title":{"rendered":"Hodil Architecture Agency WordPress Theme 1.3.1"},"content":{"rendered":"<h3>Hodil Architecture Agency WordPress Theme Caracteristicas<\/h3>\n<p>El tema de WordPress de la Agencia de Arquitectura Hodil, reconocido por su multifuncionalidad y adaptabilidad, surge como un instrumento invaluable en la construcci\u00f3n de un sitio web extraordinario adecuado para cualquier agencia de arquitectura o empresa de dise\u00f1o. Con su dise\u00f1o inmaculado y contempor\u00e1neo, este tema cuenta con una extensa gama de caracter\u00edsticas y opciones que sirven para exhibir su cartera, acentuar sus servicios y fomentar interacciones significativas con su estimada clientela. Adem\u00e1s, su dise\u00f1o y compatibilidad receptivos con complementos prominentes garantizan que su sitio web exude un atractivo est\u00e9tico en todos los dispositivos y seguir\u00e1 siendo manejable sin esfuerzo. Independientemente de si posee a\u00f1os de experiencia como desarrollador web experimentado o si es un novato que solo se aventura en este \u00e1mbito, la agencia de arquitectura de Hodil WordPress Temo atiende a sus necesidades al proporcionar una interfaz f\u00e1cil de usar y opciones intuitivas que lo capaciten para crear una en l\u00ednea presencia que es profesional e influyente.<\/p>\n<ul>\n<li>Dise\u00f1o elegante y moderno adecuado para agencias de arquitectura<\/li>\n<li>Totalmente personalizable con numerosas opciones de temas<\/li>\n<li>Construido con una estructura amigable para el SEO para mejorar la visibilidad del sitio web<\/li>\n<li>Dise\u00f1o receptivo y amigable para dispositivos m\u00f3viles para una visualizaci\u00f3n \u00f3ptima en todos los dispositivos<\/li>\n<li>Incluye una gama de plantillas y bloques de p\u00e1gina preconstruidas para una f\u00e1cil creaci\u00f3n de contenido<\/li>\n<li>Admite m\u00faltiples idiomas para el p\u00fablico global<\/li>\n<li>Integraci\u00f3n f\u00e1cil con complementos populares como WooCommerce y el Formulario de contacto 7<\/li>\n<li>Velocidades de carga de rayo para una experiencia de usuario suave<\/li>\n<li>Actualizaciones regulares y atenci\u00f3n al cliente dedicada<\/li>\n<\/ul>\n","protected":false},"excerpt":{"rendered":"<p>El tema de WordPress de la Agencia de Arquitectura Hodil es una plantilla excepcional y contempor\u00e1nea que ha sido meticulosamente elaborada con el \u00fanico prop\u00f3sito de atender a agencias de arquitectura, dise\u00f1adores de interiores y arquitectos paisaj\u00edsticos. Este tema particular se enorgullece de su dise\u00f1o elegante y pulido, lo que lo convierte en una plataforma ideal para resaltar de manera efectiva varios proyectos, servicios e informaci\u00f3n pertinente de la compa\u00f1\u00eda. Adem\u00e1s de sus atributos visualmente impresionantes, la agencia de arquitectura de Hodil WordPress Temo ofrece una variedad de caracter\u00edsticas beneficiosas, como opciones personalizables para la personalizaci\u00f3n sin esfuerzo, un dise\u00f1o receptivo que se adapta perfectamente a diferentes dispositivos y una amplia gama de dise\u00f1os para blogs y carteras. Adem\u00e1s, este tema tambi\u00e9n proporciona formularios f\u00e1ciles de usar, asegurando una experiencia sin problemas para los visitantes. Por lo tanto, sin duda, el tema de WordPress de la Agencia de Arquitectura de Hodil sirve como la soluci\u00f3n definitiva para cualquier empresa relacionada con la arquitectura que se esfuerza por establecer una presencia en l\u00ednea prominente.<\/p>\n","protected":false},"featured_media":166418,"comment_status":"open","ping_status":"open","template":"","meta":[],"product_brand":[2337],"product_cat":[1307,1237,1238],"product_tag":[1391],"class_list":{"0":"post-128684","1":"product","2":"type-product","3":"status-publish","4":"has-post-thumbnail","6":"product_brand-themeforest","7":"product_cat-negocio-wordpress-temas","8":"product_cat-temas","9":"product_cat-wordpress-temas","10":"product_tag-themeforest","11":"member-discount","12":"discount-restricted","14":"first","15":"instock","16":"sale","17":"downloadable","18":"virtual","19":"sold-individually","20":"purchasable","21":"product-type-simple"},"_links":{"self":[{"href":"https:\/\/gpl-love.com\/es\/wp-json\/wp\/v2\/product\/128684","targetHints":{"allow":["GET"]}}],"collection":[{"href":"https:\/\/gpl-love.com\/es\/wp-json\/wp\/v2\/product"}],"about":[{"href":"https:\/\/gpl-love.com\/es\/wp-json\/wp\/v2\/types\/product"}],"replies":[{"embeddable":true,"href":"https:\/\/gpl-love.com\/es\/wp-json\/wp\/v2\/comments?post=128684"}],"wp:featuredmedia":[{"embeddable":true,"href":"https:\/\/gpl-love.com\/es\/wp-json\/wp\/v2\/media\/166418"}],"wp:attachment":[{"href":"https:\/\/gpl-love.com\/es\/wp-json\/wp\/v2\/media?parent=128684"}],"wp:term":[{"taxonomy":"product_brand","embeddable":true,"href":"https:\/\/gpl-love.com\/es\/wp-json\/wp\/v2\/product_brand?post=128684"},{"taxonomy":"product_cat","embeddable":true,"href":"https:\/\/gpl-love.com\/es\/wp-json\/wp\/v2\/product_cat?post=128684"},{"taxonomy":"product_tag","embeddable":true,"href":"https:\/\/gpl-love.com\/es\/wp-json\/wp\/v2\/product_tag?post=128684"}],"curies":[{"name":"wp","href":"https:\/\/api.w.org\/{rel}","templated":true}]}}