{"id":128682,"date":"2022-07-10T00:00:00","date_gmt":"2022-07-10T05:00:00","guid":{"rendered":"https:\/\/gpl-love.com\/es\/producto\/glax-industry-wordpress-theme\/"},"modified":"2026-03-13T17:21:17","modified_gmt":"2026-03-13T22:21:17","slug":"glax-industry-wordpress-theme","status":"publish","type":"product","link":"https:\/\/gpl-love.com\/es\/producto\/glax-industry-wordpress-theme\/","title":{"rendered":"Glax Industry WordPress Theme 1.4"},"content":{"rendered":"<h3>Glax Industry WordPress Theme Caracteristicas<\/h3>\n<p>El tema de WordPress de la industria GLAX es una herramienta incre\u00edblemente robusta que ha sido dise\u00f1ada por expertos para satisfacer los requisitos \u00fanicos de las empresas que operan dentro del sector industrial. Este tema excepcional proporciona una variedad de caracter\u00edsticas personalizables, lo que permite a los propietarios de sitios para seleccionar una presencia en l\u00ednea que se alinee impecablemente con su identidad de marca. Lo que distingue a este tema es su interfaz f\u00e1cil de usar, lo que permite a las personas con experiencia t\u00e9cnica limitada para construir sin esfuerzo un sitio web est\u00e9ticamente agradable y profesional que garantice una experiencia de usuario perfecta. Adem\u00e1s, el tema ofrece graciosamente una variedad de plantillas predise\u00f1adas, que se pueden adaptar f\u00e1cilmente para satisfacer las demandas precisas del propietario del sitio. Adem\u00e1s, cuenta con compatibilidad con una amplia selecci\u00f3n de complementos y complementos, lo que aumenta a\u00fan m\u00e1s su funcionalidad. En resumen, el tema de WordPress de la industria GLAX surge como una soluci\u00f3n incre\u00edblemente vers\u00e1til y robusta, ayudando efectivamente a cualquier negocio a establecer una presencia en l\u00ednea dominante y reforzar su visibilidad dentro del mercado digital.<\/p>\n<ul>\n<li>Tema profesional de WordPress dise\u00f1ado espec\u00edficamente para empresas en la industria manufacturera<\/li>\n<li>Dise\u00f1o limpio y moderno con un enfoque en im\u00e1genes e \u00edconos espec\u00edficos de la industria<\/li>\n<li>Totalmente receptivo y amigable para los dispositivos m\u00f3viles, asegurando que su sitio web se vea muy bien en cualquier dispositivo<\/li>\n<li>Incluye un poderoso panel de opciones de temas con opciones de personalizaci\u00f3n f\u00e1cil para colores, fuentes y dise\u00f1o.<\/li>\n<li>Widgets y c\u00f3digos cortos personalizados dise\u00f1ados espec\u00edficamente para la industria manufacturera, que incluyen un escaparate de productos, testimonios y miembros del equipo<\/li>\n<li>M\u00faltiples dise\u00f1os de la p\u00e1gina de inicio para elegir, incluido un control deslizante de pantalla completa y un banner est\u00e1tico con botones de llamada a la acci\u00f3n<\/li>\n<li>Integraci\u00f3n incorporada con WooCommerce, lo que le permite configurar f\u00e1cilmente una tienda en l\u00ednea para su negocio<\/li>\n<li>SEO optimizado para ayudar a su sitio web a clasificar m\u00e1s alto en los resultados del motor de b\u00fasqueda<\/li>\n<li>Proceso de instalaci\u00f3n r\u00e1pido y f\u00e1cil con contenido de demostraci\u00f3n incluido para ayudarlo a comenzar<\/li>\n<li>Atenci\u00f3n al cliente confiable de nuestro equipo de desarrolladores experimentados.<\/li>\n<\/ul>\n","protected":false},"excerpt":{"rendered":"<p>Dise\u00f1ado espec\u00edficamente para empresas en el sector industrial, el tema Glax Industry WordPress cuenta con un dise\u00f1o elegante y profesional que es visualmente atractivo y altamente funcional. Este tema ofrece una gran cantidad de dise\u00f1os personalizables, lo que le permite crear sin esfuerzo un sitio web \u00fanico que represente perfectamente su marca. Con sus opciones vers\u00e1tiles de encabezados, pies de p\u00e1gina y barra lateral, tiene la libertad de adaptar la apariencia de su sitio web seg\u00fan sus especificaciones exactas. El tema de WordPress de la industria GLAX no solo es est\u00e9ticamente agradable, sino que tambi\u00e9n est\u00e1 optimizado para la optimizaci\u00f3n de motores de b\u00fasqueda (SEO) y la capacidad de respuesta m\u00f3vil, lo que garantiza que su sitio web se vea impresionante y opere sin problemas en cualquier dispositivo. Gracias a sus caracter\u00edsticas f\u00e1ciles de usar, como edici\u00f3n de arrastrar y soltar y opciones de color personalizables, construir un sitio web impresionante y completamente funcional nunca ha sido m\u00e1s f\u00e1cil o m\u00e1s eficiente. Adem\u00e1s, el tema de WordPress de la industria GLAX se integra perfectamente con complementos populares como WooCommerce, Contact Form 7 y Slider Revolution, proporcion\u00e1ndole a\u00fan m\u00e1s versatilidad y una mejor funcionalidad. No se pierda la oportunidad de establecer una fuerte presencia en l\u00ednea para su negocio industrial: elija el tema de WordPress de la industria GLAX y eleva su presencia digital a nuevas alturas.<\/p>\n","protected":false},"featured_media":166262,"comment_status":"open","ping_status":"open","template":"","meta":[],"product_brand":[2337],"product_cat":[1307,1237,1238],"product_tag":[1391],"class_list":{"0":"post-128682","1":"product","2":"type-product","3":"status-publish","4":"has-post-thumbnail","6":"product_brand-themeforest","7":"product_cat-negocio-wordpress-temas","8":"product_cat-temas","9":"product_cat-wordpress-temas","10":"product_tag-themeforest","11":"member-discount","12":"discount-restricted","14":"first","15":"instock","16":"sale","17":"downloadable","18":"virtual","19":"sold-individually","20":"purchasable","21":"product-type-simple"},"_links":{"self":[{"href":"https:\/\/gpl-love.com\/es\/wp-json\/wp\/v2\/product\/128682","targetHints":{"allow":["GET"]}}],"collection":[{"href":"https:\/\/gpl-love.com\/es\/wp-json\/wp\/v2\/product"}],"about":[{"href":"https:\/\/gpl-love.com\/es\/wp-json\/wp\/v2\/types\/product"}],"replies":[{"embeddable":true,"href":"https:\/\/gpl-love.com\/es\/wp-json\/wp\/v2\/comments?post=128682"}],"wp:featuredmedia":[{"embeddable":true,"href":"https:\/\/gpl-love.com\/es\/wp-json\/wp\/v2\/media\/166262"}],"wp:attachment":[{"href":"https:\/\/gpl-love.com\/es\/wp-json\/wp\/v2\/media?parent=128682"}],"wp:term":[{"taxonomy":"product_brand","embeddable":true,"href":"https:\/\/gpl-love.com\/es\/wp-json\/wp\/v2\/product_brand?post=128682"},{"taxonomy":"product_cat","embeddable":true,"href":"https:\/\/gpl-love.com\/es\/wp-json\/wp\/v2\/product_cat?post=128682"},{"taxonomy":"product_tag","embeddable":true,"href":"https:\/\/gpl-love.com\/es\/wp-json\/wp\/v2\/product_tag?post=128682"}],"curies":[{"name":"wp","href":"https:\/\/api.w.org\/{rel}","templated":true}]}}