{"id":128680,"date":"2022-07-10T00:00:00","date_gmt":"2022-07-10T05:00:00","guid":{"rendered":"https:\/\/gpl-love.com\/es\/producto\/yvonne-makeup-artist-wordpress-theme\/"},"modified":"2026-03-13T17:35:26","modified_gmt":"2026-03-13T22:35:26","slug":"yvonne-makeup-artist-wordpress-theme","status":"publish","type":"product","link":"https:\/\/gpl-love.com\/es\/producto\/yvonne-makeup-artist-wordpress-theme\/","title":{"rendered":"Yvonne Makeup Artist WordPress Theme 1.0"},"content":{"rendered":"<h3>Yvonne Makeup Artist WordPress Theme Caracteristicas<\/h3>\n<p>El tema del artista de maquillaje de Yvonne WordPress es un tema exquisitamente cautivador y extremadamente modificable que ha sido dise\u00f1ado espec\u00edficamente para maquilladores y blogueros de belleza competentes. Con su dise\u00f1o receptivo y su constructor de p\u00e1ginas de arrastre y suelto f\u00e1cil de usar, este tema facilita la exhibici\u00f3n de su cartera, servicios y publicaciones de blog de una manera profundamente imaginativa y profesional. El tema de WordPress del artista de maquillaje de Yvonne presenta una variedad de opciones de personalizaci\u00f3n que abarcan numerosos esquemas de color, opciones tipogr\u00e1ficas y dise\u00f1os ilimitados para alinearse perfectamente con su estilo individual. En virtud de su SEO totalmente optimizado, su sitio web ascender\u00e1 a niveles m\u00e1s altos dentro de los resultados del motor de b\u00fasqueda, lo que atrae a una mayor afluencia de tr\u00e1fico a su empresa. Entonces, \u00bfpor qu\u00e9 retrasar m\u00e1s? \u00a1Adquirir el maquillador de Yvonne WordPress Tema sin dudarlo y catapultar su negocio de arte de maquillaje a alturas incomparables!<\/p>\n<ul>\n<li>Tema de WordPress bellamente dise\u00f1ado creado espec\u00edficamente para maquilladores<\/li>\n<li>F\u00e1cil de instalar y personalizar con dise\u00f1os de p\u00e1gina preconstruidos y esquemas de color<\/li>\n<li>El dise\u00f1o receptivo garantiza que su sitio web se vea genial en todos los dispositivos<\/li>\n<li>Instagram Feed Integration le permite exhibir su cartera en su sitio web<\/li>\n<li>Formulario de contacto y caracter\u00edsticas del sistema de reserva incluidas para una f\u00e1cil comunicaci\u00f3n y programaci\u00f3n del cliente<\/li>\n<li>Funcionalidad de blog incorporada para compartir consejos de maquillaje y noticias de la industria<\/li>\n<li>SEO optimizado para ayudarlo a clasificar m\u00e1s alto en los resultados de los motores de b\u00fasqueda y atraer m\u00e1s clientes<\/li>\n<li>Los \u00edconos de las redes sociales y los botones para compartir facilitan que los clientes compartan su trabajo con sus amigos y seguidores<\/li>\n<li>Equipo de atenci\u00f3n al cliente dedicado disponible para responder cualquier pregunta o ayuda con las necesidades de personalizaci\u00f3n.<\/li>\n<\/ul>\n","protected":false},"excerpt":{"rendered":"<p>Estamos encantados de presentar el tema de WordPress de maquillaje de Yvonne, una soluci\u00f3n excepcional e incomparable dise\u00f1ada espec\u00edficamente para profesionales de belleza que aspiran a exhibir su destreza art\u00edstica en el reino digital. Este tema notablemente receptivo, con un dise\u00f1o exquisito y sofisticado, est\u00e1 listo para cautivar y dejar una impresi\u00f3n indeleble en los clientes potenciales, al tiempo que facilita la navegaci\u00f3n sin problemas a lo largo de su cartera meticulosamente comisariada. Armado con una gran cantidad de opciones de personalizaci\u00f3n f\u00e1cil de usar y una variedad de p\u00e1ginas predise\u00f1adas a su disposici\u00f3n, el tema de WordPress de maquillaje de Yvonne le facilita la moda sin esfuerzo un sitio web resplandeciente que dejar\u00e1 a los espectadores a los espectadores. Independientemente de si usted es un artista de maquillaje experimentado, un estilista visionario o un blogger de belleza cautivador, este tema incomparable sin duda le permitir\u00e1 diferenciarse sin esfuerzo del mar de competidores mientras cautivan sin esfuerzo clientes posibles que sin duda se atraer\u00e1n a sus ofertas excepcionales. . No pierda el tiempo en la revolucionar la trayectoria de su negocio y se embarque en un viaje estimulante de crecimiento y \u00e9xito hoy al adoptar el poder transformador y las posibilidades ilimitadas que ofrece el extraordinario tema de maquillaje de Yvonne WordPress.<\/p>\n","protected":false},"featured_media":168705,"comment_status":"open","ping_status":"open","template":"","meta":[],"product_brand":[2337],"product_cat":[1267,1237,1238],"product_tag":[1391],"class_list":{"0":"post-128680","1":"product","2":"type-product","3":"status-publish","4":"has-post-thumbnail","6":"product_brand-themeforest","7":"product_cat-creativo","8":"product_cat-temas","9":"product_cat-wordpress-temas","10":"product_tag-themeforest","11":"member-discount","12":"discount-restricted","14":"first","15":"instock","16":"sale","17":"downloadable","18":"virtual","19":"sold-individually","20":"purchasable","21":"product-type-simple"},"_links":{"self":[{"href":"https:\/\/gpl-love.com\/es\/wp-json\/wp\/v2\/product\/128680","targetHints":{"allow":["GET"]}}],"collection":[{"href":"https:\/\/gpl-love.com\/es\/wp-json\/wp\/v2\/product"}],"about":[{"href":"https:\/\/gpl-love.com\/es\/wp-json\/wp\/v2\/types\/product"}],"replies":[{"embeddable":true,"href":"https:\/\/gpl-love.com\/es\/wp-json\/wp\/v2\/comments?post=128680"}],"wp:featuredmedia":[{"embeddable":true,"href":"https:\/\/gpl-love.com\/es\/wp-json\/wp\/v2\/media\/168705"}],"wp:attachment":[{"href":"https:\/\/gpl-love.com\/es\/wp-json\/wp\/v2\/media?parent=128680"}],"wp:term":[{"taxonomy":"product_brand","embeddable":true,"href":"https:\/\/gpl-love.com\/es\/wp-json\/wp\/v2\/product_brand?post=128680"},{"taxonomy":"product_cat","embeddable":true,"href":"https:\/\/gpl-love.com\/es\/wp-json\/wp\/v2\/product_cat?post=128680"},{"taxonomy":"product_tag","embeddable":true,"href":"https:\/\/gpl-love.com\/es\/wp-json\/wp\/v2\/product_tag?post=128680"}],"curies":[{"name":"wp","href":"https:\/\/api.w.org\/{rel}","templated":true}]}}