{"id":128678,"date":"2024-03-03T00:00:00","date_gmt":"2024-03-03T05:00:00","guid":{"rendered":"https:\/\/gpl-love.com\/es\/producto\/vasia-multipurpose-ecommerce-wordpress-theme\/"},"modified":"2026-04-10T11:30:08","modified_gmt":"2026-04-10T16:30:08","slug":"vasia-multipurpose-ecommerce-wordpress-theme","status":"publish","type":"product","link":"https:\/\/gpl-love.com\/es\/producto\/vasia-multipurpose-ecommerce-wordpress-theme\/","title":{"rendered":"Vasia Multipurpose eCommerce WordPress Theme 1.0.2"},"content":{"rendered":"<h3>Vasia Multipurpose eCommerce WordPress Theme Caracteristicas<\/h3>\n<p>El tema de WordPress de comercio electr\u00f3nico Vasia multiprop\u00f3sito es una soluci\u00f3n incre\u00edblemente vers\u00e1til e integral que est\u00e1 espec\u00edficamente dise\u00f1ada para personas interesadas en construir una tienda en l\u00ednea sofisticada y visualmente impresionante. Este tema excepcional ofrece una interfaz altamente f\u00e1cil de usar, que le permite personalizar sin esfuerzo la apariencia general y el ambiente de su sitio web, todo sin requerir ninguna habilidad o conocimiento de codificaci\u00f3n extensas. Al utilizar las capacidades notables del tema de Vasia, puede producir sin esfuerzo una tienda en l\u00ednea de aspecto profesional que muestre y destaca efectivamente su amplia gama de productos excepcionales de la manera m\u00e1s \u00f3ptima y visualmente atractiva imaginable. El tema de WordPress de comercio electr\u00f3nico multiprop\u00f3sito Vasia no solo ofrece una gran cantidad de opciones de personalizaci\u00f3n, sino que tambi\u00e9n est\u00e1 repleta de numerosas caracter\u00edsticas, como opciones de b\u00fasqueda altamente avanzadas, as\u00ed como m\u00faltiples pasarelas de pago e integraci\u00f3n perfecta con varias plataformas de redes sociales. Como resultado, es una opci\u00f3n ideal e incomparable para cualquier minorista o empresario en l\u00ednea que busque establecer una presencia digital sustancial y lucrativa. Adem\u00e1s, los creadores del tema de WordPress de comercio electr\u00f3nico multiprop\u00f3sito Vasia han dedicado un tiempo y esfuerzo significativos para optimizar su rendimiento y funcionalidad desde una perspectiva SEO, asegurando que su sitio web se clasifique constantemente en el \u00e1mbito cada vez m\u00e1s competitivo de las p\u00e1ginas de resultados de los motores de b\u00fasqueda. En resumen, si actualmente est\u00e1 buscando un tema de WordPress de comercio electr\u00f3nico confiable y robusto que sin duda exceder\u00e1 sus expectativas m\u00e1s ambiciosas, entonces el tema de WordPress de comercio electr\u00f3nico Vasia es sin duda la opci\u00f3n definitiva que le permitir\u00e1 elevar su negocio en l\u00ednea a alturas incompletas de alturas incompletas. de \u00e9xito y prosperidad.<\/p>\n<ul>\n<li>Dise\u00f1ado para sitios web de comercio electr\u00f3nico que necesitan un aspecto moderno y elegante<\/li>\n<li>Incluye m\u00faltiples demostraciones para diferentes industrias, como moda, electr\u00f3nica y bienes caseros.<\/li>\n<li>Totalmente receptivo y optimizado para dispositivos m\u00f3viles<\/li>\n<li>Integraci\u00f3n con complementos de comercio electr\u00f3nico populares, como WooCommerce y Vista r\u00e1pida<\/li>\n<li>Caracter\u00edsticas incorporadas para una configuraci\u00f3n r\u00e1pida y f\u00e1cil, incluida la importaci\u00f3n de demostraci\u00f3n de un solo clic y un poderoso panel de opciones de temas<\/li>\n<li>P\u00e1gina de inicio y p\u00e1ginas de productos personalizables para exhibir sus productos y marca<\/li>\n<li>Compatible con constructores de p\u00e1ginas populares, como Elementor y Visual Composer<\/li>\n<li>Incluye una variedad de widgets y c\u00f3digos cortos para agregar funcionalidad y dise\u00f1o a su sitio web<\/li>\n<li>Integraci\u00f3n de Google Fonts para una apariencia personalizada<\/li>\n<li>C\u00f3digo amigable para SEO y optimizado para velocidades de carga r\u00e1pidas<\/li>\n<li>Atenci\u00f3n al cliente 24\/7 y una amplia documentaci\u00f3n para una f\u00e1cil resoluci\u00f3n de problemas<\/li>\n<\/ul>\n","protected":false},"excerpt":{"rendered":"<p>Vasia, un tema de WordPress notablemente adaptable y resistente para el comercio electr\u00f3nico, es ideal para establecer tiendas en l\u00ednea convincentes. Con su dise\u00f1o elegante y contempor\u00e1neo, numerosos dise\u00f1os de la p\u00e1gina de inicio y amplias capacidades de personalizaci\u00f3n, Vasia le permite forjar una experiencia de compra en l\u00ednea personalizada para su estimada clientela. Sus alternativas de visualizaci\u00f3n de productos flexibles, carro de compras formidable e integraci\u00f3n de pasarela de pago impermeable son fundamentales para catapultar sus cifras de ventas y fomentar la expansi\u00f3n de su empresa comercial. Independientemente de si se especializa en mercanc\u00edas f\u00edsicas o bienes digitales, Vasia se erige como la soluci\u00f3n de comercio electr\u00f3nico por excelencia para elevar su tienda en l\u00ednea a alturas sin precedentes.<\/p>\n","protected":false},"featured_media":167942,"comment_status":"open","ping_status":"open","template":"","meta":[],"product_brand":[2337],"product_cat":[1263,1264,1237],"product_tag":[1391],"class_list":{"0":"post-128678","1":"product","2":"type-product","3":"status-publish","4":"has-post-thumbnail","6":"product_brand-themeforest","7":"product_cat-comercio-electronico-temas","8":"product_cat-negocio","9":"product_cat-temas","10":"product_tag-themeforest","11":"member-discount","12":"discount-restricted","14":"first","15":"instock","16":"sale","17":"downloadable","18":"virtual","19":"sold-individually","20":"purchasable","21":"product-type-simple"},"_links":{"self":[{"href":"https:\/\/gpl-love.com\/es\/wp-json\/wp\/v2\/product\/128678","targetHints":{"allow":["GET"]}}],"collection":[{"href":"https:\/\/gpl-love.com\/es\/wp-json\/wp\/v2\/product"}],"about":[{"href":"https:\/\/gpl-love.com\/es\/wp-json\/wp\/v2\/types\/product"}],"replies":[{"embeddable":true,"href":"https:\/\/gpl-love.com\/es\/wp-json\/wp\/v2\/comments?post=128678"}],"wp:featuredmedia":[{"embeddable":true,"href":"https:\/\/gpl-love.com\/es\/wp-json\/wp\/v2\/media\/167942"}],"wp:attachment":[{"href":"https:\/\/gpl-love.com\/es\/wp-json\/wp\/v2\/media?parent=128678"}],"wp:term":[{"taxonomy":"product_brand","embeddable":true,"href":"https:\/\/gpl-love.com\/es\/wp-json\/wp\/v2\/product_brand?post=128678"},{"taxonomy":"product_cat","embeddable":true,"href":"https:\/\/gpl-love.com\/es\/wp-json\/wp\/v2\/product_cat?post=128678"},{"taxonomy":"product_tag","embeddable":true,"href":"https:\/\/gpl-love.com\/es\/wp-json\/wp\/v2\/product_tag?post=128678"}],"curies":[{"name":"wp","href":"https:\/\/api.w.org\/{rel}","templated":true}]}}