{"id":128676,"date":"2022-07-10T00:00:00","date_gmt":"2022-07-10T05:00:00","guid":{"rendered":"https:\/\/gpl-love.com\/es\/producto\/dropbeat-creative-dance-studio-wordpress-theme\/"},"modified":"2026-03-13T17:19:32","modified_gmt":"2026-03-13T22:19:32","slug":"dropbeat-creative-dance-studio-wordpress-theme","status":"publish","type":"product","link":"https:\/\/gpl-love.com\/es\/producto\/dropbeat-creative-dance-studio-wordpress-theme\/","title":{"rendered":"Dropbeat Creative Dance Studio WordPress Theme 1.0"},"content":{"rendered":"<h3>Dropbeat Creative Dance Studio WordPress Theme Caracteristicas<\/h3>\n<p>El tema de WordPress de Dropbeat Creative Dance WordPress, con su formidable destreza y adaptabilidad, es una plantilla meticulosamente dise\u00f1ada para atender espec\u00edficamente a las necesidades \u00fanicas de los estudios de baile y las escuelas. Con un dise\u00f1o de vanguardia y sofisticado, proporciona una interfaz instintiva e instintiva f\u00e1cil de usar, junto con una gran cantidad de caracter\u00edsticas destinadas a mostrar efectivamente sus clases, instructores y eventos. Entre su repertorio de ofertas se encuentran m\u00faltiples dise\u00f1os que pueden personalizarse perfectamente, un sistema de reserva incorporado que agiliza el proceso administrativo y la integraci\u00f3n perfecta con las populares plataformas de redes sociales. Adem\u00e1s, su capacidad de respuesta y naturaleza amigable con los dispositivos m\u00f3viles garantizan una apariencia est\u00e9ticamente agradable en todo tipo de dispositivos. Para decirlo sucintamente, el tema Dropbeat Creative Dance Studio WordPress se presenta como una opci\u00f3n superlativa para cualquier estudio de baile que aspire a cultivar una presencia profesional en l\u00ednea.<\/p>\n<ul>\n<li>Un dise\u00f1o moderno y profesional dise\u00f1ado espec\u00edficamente para estudios de baile<\/li>\n<li>Dise\u00f1o receptivo que se ve muy bien en todos los dispositivos<\/li>\n<li>Caracter\u00edsticas incorporadas que incluyen programaci\u00f3n de horario, gesti\u00f3n de eventos e integraci\u00f3n de WooCommerce<\/li>\n<li>Esquemas de color y fuentes personalizables para adaptarse a su marca y estilo<\/li>\n<li>Constructor de p\u00e1gina f\u00e1cil de usar para crear dise\u00f1os \u00fanicos<\/li>\n<li>C\u00f3digo optimizado de SEO para una mejor clasificaci\u00f3n del motor de b\u00fasqueda<\/li>\n<li>Integraci\u00f3n de las redes sociales para un f\u00e1cil intercambio y promoci\u00f3n<\/li>\n<li>M\u00faltiples dise\u00f1os y plantillas preconstruidas para elegir<\/li>\n<li>Formulario de contacto incorporado para una f\u00e1cil comunicaci\u00f3n con los clientes<\/li>\n<li>Equipo de atenci\u00f3n al cliente dedicado para cualquier asistencia t\u00e9cnica necesaria.<\/li>\n<\/ul>\n","protected":false},"excerpt":{"rendered":"<p>Descubra el poder de la creatividad con Dropbeat, un tema de dance creativo de WordPress dise\u00f1ado para estudios de baile, escuelas de baile e instructores de danza. Este tema f\u00e1cil de usar y rico en funciones es perfecto para principiantes y usuarios avanzados por igual.<\/p>\n<p>Dropbeat cuenta con un dise\u00f1o vibrante y din\u00e1mico que refleja sin esfuerzo el esp\u00edritu de la danza. El dise\u00f1o totalmente receptivo del tema garantiza un rendimiento impecable en todos los dispositivos y tama\u00f1os de pantalla. Con sus gr\u00e1ficos listos para retina, su sitio web se ver\u00e1 impresionante y n\u00edtido en pantallas de alta resoluci\u00f3n.<\/p>\n<p>El tema ofrece varias opciones de personalizaci\u00f3n, lo que le permite crear un sitio web \u00fanico y personalizado. Con una interfaz f\u00e1cil de usar, es f\u00e1cil modificar los colores, las fuentes y los dise\u00f1os para que coincidan con el estilo y la marca de su estudio de baile.<\/p>\n<p>M\u00e1s importante a\u00fan, Dropbeat incluye una serie de caracter\u00edsticas avanzadas que satisfacen las necesidades de los estudios de baile. Viene con un calendario de eventos integrado para administrar y promover sus clases y eventos. El tema tambi\u00e9n incluye una funci\u00f3n de comercio electr\u00f3nico que le permite vender ropa de baile, accesorios y entradas en l\u00ednea.<\/p>\n<p>Adem\u00e1s, cae<\/p>\n","protected":false},"featured_media":165828,"comment_status":"open","ping_status":"open","template":"","meta":[],"product_brand":[2337],"product_cat":[1267,1237,1238],"product_tag":[1391],"class_list":{"0":"post-128676","1":"product","2":"type-product","3":"status-publish","4":"has-post-thumbnail","6":"product_brand-themeforest","7":"product_cat-creativo","8":"product_cat-temas","9":"product_cat-wordpress-temas","10":"product_tag-themeforest","11":"member-discount","12":"discount-restricted","14":"first","15":"instock","16":"sale","17":"downloadable","18":"virtual","19":"sold-individually","20":"purchasable","21":"product-type-simple"},"_links":{"self":[{"href":"https:\/\/gpl-love.com\/es\/wp-json\/wp\/v2\/product\/128676","targetHints":{"allow":["GET"]}}],"collection":[{"href":"https:\/\/gpl-love.com\/es\/wp-json\/wp\/v2\/product"}],"about":[{"href":"https:\/\/gpl-love.com\/es\/wp-json\/wp\/v2\/types\/product"}],"replies":[{"embeddable":true,"href":"https:\/\/gpl-love.com\/es\/wp-json\/wp\/v2\/comments?post=128676"}],"wp:featuredmedia":[{"embeddable":true,"href":"https:\/\/gpl-love.com\/es\/wp-json\/wp\/v2\/media\/165828"}],"wp:attachment":[{"href":"https:\/\/gpl-love.com\/es\/wp-json\/wp\/v2\/media?parent=128676"}],"wp:term":[{"taxonomy":"product_brand","embeddable":true,"href":"https:\/\/gpl-love.com\/es\/wp-json\/wp\/v2\/product_brand?post=128676"},{"taxonomy":"product_cat","embeddable":true,"href":"https:\/\/gpl-love.com\/es\/wp-json\/wp\/v2\/product_cat?post=128676"},{"taxonomy":"product_tag","embeddable":true,"href":"https:\/\/gpl-love.com\/es\/wp-json\/wp\/v2\/product_tag?post=128676"}],"curies":[{"name":"wp","href":"https:\/\/api.w.org\/{rel}","templated":true}]}}