{"id":128674,"date":"2022-07-10T00:00:00","date_gmt":"2022-07-10T05:00:00","guid":{"rendered":"https:\/\/gpl-love.com\/es\/producto\/next-arch-creative-architecture-wordpress\/"},"modified":"2026-04-10T11:19:01","modified_gmt":"2026-04-10T16:19:01","slug":"next-arch-creative-architecture-wordpress","status":"publish","type":"product","link":"https:\/\/gpl-love.com\/es\/producto\/next-arch-creative-architecture-wordpress\/","title":{"rendered":"Next Arch Creative Architecture WordPress 1.0"},"content":{"rendered":"<h3>Next Arch Creative Architecture WordPress Caracteristicas<\/h3>\n<p>Next Arch Creative Architecture WordPress es una herramienta de \u00faltima generaci\u00f3n que otorga a los arquitectos y dise\u00f1adores la capacidad de construir sitios web impresionantes que exhiban su ingenio y competencia. En virtud de su interfaz f\u00e1cil de usar y sus atributos formidables, este tema de WordPress ofrece la oportunidad de personalizar sin esfuerzo cada faceta de su sitio, que abarca esquemas de color, tipograf\u00edas, dise\u00f1os y widgets. Independientemente de si aspira a anunciar sus servicios, exhibe su cartera o vida su mercanc\u00eda, el siguiente arco abarca todos los elementos necesarios para fabricar un sitio web excepcional que se distingue de las masas. A trav\u00e9s de su dise\u00f1o adaptable y sus caracter\u00edsticas amigables para los dispositivos m\u00f3viles, su sitio exudar\u00e1 brillantez en cualquier dispositivo determinado, garantizando as\u00ed la difusi\u00f3n de su mensaje a su p\u00fablico objetivo, independientemente de su paradero. Por lo tanto, si est\u00e1 preparado para impulsar su empresa de arquitectura a alturas sin precedentes, \u00a1no dude en experimentar las maravillas de la arquitectura creativa del pr\u00f3ximo Arch WordPress hoy!<\/p>\n<ul>\n<li>Next Arch es un poderoso tema de WordPress dise\u00f1ado espec\u00edficamente para sitios web de arquitectura creativa<\/li>\n<li>Cuenta con un dise\u00f1o elegante y moderno que impresionar\u00e1 a sus clientes y elevar\u00e1 su marca.<\/li>\n<li>El tema incluye una variedad de plantillas preconstruidas personalizables para exhibir sus proyectos, servicios, miembros del equipo y m\u00e1s<\/li>\n<li>Con la funcionalidad de arrastre y ca\u00edda f\u00e1cil de usar, puede crear un sitio web personalizado que refleje su estilo y visi\u00f3n \u00fanicos.<\/li>\n<li>El siguiente arco es totalmente receptivo, asegurando que su sitio se vea genial en todos los dispositivos, desde escritorios hasta tel\u00e9fonos inteligentes<\/li>\n<li>El tema est\u00e1 optimizado para la velocidad, asegurando que su sitio se cargue de manera r\u00e1pida y eficiente para una experiencia de usuario perfecta<\/li>\n<li>Admite las \u00faltimas tecnolog\u00edas web, incluidas HTML5, CSS3 y JQuery, para la compatibilidad con el navegador y la funcionalidad moderna<\/li>\n<li>A continuaci\u00f3n, Arch se construye con SEO en mente, ayudando a mejorar la clasificaci\u00f3n de los motores de b\u00fasqueda y conducir m\u00e1s tr\u00e1fico a su sitio<\/li>\n<li>El tema se actualiza regularmente con nuevas caracter\u00edsticas y correcciones de errores, asegurando que su sitio permanezca actualizado y seguro.<\/li>\n<\/ul>\n","protected":false},"excerpt":{"rendered":"<p>Next Arch Creative Architecture WordPress es un constructor de sitios web excepcionalmente robusto y avanzado espec\u00edficamente adaptado para satisfacer las necesidades y requisitos de las personas que operan dentro de la industria de la arquitectura y el dise\u00f1o altamente especializada y din\u00e1mica. Con una extensa gama de plantillas altamente personalizables y una interfaz intuitivamente simplista pero notablemente eficiente de arrastrar y soltar, esta plataforma de vanguardia faculta a los usuarios a generar sitios web visualmente cautivadores que no solo muestren efectivamente su notable cartera e impresionante cuerpo de trabajo de trabajo pero tambi\u00e9n acent\u00faa y acent\u00faa efectivamente su estilo individual y \u00fanico y sensibilidades de dise\u00f1o. Independientemente de si es un profesional de arquitectura independiente y independiente, un dise\u00f1ador de interiores altamente talentoso e inclinado creativamente o incluso una organizaci\u00f3n arquitect\u00f3nica masiva y bien establecida, el pr\u00f3ximo arco est\u00e1 armado con un arsenal que lo abarca todo de recursos indispensables, herramientas de herramientas y caracter\u00edsticas que poseen la capacidad innata para facilitar la creaci\u00f3n perfecta, el establecimiento y el mantenimiento de una presencia en l\u00ednea altamente cre\u00edble, convincente y profesional. Al aprovechar el potencial incomparable de esta plataforma excepcional, podr\u00e1 atraer y cautivar a los clientes potenciales de una manera que sea efectiva y atractiva, lo que finalmente le permite darle vida a su impresionante visi\u00f3n creativa de una manera profunda e impresionante. \u00a1Comience este viaje transformador e innovador hoy y experimente el poder y el potencial incomparables que el pr\u00f3ximo arco tiene para ofrecer!<\/p>\n","protected":false},"featured_media":166986,"comment_status":"open","ping_status":"open","template":"","meta":[],"product_brand":[2337],"product_cat":[1307,1237,1238],"product_tag":[1391],"class_list":{"0":"post-128674","1":"product","2":"type-product","3":"status-publish","4":"has-post-thumbnail","6":"product_brand-themeforest","7":"product_cat-negocio-wordpress-temas","8":"product_cat-temas","9":"product_cat-wordpress-temas","10":"product_tag-themeforest","11":"member-discount","12":"discount-restricted","14":"first","15":"instock","16":"sale","17":"downloadable","18":"virtual","19":"sold-individually","20":"purchasable","21":"product-type-simple"},"_links":{"self":[{"href":"https:\/\/gpl-love.com\/es\/wp-json\/wp\/v2\/product\/128674","targetHints":{"allow":["GET"]}}],"collection":[{"href":"https:\/\/gpl-love.com\/es\/wp-json\/wp\/v2\/product"}],"about":[{"href":"https:\/\/gpl-love.com\/es\/wp-json\/wp\/v2\/types\/product"}],"replies":[{"embeddable":true,"href":"https:\/\/gpl-love.com\/es\/wp-json\/wp\/v2\/comments?post=128674"}],"wp:featuredmedia":[{"embeddable":true,"href":"https:\/\/gpl-love.com\/es\/wp-json\/wp\/v2\/media\/166986"}],"wp:attachment":[{"href":"https:\/\/gpl-love.com\/es\/wp-json\/wp\/v2\/media?parent=128674"}],"wp:term":[{"taxonomy":"product_brand","embeddable":true,"href":"https:\/\/gpl-love.com\/es\/wp-json\/wp\/v2\/product_brand?post=128674"},{"taxonomy":"product_cat","embeddable":true,"href":"https:\/\/gpl-love.com\/es\/wp-json\/wp\/v2\/product_cat?post=128674"},{"taxonomy":"product_tag","embeddable":true,"href":"https:\/\/gpl-love.com\/es\/wp-json\/wp\/v2\/product_tag?post=128674"}],"curies":[{"name":"wp","href":"https:\/\/api.w.org\/{rel}","templated":true}]}}