{"id":128634,"date":"2024-06-29T00:00:00","date_gmt":"2024-06-29T05:00:00","guid":{"rendered":"https:\/\/gpl-love.com\/es\/producto\/toppic-portfolio-photography-theme\/"},"modified":"2026-04-10T11:28:54","modified_gmt":"2026-04-10T16:28:54","slug":"toppic-portfolio-photography-theme","status":"publish","type":"product","link":"https:\/\/gpl-love.com\/es\/producto\/toppic-portfolio-photography-theme\/","title":{"rendered":"TopPic Portfolio Photography Theme 4.3.3"},"content":{"rendered":"<h3>TopPic Portfolio Photography Theme Caracteristicas<\/h3>\n<p>El tema de la fotograf\u00eda de la cartera de Toppic es una herramienta incre\u00edblemente robusta y din\u00e1mica que atiende a los fot\u00f3grafos que buscan exhibir su trabajo de una manera muy profesional y visualmente sorprendente. Ofreciendo una variedad de caracter\u00edsticas y opciones personalizables, este tema otorga a los usuarios la capacidad de forjar sitios web de cartera distintivos y convincentes que ejemplifican sin problemas su creatividad ilimitada y su conjunto de habilidades incomparables. Meticulosamente elaborado exclusivamente para los fot\u00f3grafos, este tema abarca una extensa variedad de caracter\u00edsticas como las galer\u00edas de im\u00e1genes de pantalla completa inmersiva, los dise\u00f1os de cartera infinitamente personalizables y la funcionalidad de b\u00fasqueda de vanguardia, lo que permite que los clientes potenciales localicen y examinen sin esfuerzo su gran cuerpo inspirador. Independientemente de si es un estimado fot\u00f3grafo profesional que se esfuerza por impulsar su negocio a alturas sin precedentes o un anhelo de aficionado apasionado de compartir su profundo amor por el mundo cautivador de la fotograf\u00eda con una audiencia global, el tema de la fotograf\u00eda de cartera toppic reina irrivocalmente supremamente como el epitoma de de Excelencia cuando se trata de crear una cartera en l\u00ednea visualmente arrestante y extraordinariamente impactante.<\/p>\n<ul>\n<li>Dise\u00f1o limpio y moderno perfecto para exhibir carteras de fotograf\u00eda<\/li>\n<li>El dise\u00f1o receptivo garantiza la compatibilidad con todos los dispositivos y tama\u00f1os de pantalla<\/li>\n<li>M\u00faltiples estilos y dise\u00f1os de cartera para elegir<\/li>\n<li>Opciones de intercambio en social incorporadas para una f\u00e1cil promoci\u00f3n y compromiso de la audiencia<\/li>\n<li>Panel de opciones de tema extensas para personalizar colores, fuentes y m\u00e1s<\/li>\n<li>SEO optimizado para mejorar la clasificaci\u00f3n de la visibilidad y los motores de b\u00fasqueda<\/li>\n<li>Importar contenido de demostraci\u00f3n con un solo clic para una configuraci\u00f3n r\u00e1pida y f\u00e1cil<\/li>\n<li>Compatible con complementos populares que incluyen WooCommerce y el Formulario de contacto 7<\/li>\n<li>Atenci\u00f3n al cliente r\u00e1pida y confiable proporcionada por los desarrolladores de temas.<\/li>\n<\/ul>\n","protected":false},"excerpt":{"rendered":"<p>El tema de la fotograf\u00eda de la cartera de Toppic cuenta con un tema de WordPress exquisitamente dise\u00f1ado, espec\u00edficamente adaptado para servir como una plataforma para mostrar su impresionante cartera de fotograf\u00eda. Este tema, que es totalmente receptivo, ofrece una amplia gama de plantillas preconstruidas, widgets personalizados y opciones administrativas f\u00e1ciles de usar, facilitando la creaci\u00f3n de un sitio web de fotograf\u00eda altamente cautivador y altamente profesional que muestra ingeniosamente su estilo \u00fanico y habilidades excepcionales. Con Toppic a su disposici\u00f3n, la personalizaci\u00f3n sin esfuerzo cada faceta de su sitio web se convierte en un proceso perfecto, que abarca todo, desde fuentes y colores hasta dise\u00f1os y galer\u00edas de im\u00e1genes. Esto le brinda la oportunidad de dise\u00f1ar un sitio web que encarna sin problemas la esencia de su identidad de marca y su toque personal. Ya sea que sea un fot\u00f3grafo profesional experimentado o un aspirante a reci\u00e9n llegado al campo, el tema de la fotograf\u00eda de la cartera de Toppic, sin duda, representa la opci\u00f3n principal para forjar un sitio web de fotograf\u00eda incomparable que es visualmente llamativo y eminentemente exitoso.<\/p>\n","protected":false},"featured_media":167835,"comment_status":"open","ping_status":"open","template":"","meta":[],"product_brand":[2337],"product_cat":[1267,1237,1238],"product_tag":[1391],"class_list":{"0":"post-128634","1":"product","2":"type-product","3":"status-publish","4":"has-post-thumbnail","6":"product_brand-themeforest","7":"product_cat-creativo","8":"product_cat-temas","9":"product_cat-wordpress-temas","10":"product_tag-themeforest","11":"member-discount","12":"discount-restricted","14":"first","15":"instock","16":"sale","17":"downloadable","18":"virtual","19":"sold-individually","20":"purchasable","21":"product-type-simple"},"_links":{"self":[{"href":"https:\/\/gpl-love.com\/es\/wp-json\/wp\/v2\/product\/128634","targetHints":{"allow":["GET"]}}],"collection":[{"href":"https:\/\/gpl-love.com\/es\/wp-json\/wp\/v2\/product"}],"about":[{"href":"https:\/\/gpl-love.com\/es\/wp-json\/wp\/v2\/types\/product"}],"replies":[{"embeddable":true,"href":"https:\/\/gpl-love.com\/es\/wp-json\/wp\/v2\/comments?post=128634"}],"wp:featuredmedia":[{"embeddable":true,"href":"https:\/\/gpl-love.com\/es\/wp-json\/wp\/v2\/media\/167835"}],"wp:attachment":[{"href":"https:\/\/gpl-love.com\/es\/wp-json\/wp\/v2\/media?parent=128634"}],"wp:term":[{"taxonomy":"product_brand","embeddable":true,"href":"https:\/\/gpl-love.com\/es\/wp-json\/wp\/v2\/product_brand?post=128634"},{"taxonomy":"product_cat","embeddable":true,"href":"https:\/\/gpl-love.com\/es\/wp-json\/wp\/v2\/product_cat?post=128634"},{"taxonomy":"product_tag","embeddable":true,"href":"https:\/\/gpl-love.com\/es\/wp-json\/wp\/v2\/product_tag?post=128634"}],"curies":[{"name":"wp","href":"https:\/\/api.w.org\/{rel}","templated":true}]}}