{"id":128632,"date":"2023-11-20T00:00:00","date_gmt":"2023-11-20T05:00:00","guid":{"rendered":"https:\/\/gpl-love.com\/es\/producto\/umberto-mushroom-farm-y-organic-products-store\/"},"modified":"2026-03-13T17:32:10","modified_gmt":"2026-03-13T22:32:10","slug":"umberto-mushroom-farm-y-organic-products-store","status":"publish","type":"product","link":"https:\/\/gpl-love.com\/es\/producto\/umberto-mushroom-farm-y-organic-products-store\/","title":{"rendered":"Umberto Mushroom Farm y Organic Products Store 1.2.7"},"content":{"rendered":"<h3>Umberto Mushroom Farm y Organic Products Store Caracteristicas<\/h3>\n<p>La tienda de productos y productos org\u00e1nicos de Umberto Mushroom se enorgullece de su diversa selecci\u00f3n de art\u00edculos frescos y org\u00e1nicos, poniendo un \u00e9nfasis especial en los hongos. A trav\u00e9s de la utilizaci\u00f3n de m\u00e9todos innovadores y sostenibles, este establecimiento cultiva sus hongos internamente, asegurando que su clientela tenga productos que no solo sean de la mayor calidad, sino tambi\u00e9n abundante en nutrientes esenciales. Adem\u00e1s de su excepcional colecci\u00f3n de hongos, esta tienda extiende sus ofertas para abarcar una amplia gama de productos org\u00e1nicos, incluidas frutas, verduras y hierbas. Al emplear envases compostables y mostrar una profunda dedicaci\u00f3n a la reducci\u00f3n de residuos, este establecimiento demuestra inequ\u00edvocamente su compromiso con la sostenibilidad. Para aquellas personas conscientes de la salud y ansiosas por apoyar las pr\u00e1cticas agr\u00edcolas que son ecol\u00f3gicas, la tienda de productos y productos org\u00e1nicos de Umberto Mushroom es sin duda el destino principal.<\/p>\n<ul>\n<li>Proporciona a los clientes una variedad de hongos frescos y org\u00e1nicos cultivados en el sitio<\/li>\n<li>Ofrece una gama de productos a base de hongos, que incluyen sopas, salsas y condimentos.<\/li>\n<li>Utiliza pr\u00e1cticas agr\u00edcolas sostenibles y ecol\u00f3gicas<\/li>\n<li>Personal experto conocedor sobre el cultivo de hongos y los usos del producto<\/li>\n<li>Ofrece pedidos personalizados para variedades o productos espec\u00edficos de hongos<\/li>\n<li>Proporciona una experiencia de compra \u00fanica y educativa para los entusiastas de los hongos y los curiosos amantes de la comida.<\/li>\n<li>Garantizar hongos y productos relacionados de alta calidad y deliciosos<\/li>\n<li>Su objetivo es apoyar a la comunidad local obteniendo materiales de empresas y agricultores locales.<\/li>\n<li>Abierto para el pedido y disponible para la entrega o recogida en ubicaciones designadas<\/li>\n<li>Precios asequibles para hongos y productos org\u00e1nicos premium.<\/li>\n<\/ul>\n","protected":false},"excerpt":{"rendered":"<p>La tienda de productos y productos org\u00e1nicos de Umberto Mushroom se enorgullece de ser un destino integral donde las personas pueden obtener productos org\u00e1nicos de primer nivel y experimentar la mayor frescura de los hongos. Nuestro principio subyacente gira en torno al concepto de granja a la mesa, garantizando que todas las mercanc\u00edas disponibles para la compra se cultiven y se re\u00fanan con meticulosidad, empleando metodolog\u00edas sostenibles exclusivamente incomparables. Desde los champi\u00f1ones, las hierbas y las verduras hasta los quesos artesanales, la miel y el vino, nuestro establecimiento cuenta con una amplia gama de ofertas requeridas para inventar comidas saludables y deliciosas dentro de la comodidad de la propia residencia. Lo invitamos cordialmente a visitarnos lo antes posible, lo que le permite saborear personalmente la distinci\u00f3n atribuida a productos org\u00e1nicos y de origen local.<\/p>\n","protected":false},"featured_media":167891,"comment_status":"open","ping_status":"open","template":"","meta":[],"product_brand":[2337],"product_cat":[1263,1264,1237],"product_tag":[1391],"class_list":{"0":"post-128632","1":"product","2":"type-product","3":"status-publish","4":"has-post-thumbnail","6":"product_brand-themeforest","7":"product_cat-comercio-electronico-temas","8":"product_cat-negocio","9":"product_cat-temas","10":"product_tag-themeforest","11":"member-discount","12":"discount-restricted","14":"first","15":"instock","16":"sale","17":"downloadable","18":"virtual","19":"sold-individually","20":"purchasable","21":"product-type-simple"},"_links":{"self":[{"href":"https:\/\/gpl-love.com\/es\/wp-json\/wp\/v2\/product\/128632","targetHints":{"allow":["GET"]}}],"collection":[{"href":"https:\/\/gpl-love.com\/es\/wp-json\/wp\/v2\/product"}],"about":[{"href":"https:\/\/gpl-love.com\/es\/wp-json\/wp\/v2\/types\/product"}],"replies":[{"embeddable":true,"href":"https:\/\/gpl-love.com\/es\/wp-json\/wp\/v2\/comments?post=128632"}],"wp:featuredmedia":[{"embeddable":true,"href":"https:\/\/gpl-love.com\/es\/wp-json\/wp\/v2\/media\/167891"}],"wp:attachment":[{"href":"https:\/\/gpl-love.com\/es\/wp-json\/wp\/v2\/media?parent=128632"}],"wp:term":[{"taxonomy":"product_brand","embeddable":true,"href":"https:\/\/gpl-love.com\/es\/wp-json\/wp\/v2\/product_brand?post=128632"},{"taxonomy":"product_cat","embeddable":true,"href":"https:\/\/gpl-love.com\/es\/wp-json\/wp\/v2\/product_cat?post=128632"},{"taxonomy":"product_tag","embeddable":true,"href":"https:\/\/gpl-love.com\/es\/wp-json\/wp\/v2\/product_tag?post=128632"}],"curies":[{"name":"wp","href":"https:\/\/api.w.org\/{rel}","templated":true}]}}