{"id":128630,"date":"2022-11-20T00:00:00","date_gmt":"2022-11-20T05:00:00","guid":{"rendered":"https:\/\/gpl-love.com\/es\/producto\/easy-digital-downloads-mad-mimi\/"},"modified":"2026-03-13T17:19:34","modified_gmt":"2026-03-13T22:19:34","slug":"easy-digital-downloads-mad-mimi","status":"publish","type":"product","link":"https:\/\/gpl-love.com\/es\/producto\/easy-digital-downloads-mad-mimi\/","title":{"rendered":"Easy Digital Downloads Mad Mimi 1.0.2"},"content":{"rendered":"<h3>Easy Digital Downloads Mad Mimi Caracteristicas<\/h3>\n<p>Easy Digital Descargas Mad Mimi es una integraci\u00f3n robusta que ofrece un enfoque simplificado para el marketing por correo electr\u00f3nico para empresas en l\u00ednea, proporcion\u00e1ndoles una gran cantidad de funcionalidades. Al incorporar esta integraci\u00f3n en sus operaciones, los usuarios pueden generar sin esfuerzo campa\u00f1as de correo electr\u00f3nico y boletines de correo electr\u00f3nico, controlar de cerca la efectividad de sus campa\u00f1as de correo electr\u00f3nico y automatizar varios procedimientos de marketing por correo electr\u00f3nico. La naturaleza perfecta de esta integraci\u00f3n permite a los usuarios importar sin esfuerzo listas de correo electr\u00f3nico, seleccionar campa\u00f1as de correo electr\u00f3nico espec\u00edficas y rastrear meticulosamente las m\u00e9tricas de rendimiento del correo electr\u00f3nico, como las tasas de apertura, las tasas de clics y las tasas de conversi\u00f3n. En consecuencia, las empresas pueden establecer efectivamente conexiones significativas con sus clientes, lo que resulta en una mayor participaci\u00f3n del cliente y un impulso general en las ventas. Sin lugar a dudas, las descargas digitales f\u00e1ciles Mad Mimi es una herramienta indispensable para empresas que dependen en gran medida del marketing por correo electr\u00f3nico como una t\u00e1ctica promocional clave para su diversa gama de productos y servicios.<\/p>\n<ul>\n<li>Integre perfectamente su tienda de descargas digitales f\u00e1ciles con una plataforma de marketing por correo electr\u00f3nico Mad Mimi<\/li>\n<li>Importar y administrar sin esfuerzo su lista de clientes y suscriptores de Mad Mimi<\/li>\n<li>Aumente sus ventas y conversiones con campa\u00f1as de correo electr\u00f3nico personalizadas y espec\u00edficas<\/li>\n<li>Automatice su estrategia de marketing por correo electr\u00f3nico con disparadores y flujos de trabajo<\/li>\n<li>Use las plantillas de correo electr\u00f3nico elegantes y receptivas de Mad Mimi para crear boletines y promociones llamativos<\/li>\n<li>Rastree su rendimiento de correo electr\u00f3nico con los an\u00e1lisis e informes de Mad Mimi en tiempo real<\/li>\n<li>Disfrute de la tranquilidad que viene con las pruebas de spam de Mad Mimi y la experiencia en entrega de correo electr\u00f3nico<\/li>\n<li>Obtenga soporte y recursos dedicados de las descargas digitales f\u00e1ciles y los equipos MIMI MAD para maximizar sus resultados.<\/li>\n<\/ul>\n","protected":false},"excerpt":{"rendered":"<p>Easy Digital Descargas se ha integrado con el servicio de marketing por correo electr\u00f3nico conocido como Mad Mimi, lo que permite a los usuarios conectar sin problemas sus tiendas en l\u00ednea con esta poderosa herramienta para campa\u00f1as de correo electr\u00f3nico espec\u00edficas y la participaci\u00f3n del cliente. Con esta integraci\u00f3n, los comerciantes pueden sincronizar sin esfuerzo sus datos de clientes y automatizar tareas de marketing por correo electr\u00f3nico, asegurando una estrategia de comunicaci\u00f3n personalizada y efectiva. Al utilizar las caracter\u00edsticas robustas de descargas digitales f\u00e1ciles con las capacidades vers\u00e1tiles de Mad Mimi, las empresas pueden optimizar sus esfuerzos de marketing e impulsar conversiones m\u00e1s altas en el panorama digital competitivo.<\/p>\n","protected":false},"featured_media":165866,"comment_status":"open","ping_status":"open","template":"","meta":[],"product_brand":[2427],"product_cat":[1207,1248,1206],"product_tag":[1280],"class_list":{"0":"post-128630","1":"product","2":"type-product","3":"status-publish","4":"has-post-thumbnail","6":"product_brand-easy-digital-downloads","7":"product_cat-comercio-electronico-plugins","8":"product_cat-personalizacion-comercio-electronico-plugins","9":"product_cat-plugins","10":"product_tag-easy-digital-downloads","11":"member-discount","12":"discount-restricted","14":"first","15":"instock","16":"sale","17":"downloadable","18":"virtual","19":"sold-individually","20":"purchasable","21":"product-type-simple"},"_links":{"self":[{"href":"https:\/\/gpl-love.com\/es\/wp-json\/wp\/v2\/product\/128630","targetHints":{"allow":["GET"]}}],"collection":[{"href":"https:\/\/gpl-love.com\/es\/wp-json\/wp\/v2\/product"}],"about":[{"href":"https:\/\/gpl-love.com\/es\/wp-json\/wp\/v2\/types\/product"}],"replies":[{"embeddable":true,"href":"https:\/\/gpl-love.com\/es\/wp-json\/wp\/v2\/comments?post=128630"}],"wp:featuredmedia":[{"embeddable":true,"href":"https:\/\/gpl-love.com\/es\/wp-json\/wp\/v2\/media\/165866"}],"wp:attachment":[{"href":"https:\/\/gpl-love.com\/es\/wp-json\/wp\/v2\/media?parent=128630"}],"wp:term":[{"taxonomy":"product_brand","embeddable":true,"href":"https:\/\/gpl-love.com\/es\/wp-json\/wp\/v2\/product_brand?post=128630"},{"taxonomy":"product_cat","embeddable":true,"href":"https:\/\/gpl-love.com\/es\/wp-json\/wp\/v2\/product_cat?post=128630"},{"taxonomy":"product_tag","embeddable":true,"href":"https:\/\/gpl-love.com\/es\/wp-json\/wp\/v2\/product_tag?post=128630"}],"curies":[{"name":"wp","href":"https:\/\/api.w.org\/{rel}","templated":true}]}}