{"id":128628,"date":"2025-11-04T00:00:00","date_gmt":"2025-11-04T05:00:00","guid":{"rendered":"https:\/\/gpl-love.com\/es\/producto\/modern-events-calendar-buddyboss-integration\/"},"modified":"2026-04-10T11:16:54","modified_gmt":"2026-04-10T16:16:54","slug":"modern-events-calendar-buddyboss-integration","status":"publish","type":"product","link":"https:\/\/gpl-love.com\/es\/producto\/modern-events-calendar-buddyboss-integration\/","title":{"rendered":"Modern Events Calendar BuddyBoss Integration 2.5.5"},"content":{"rendered":"<h3>Modern Events Calendar BuddyBoss Integration Caracteristicas<\/h3>\n<p>La integraci\u00f3n del calendario de eventos modernos BuddyBoss Integration es una herramienta inmensamente poderosa que est\u00e1 espec\u00edficamente dise\u00f1ada para satisfacer las necesidades de empresas y organizaciones que buscan elevar sus capacidades de gesti\u00f3n de eventos a alturas sin precedentes. Esta integraci\u00f3n combina perfecta y sin problemas la plataforma BuddyBoss de vanguardia con el complemento de calendario de eventos modernos altamente populares y ricos en caracter\u00edsticas, lo que resulta en una experiencia de usuario verdaderamente excepcional e incomparable. Gracias a esta extraordinaria integraci\u00f3n, los usuarios tienen acceso a una interfaz notablemente f\u00e1cil de usar que les permite administrar y promover sus eventos sin esfuerzo con la mayor eficiencia y eficacia.<\/p>\n<p>Las empresas realmente pueden regocijarse con la integraci\u00f3n del calendario de eventos modernos Buddyboss, ya que les permite crear, administrar y promover sus eventos directamente desde su propia plataforma BuddyBoss. Esta integraci\u00f3n fenomenal tambi\u00e9n facilita y simplifica los procesos de registro y boletos de eventos complejos y complicados. Con solo unos pocos clics, las empresas pueden optimizar y racionalizar sin esfuerzo sus procesos de registro y boletos de eventos, ahorrando as\u00ed un tiempo y recursos valiosos que pueden dirigirse a otros aspectos cr\u00edticos de sus operaciones.<\/p>\n<p>Una de las caracter\u00edsticas m\u00e1s impresionantes de la integraci\u00f3n del calendario de eventos modernos BuddyBoss Integration son sus opciones de personalizaci\u00f3n avanzada. Las empresas se les otorga libertad y flexibilidad incomparables para personalizar sus p\u00e1ginas de eventos, opciones de boletos y m\u00e1s. Esta caracter\u00edstica notable garantiza que cada evento est\u00e9 adaptado exclusivamente y est\u00e9 perfectamente alineado con la marca y los requisitos de la empresa.<\/p>\n<p>En conclusi\u00f3n, el calendario de eventos modernos BuddyBoss Integration es una herramienta indispensable que las empresas y organizaciones simplemente no pueden permitirse pasar por alto. Es el pin\u00e1culo de las capacidades de gesti\u00f3n de eventos y sirve como catalizador para racionalizar las operaciones y mejorar la eficiencia general. Con sus caracter\u00edsticas extraordinarias y sus capacidades incomparables, esta integraci\u00f3n es un cambio de juego que garantiza que las empresas y organizaciones se adelanten a la curva en el mundo de la gesti\u00f3n de eventos de ritmo r\u00e1pido y constante.<\/p>\n<ul>\n<li>Integraci\u00f3n perfecta entre el calendario de eventos modernos y Buddyboss<\/li>\n<li>Permite a los usuarios crear y administrar f\u00e1cilmente eventos a trav\u00e9s de su sitio web con BuddyBoss Powered<\/li>\n<li>Muestra los pr\u00f3ximos eventos dentro de las p\u00e1ginas de la comunidad de Buddyboss<\/li>\n<li>Admite todas las caracter\u00edsticas del calendario de eventos modernos, incluidos los eventos recurrentes y la venta de entradas<\/li>\n<li>Proporciona un dise\u00f1o totalmente receptivo para una experiencia de usuario \u00f3ptima en todos los dispositivos<\/li>\n<li>Ofrece opciones de personalizaci\u00f3n para que coincidan con la est\u00e9tica de cualquier sitio web con BuddyBoss Powered<\/li>\n<li>Ahorra tiempo al eliminar la necesidad de cambiar entre plataformas para administrar eventos<\/li>\n<li>Aumenta el compromiso y la interacci\u00f3n dentro de la comunidad de Buddyboss al proporcionar un centro centralizado para eventos<\/li>\n<li>Ofrece soporte t\u00e9cnico confiable y eficiente para cualquier problema o pregunta.<\/li>\n<\/ul>\n","protected":false},"excerpt":{"rendered":"<p>La integraci\u00f3n de los eventos modernos Calendar BuddyBoss Integration con su plataforma BuddyBoss ofrece una experiencia robusta y perfecta. Este notable complemento le permite crear y administrar eficientemente eventos, facilitando el intercambio sin esfuerzo de su calendario tanto con su equipo como con su audiencia. Al incorporar esta integraci\u00f3n, obtiene la capacidad de supervisar sin esfuerzo la log\u00edstica de eventos, vender boletos sin esfuerzo y rastrear eficientemente RSVP. Vale la pena se\u00f1alar que este complemento ha sido meticulosamente elaborado para optimizar su flujo de trabajo y mejorar la experiencia del usuario tanto para su equipo como para la audiencia. Ya sea que est\u00e9 organizando eventos dentro del \u00e1mbito de su negocio o comunidad, el calendario de eventos modernos BuddyBoss Integration sirve como la soluci\u00f3n ideal para racionalizar y simplificar los requisitos de gesti\u00f3n de eventos.<\/p>\n","protected":false},"featured_media":166802,"comment_status":"open","ping_status":"open","template":"","meta":[],"product_brand":[2408],"product_cat":[1214,1206,1211],"product_tag":[1419],"class_list":{"0":"post-128628","1":"product","2":"type-product","3":"status-publish","4":"has-post-thumbnail","6":"product_brand-webnus","7":"product_cat-personalizacion","8":"product_cat-plugins","9":"product_cat-wordpress-plugins","10":"product_tag-webnus","11":"member-discount","12":"discount-restricted","14":"first","15":"instock","16":"sale","17":"downloadable","18":"virtual","19":"sold-individually","20":"purchasable","21":"product-type-simple"},"_links":{"self":[{"href":"https:\/\/gpl-love.com\/es\/wp-json\/wp\/v2\/product\/128628","targetHints":{"allow":["GET"]}}],"collection":[{"href":"https:\/\/gpl-love.com\/es\/wp-json\/wp\/v2\/product"}],"about":[{"href":"https:\/\/gpl-love.com\/es\/wp-json\/wp\/v2\/types\/product"}],"replies":[{"embeddable":true,"href":"https:\/\/gpl-love.com\/es\/wp-json\/wp\/v2\/comments?post=128628"}],"wp:featuredmedia":[{"embeddable":true,"href":"https:\/\/gpl-love.com\/es\/wp-json\/wp\/v2\/media\/166802"}],"wp:attachment":[{"href":"https:\/\/gpl-love.com\/es\/wp-json\/wp\/v2\/media?parent=128628"}],"wp:term":[{"taxonomy":"product_brand","embeddable":true,"href":"https:\/\/gpl-love.com\/es\/wp-json\/wp\/v2\/product_brand?post=128628"},{"taxonomy":"product_cat","embeddable":true,"href":"https:\/\/gpl-love.com\/es\/wp-json\/wp\/v2\/product_cat?post=128628"},{"taxonomy":"product_tag","embeddable":true,"href":"https:\/\/gpl-love.com\/es\/wp-json\/wp\/v2\/product_tag?post=128628"}],"curies":[{"name":"wp","href":"https:\/\/api.w.org\/{rel}","templated":true}]}}