{"id":128627,"date":"2026-03-20T00:00:00","date_gmt":"2026-03-20T05:00:00","guid":{"rendered":"https:\/\/gpl-love.com\/es\/producto\/woocommerce-buy-again\/"},"modified":"2026-04-10T11:31:34","modified_gmt":"2026-04-10T16:31:34","slug":"woocommerce-buy-again","status":"publish","type":"product","link":"https:\/\/gpl-love.com\/es\/producto\/woocommerce-buy-again\/","title":{"rendered":"WooCommerce Buy Again 5.9.0"},"content":{"rendered":"<h3>WooCommerce Buy Again Caracteristicas<\/h3>\n<p>El complemento WooCommerce Buy Again es una herramienta incre\u00edblemente poderosa que sirve para optimizar y optimizar el proceso de compra para los clientes en su tienda WooCommerce. A trav\u00e9s de la utilizaci\u00f3n de este complemento notable, sus valiosos clientes tienen la conveniencia y la facilidad de poder volver a comprar de manera r\u00e1pida y sin esfuerzo sus productos m\u00e1s apreciados y deseados, todo sin la necesidad de navegar tediosamente a trav\u00e9s de la totalidad del proceso de pago una vez m\u00e1s . Al implementar esta caracter\u00edstica invaluable, sus clientes no solo pueden ahorrar un tiempo precioso y ejercer un esfuerzo significativamente menos, sino que su experiencia general de compra tambi\u00e9n se mejora significativamente y se hace considerablemente m\u00e1s agradable. Adem\u00e1s, la versatilidad de este complemento se ejemplifica a\u00fan m\u00e1s a trav\u00e9s de su capacidad para permitir a los usuarios adaptar y modificar la apariencia del bot\u00f3n &#8216;Comprar nuevamente&#8217; para alinearse sin problemas con la marca y el dise\u00f1o \u00fanicos de su tienda en l\u00ednea. Adem\u00e1s, el complemento tambi\u00e9n proporciona a los usuarios la capacidad de personalizar el marco de tiempo dentro del cual a los clientes se les permite recomprar productos, as\u00ed como la opci\u00f3n de limitar la cantidad de veces que se muestra el bot\u00f3n en el sitio web. En resumen, se hace evidente que la implementaci\u00f3n del complemento WooCommerce Buy nuevamente sirve indudablemente para aumentar profundamente las tasas de retenci\u00f3n de clientes y enriquece significativamente la experiencia general del usuario, solidificando as\u00ed su estado como un recurso absolutamente indispensable para cualquiera y cada una de las tiendas de WooCommerce.<\/p>\n<ul>\n<li>Proporciona a los clientes una experiencia de compra perfecta al permitirles reordenar f\u00e1cilmente art\u00edculos previamente comprados en el tablero de su cuenta.<\/li>\n<li>Automatiza el proceso de b\u00fasqueda y selecci\u00f3n de elementos para reordenar analizando pedidos pasados \u200b\u200by mostr\u00e1ndolos en una interfaz f\u00e1cil de usar.<\/li>\n<li>Ahorra tiempo y esfuerzo tanto para los clientes como para los propietarios de tiendas al racionalizar el proceso de pedido y aumentar la satisfacci\u00f3n del cliente.<\/li>\n<li>Mejora la retenci\u00f3n y la lealtad del cliente al ofrecer una experiencia de compra conveniente y personalizada.<\/li>\n<li>Aumenta las ventas e ingresos para los propietarios de tiendas alentando las compras repetidas y reduciendo las tasas de abandono del carrito.<\/li>\n<li>Ofrece opciones personalizables para que los propietarios de tiendas controlen la visualizaci\u00f3n y la funcionalidad de la funci\u00f3n de reorden para que se ajusten a sus necesidades espec\u00edficas.<\/li>\n<li>Compatible con todos los temas y extensiones de WooCommerce, asegurando una integraci\u00f3n perfecta con la configuraci\u00f3n de su tienda existente.<\/li>\n<li>F\u00e1cil de instalar y configurar con un conocimiento t\u00e9cnico m\u00ednimo requerido.<\/li>\n<li>Proporciona documentaci\u00f3n integral y apoyo dedicado para ayudar con cualquier problema o necesidad de personalizaci\u00f3n.<\/li>\n<\/ul>\n","protected":false},"excerpt":{"rendered":"<p>WooCommerce Buy nuevamente, un complemento de productividad incre\u00edblemente conveniente y eficiente, sirve como una soluci\u00f3n notable para racionalizar y acelerar el procedimiento de compra para su estimada clientela. Al permitir a los clientes reponer sin esfuerzo y r\u00e1pidamente su stock de art\u00edculos de sus transacciones anteriores, esta herramienta invaluable les permite conservar su precioso tiempo y ejercer un esfuerzo m\u00ednimo. Con una interfaz incre\u00edblemente f\u00e1cil de usar, un mero clic es todo lo que se necesita para que los clientes examinen su historial de pedidos integral y muestre meticulosamente los productos que desean para volver. Sorprendentemente, este complemento impresionante fomenta efectivamente los negocios repetidos y continuos al tiempo que refuerza la lealtad del cliente, lo que lo convierte en un activo indispensable y obligatorio para cualquier emprendedor astuto y propietario de la tienda de WooCommerce.<\/p>\n","protected":false},"featured_media":168063,"comment_status":"open","ping_status":"open","template":"","meta":[],"product_brand":[2344],"product_cat":[1207,1248,1206],"product_tag":[1423],"class_list":{"0":"post-128627","1":"product","2":"type-product","3":"status-publish","4":"has-post-thumbnail","6":"product_brand-woocommerce","7":"product_cat-comercio-electronico-plugins","8":"product_cat-personalizacion-comercio-electronico-plugins","9":"product_cat-plugins","10":"product_tag-woocommerce","11":"member-discount","12":"discount-restricted","14":"first","15":"instock","16":"sale","17":"downloadable","18":"virtual","19":"sold-individually","20":"purchasable","21":"product-type-simple"},"_links":{"self":[{"href":"https:\/\/gpl-love.com\/es\/wp-json\/wp\/v2\/product\/128627","targetHints":{"allow":["GET"]}}],"collection":[{"href":"https:\/\/gpl-love.com\/es\/wp-json\/wp\/v2\/product"}],"about":[{"href":"https:\/\/gpl-love.com\/es\/wp-json\/wp\/v2\/types\/product"}],"replies":[{"embeddable":true,"href":"https:\/\/gpl-love.com\/es\/wp-json\/wp\/v2\/comments?post=128627"}],"wp:featuredmedia":[{"embeddable":true,"href":"https:\/\/gpl-love.com\/es\/wp-json\/wp\/v2\/media\/168063"}],"wp:attachment":[{"href":"https:\/\/gpl-love.com\/es\/wp-json\/wp\/v2\/media?parent=128627"}],"wp:term":[{"taxonomy":"product_brand","embeddable":true,"href":"https:\/\/gpl-love.com\/es\/wp-json\/wp\/v2\/product_brand?post=128627"},{"taxonomy":"product_cat","embeddable":true,"href":"https:\/\/gpl-love.com\/es\/wp-json\/wp\/v2\/product_cat?post=128627"},{"taxonomy":"product_tag","embeddable":true,"href":"https:\/\/gpl-love.com\/es\/wp-json\/wp\/v2\/product_tag?post=128627"}],"curies":[{"name":"wp","href":"https:\/\/api.w.org\/{rel}","templated":true}]}}