{"id":128556,"date":"2025-09-22T00:00:00","date_gmt":"2025-09-22T05:00:00","guid":{"rendered":"https:\/\/gpl-love.com\/es\/producto\/css-igniter-aegean-resort-wordpress-theme\/"},"modified":"2026-03-13T17:18:15","modified_gmt":"2026-03-13T22:18:15","slug":"css-igniter-aegean-resort-wordpress-theme","status":"publish","type":"product","link":"https:\/\/gpl-love.com\/es\/producto\/css-igniter-aegean-resort-wordpress-theme\/","title":{"rendered":"CSS Igniter Aegean Resort WordPress Theme 1.5.4"},"content":{"rendered":"<h3>CSS Igniter Aegean Resort WordPress Theme Caracteristicas<\/h3>\n<p>El tema de WordPress de CSS Igniter Aegean Resort es una plantilla incre\u00edblemente vers\u00e1til y excepcionalmente profesional, hecha a medida para resorts, hoteles y otras entidades dentro de la industria de la hospitalidad en constante expansi\u00f3n y din\u00e1mica. Este tema cuenta con una exquisita variedad de elementos visualmente cautivadores y un dise\u00f1o de \u00faltima generaci\u00f3n que se adapta perfectamente a cualquier tama\u00f1o de pantalla, lo que lo hace totalmente receptivo y le otorga la capacidad de personalizarlo sin esfuerzo para alinearse con su estimada imagen de marca. Adem\u00e1s, est\u00e1 equipado con una amplia variedad de caracter\u00edsticas, que incluye, entre otras, una forma de reserva dise\u00f1ada intuitivamente, un soporte multiling\u00fce impecable y un dise\u00f1o de p\u00e1gina de inicio inmensamente flexible que le otorga la oportunidad de mostrar efectivamente una variedad de servicios y servicios incomparables. Adem\u00e1s, el tema del complejo Egeo, a trav\u00e9s de su facilidad de uso de usuarios y documentaci\u00f3n inclusiva e integral, surge como una opci\u00f3n inigualable para las personas que anhelan forjar una presencia en l\u00ednea excepcionalmente profesional al tiempo que evita la necesidad de conocimientos y experiencia de codificaci\u00f3n intrincados. Al aprovechar la incomparable destreza de la CSS Igniter Egean Resort WordPress Tema, estar\u00e1 equipado para crear una presencia en l\u00ednea innegablemente fascinante y visualmente atractiva que se garantice que dejar\u00e1 una impresi\u00f3n indeleble en sus estimados invitados y, a su vez, facilitar el crecimiento definitivo de su estimado asunto.<\/p>\n<ul>\n<li>Dise\u00f1o profesional y moderno adecuado para hoteles, resorts y otros negocios de hospitalidad<\/li>\n<li>Dise\u00f1o totalmente receptivo optimizado para todos los dispositivos y tama\u00f1os de pantalla<\/li>\n<li>Sistema de reserva incorporado con calendario de disponibilidad y formularios de reserva personalizables<\/li>\n<li>M\u00faltiples plantillas de p\u00e1gina, incluidos hogares, habitaciones y tarifas, contacto, sobre nosotros y m\u00e1s<\/li>\n<li>Opciones de personalizaci\u00f3n flexible con panel de opciones de temas f\u00e1ciles de usar<\/li>\n<li>Integraci\u00f3n con complementos populares como WooCommerce, WPML y Formulario de contacto 7<\/li>\n<li>Construido con c\u00f3digo limpio y amigable para SEO para una mejor visibilidad del motor de b\u00fasqueda<\/li>\n<li>Documentaci\u00f3n extensa y soporte de primer nivel del equipo CSS Igniter<\/li>\n<\/ul>\n","protected":false},"excerpt":{"rendered":"<p>Experimente la verdadera esencia del lujo con el tema de WordPress de WordPress de CSS Igniter Aegean. Este tema premium de WordPress, especialmente dise\u00f1ado para resorts y hoteles, ofrece una experiencia visual impresionante que cautivar\u00e1 a sus visitantes. Est\u00e1 equipado con un dise\u00f1o totalmente receptivo, asegurando una visualizaci\u00f3n e interacci\u00f3n \u00f3ptimas en una amplia gama de dispositivos. El tema del resort Aegean tambi\u00e9n cuenta con un formulario de reserva avanzado, lo que permite a sus posibles invitados hacer reservas sin esfuerzo directamente desde su sitio web. Utilice las funciones de SEO incorporadas para maximizar la visibilidad de su sitio en los resultados del motor de b\u00fasqueda. Adem\u00e1s, el tema ofrece actualizaciones continuas, asegurando que su sitio web permanezca compatible con las \u00faltimas versiones de WordPress. Experimente el poder de personalizaci\u00f3n con opciones de color ilimitadas y configuraciones tipogr\u00e1ficas, lo que le permite crear un sitio web \u00fanico y personalizado. El tema de WordPress de Aegean Resort tambi\u00e9n est\u00e1 listo, atiende a una audiencia global. Con su dise\u00f1o elegante, funcionalidad robusta e interfaz f\u00e1cil de usar, el tema de WordPress de CSS Igniter Egean WordPress sin duda elevar\u00e1 su presencia en l\u00ednea.<\/p>\n","protected":false},"featured_media":165688,"comment_status":"open","ping_status":"open","template":"","meta":[],"product_brand":[2403],"product_cat":[1548,1237,1238],"product_tag":[2134],"class_list":{"0":"post-128556","1":"product","2":"type-product","3":"status-publish","4":"has-post-thumbnail","6":"product_brand-css-igniter","7":"product_cat-resort-hotel","8":"product_cat-temas","9":"product_cat-wordpress-temas","10":"product_tag-css-igniter","11":"member-discount","12":"discount-restricted","14":"first","15":"instock","16":"sale","17":"downloadable","18":"virtual","19":"sold-individually","20":"purchasable","21":"product-type-simple"},"_links":{"self":[{"href":"https:\/\/gpl-love.com\/es\/wp-json\/wp\/v2\/product\/128556","targetHints":{"allow":["GET"]}}],"collection":[{"href":"https:\/\/gpl-love.com\/es\/wp-json\/wp\/v2\/product"}],"about":[{"href":"https:\/\/gpl-love.com\/es\/wp-json\/wp\/v2\/types\/product"}],"replies":[{"embeddable":true,"href":"https:\/\/gpl-love.com\/es\/wp-json\/wp\/v2\/comments?post=128556"}],"wp:featuredmedia":[{"embeddable":true,"href":"https:\/\/gpl-love.com\/es\/wp-json\/wp\/v2\/media\/165688"}],"wp:attachment":[{"href":"https:\/\/gpl-love.com\/es\/wp-json\/wp\/v2\/media?parent=128556"}],"wp:term":[{"taxonomy":"product_brand","embeddable":true,"href":"https:\/\/gpl-love.com\/es\/wp-json\/wp\/v2\/product_brand?post=128556"},{"taxonomy":"product_cat","embeddable":true,"href":"https:\/\/gpl-love.com\/es\/wp-json\/wp\/v2\/product_cat?post=128556"},{"taxonomy":"product_tag","embeddable":true,"href":"https:\/\/gpl-love.com\/es\/wp-json\/wp\/v2\/product_tag?post=128556"}],"curies":[{"name":"wp","href":"https:\/\/api.w.org\/{rel}","templated":true}]}}