{"id":128554,"date":"2025-09-22T00:00:00","date_gmt":"2025-09-22T05:00:00","guid":{"rendered":"https:\/\/gpl-love.com\/es\/producto\/css-igniter-beat-wordpress-theme\/"},"modified":"2026-03-13T17:18:17","modified_gmt":"2026-03-13T22:18:17","slug":"css-igniter-beat-wordpress-theme","status":"publish","type":"product","link":"https:\/\/gpl-love.com\/es\/producto\/css-igniter-beat-wordpress-theme\/","title":{"rendered":"CSS Igniter Beat WordPress Theme 1.4.5"},"content":{"rendered":"<h3>CSS Igniter Beat WordPress Theme Caracteristicas<\/h3>\n<p>El tema de WordPress de CSS Igniter venci\u00f3 a WordPress, con su est\u00e9tica elegante y moderna, sirve como una opci\u00f3n ejemplar para bloggers, creativos e individuos que desean exhibir su trabajo en un entorno en l\u00ednea. Con un dise\u00f1o limpio y minimalista, Beat proporciona una experiencia de usuario sin esfuerzo, lo que permite a los usuarios dise\u00f1ar un sitio web sin esfuerzo que emita un encanto profesional en cuesti\u00f3n de minutos. El tema est\u00e1 lleno de una variedad de caracter\u00edsticas, incluidos widgets personalizados, una gran cantidad de formatos de publicaci\u00f3n, integraci\u00f3n de redes sociales y m\u00e1s, facilitando as\u00ed la personalizaci\u00f3n perfecta de su sitio y la difusi\u00f3n de su contenido a una audiencia global. Independientemente de si se identifica como blogger, fot\u00f3grafo o dise\u00f1ador, Beat se presenta como el enfoque por excelencia para mostrar su trabajo y cultivar una presencia formidable en l\u00ednea.<\/p>\n<ul>\n<li>Dise\u00f1o audaz y moderno: el tema CSS Igniter Beat WordPress presenta un dise\u00f1o audaz y llamativo que es perfecto para cualquier sitio web moderno.<\/li>\n<li>Dise\u00f1o personalizable: con una amplia variedad de opciones de dise\u00f1o, puede crear un sitio web \u00fanico y personalizado que se adapte perfectamente a su marca y estilo.<\/li>\n<li>Totalmente receptivo: el tema es totalmente receptivo, lo que significa que se ver\u00e1 muy bien en cualquier dispositivo, ya sea que se vea en una computadora de escritorio o un tel\u00e9fono m\u00f3vil.<\/li>\n<li>SEO Optimizado: el tema est\u00e1 construido con SEO en mente, lo que ayuda a su sitio web a clasificar m\u00e1s alto en los resultados de los motores de b\u00fasqueda y conducir m\u00e1s tr\u00e1fico a su sitio.<\/li>\n<li>F\u00e1cil de usar: el tema de WordPress de Beat WordPress de CSS Igniter es f\u00e1cil de usar y no requiere experiencia de codificaci\u00f3n. Puede personalizar f\u00e1cilmente el tema para satisfacer sus necesidades, con una variedad de opciones de personalizaci\u00f3n disponibles.<\/li>\n<li>Listo para la traducci\u00f3n: el tema est\u00e1 listo para la traducci\u00f3n, lo que facilita la creaci\u00f3n de un sitio web multiling\u00fce que pueda llegar a un p\u00fablico m\u00e1s amplio.<\/li>\n<li>Actualizaciones regulares: el equipo detr\u00e1s del tema CSS Igniter Beat WordPress actualiza regularmente y mejora el tema, asegurando que siempre est\u00e9 actualizado y funcione sin problemas.<\/li>\n<li>Soporte dedicado: si alguna vez tiene alguna pregunta o problema con el tema, nuestro equipo de soporte dedicado siempre est\u00e1 disponible para ayudar.<\/li>\n<\/ul>\n","protected":false},"excerpt":{"rendered":"<p>El tema CSS Igniter Beat WordPress es un tema premium de WordPress, dise\u00f1ado espec\u00edficamente para m\u00fasicos, bandas y sellos discogr\u00e1ficos. Ofrece un dise\u00f1o elegante y moderno, con una variedad de caracter\u00edsticas personalizables que le permitir\u00e1n crear un sitio web \u00fanico y profesional. El tema Beat viene equipado con un reproductor de audio f\u00e1cil de usar, lo que permite a los visitantes probar y comprar su m\u00fasica directamente desde su sitio. El tema tambi\u00e9n incluye un sistema de gesti\u00f3n de fechas de gira, que le permite mantener a sus fan\u00e1ticos actualizados sin esfuerzo sobre las pr\u00f3ximas actuaciones. Con su dise\u00f1o receptivo, su sitio web se ver\u00e1 genial en todos los dispositivos. Adem\u00e1s, el tema Beat WordPress es compatible con WooCommerce, lo que le facilita vender mercanc\u00edas y descargas digitales. Ahorre tiempo y esfuerzo con la funci\u00f3n de importaci\u00f3n de demostraci\u00f3n de un solo clic de CSS Igniter, lo que le permite configurar su sitio de manera r\u00e1pida y eficiente. El tema Beat WordPress de CSS Igniter no es solo un tema, es una herramienta poderosa para ayudarlo a construir su presencia en l\u00ednea y conectarse con su audiencia.<\/p>\n","protected":false},"featured_media":165690,"comment_status":"open","ping_status":"open","template":"","meta":[],"product_brand":[2403],"product_cat":[1267,1237,1238],"product_tag":[2134],"class_list":{"0":"post-128554","1":"product","2":"type-product","3":"status-publish","4":"has-post-thumbnail","6":"product_brand-css-igniter","7":"product_cat-creativo","8":"product_cat-temas","9":"product_cat-wordpress-temas","10":"product_tag-css-igniter","11":"member-discount","12":"discount-restricted","14":"first","15":"instock","16":"sale","17":"downloadable","18":"virtual","19":"sold-individually","20":"purchasable","21":"product-type-simple"},"_links":{"self":[{"href":"https:\/\/gpl-love.com\/es\/wp-json\/wp\/v2\/product\/128554","targetHints":{"allow":["GET"]}}],"collection":[{"href":"https:\/\/gpl-love.com\/es\/wp-json\/wp\/v2\/product"}],"about":[{"href":"https:\/\/gpl-love.com\/es\/wp-json\/wp\/v2\/types\/product"}],"replies":[{"embeddable":true,"href":"https:\/\/gpl-love.com\/es\/wp-json\/wp\/v2\/comments?post=128554"}],"wp:featuredmedia":[{"embeddable":true,"href":"https:\/\/gpl-love.com\/es\/wp-json\/wp\/v2\/media\/165690"}],"wp:attachment":[{"href":"https:\/\/gpl-love.com\/es\/wp-json\/wp\/v2\/media?parent=128554"}],"wp:term":[{"taxonomy":"product_brand","embeddable":true,"href":"https:\/\/gpl-love.com\/es\/wp-json\/wp\/v2\/product_brand?post=128554"},{"taxonomy":"product_cat","embeddable":true,"href":"https:\/\/gpl-love.com\/es\/wp-json\/wp\/v2\/product_cat?post=128554"},{"taxonomy":"product_tag","embeddable":true,"href":"https:\/\/gpl-love.com\/es\/wp-json\/wp\/v2\/product_tag?post=128554"}],"curies":[{"name":"wp","href":"https:\/\/api.w.org\/{rel}","templated":true}]}}