{"id":128552,"date":"2024-11-03T00:00:00","date_gmt":"2024-11-03T05:00:00","guid":{"rendered":"https:\/\/gpl-love.com\/es\/producto\/css-igniter-amaryllis-wordpress-theme\/"},"modified":"2026-03-13T17:18:16","modified_gmt":"2026-03-13T22:18:16","slug":"css-igniter-amaryllis-wordpress-theme","status":"publish","type":"product","link":"https:\/\/gpl-love.com\/es\/producto\/css-igniter-amaryllis-wordpress-theme\/","title":{"rendered":"CSS Igniter Amaryllis WordPress Theme 1.2.6"},"content":{"rendered":"<h3>CSS Igniter Amaryllis WordPress Theme Caracteristicas<\/h3>\n<p>El tema de WordPress conocido como CSS Igniter Amaryllis no solo es elegante y moderno, sino tambi\u00e9n altamente vers\u00e1til, proporcionando una amplia gama de opciones de personalizaci\u00f3n para satisfacer las necesidades espec\u00edficas del sitio web. Su dise\u00f1o receptivo mejora a\u00fan m\u00e1s su atractivo al garantizar que Amaryllis se vea excepcional en cualquier dispositivo, garantizando as\u00ed una accesibilidad constante para los usuarios en movimiento. Lo que distingue a este tema es sus herramientas de personalizaci\u00f3n f\u00e1ciles de usar, lo que le permite modificar sin esfuerzo colores, fuentes y dise\u00f1os para establecer una identidad visual distintiva y cautivadora para su sitio. Adem\u00e1s, Amaryllis tambi\u00e9n est\u00e1 optimizado para la optimizaci\u00f3n de motores de b\u00fasqueda (SEO), asegurando as\u00ed que su sitio alcance los rangos encomiables en los resultados de los motores de b\u00fasqueda. Con su est\u00e9tica limpia y ordenada, Amaryllis es, sin duda, la opci\u00f3n ideal para blogueros, empresas e personas que buscan establecer una presencia en l\u00ednea elegante y profesional a trav\u00e9s de la plataforma de WordPress.<\/p>\n<ul>\n<li>Dise\u00f1o hermoso y moderno<\/li>\n<li>Dise\u00f1o totalmente receptivo para una visualizaci\u00f3n \u00f3ptima en todos los dispositivos<\/li>\n<li>Esquema de color personalizable y fuentes para que coincidan con su marca<\/li>\n<li>Opciones de personalizaci\u00f3n f\u00e1cil de usar a trav\u00e9s del personalizador de WordPress<\/li>\n<li>Barra lateral y pie de p\u00e1gina preparado para el widget para una funcionalidad adicional<\/li>\n<li>Importador de demostraci\u00f3n de un solo clic para una f\u00e1cil configuraci\u00f3n<\/li>\n<li>Integraci\u00f3n de redes sociales incorporadas para alentar el intercambio y el compromiso<\/li>\n<li>Optimizado para SEO con c\u00f3digo limpio y eficiente<\/li>\n<li>Compatible con complementos populares de WordPress como WooCommerce y Jetpack<\/li>\n<li>Soporte dedicado y actualizaciones regulares para la tranquilidad.<\/li>\n<\/ul>\n","protected":false},"excerpt":{"rendered":"<p>Presentando el tema CSS Igniter Amaryllis WordPress, una soluci\u00f3n elegante y vers\u00e1til para su presencia en l\u00ednea. Dise\u00f1ado con el comercio electr\u00f3nico en mente, Amaryllis es perfecta para exhibir y vender sus productos. Este tema es totalmente receptivo, asegurando que su sitio web se vea genial en todos los dispositivos. Tambi\u00e9n es amigable con SEO, ayudando a mejorar la visibilidad de su sitio en los motores de b\u00fasqueda. El tema viene con widgets personalizados para una funcionalidad adicional, as\u00ed como opciones de color ilimitadas para que coincidan con el estilo de su marca. Su integraci\u00f3n completa de WooCommerce hace que la administraci\u00f3n de su tienda en l\u00ednea sea muy f\u00e1cil. Adem\u00e1s, con el equipo de soporte dedicado de CSS Igniter, puede asegurarse de que cualquier problema potencial se resuelva r\u00e1pidamente. Elija el tema de Amaryllis WordPress para una tienda en l\u00ednea perfecta, atractiva y efectiva.<\/p>\n","protected":false},"featured_media":165689,"comment_status":"open","ping_status":"open","template":"","meta":[],"product_brand":[2403],"product_cat":[1263,1264,1237],"product_tag":[2134],"class_list":{"0":"post-128552","1":"product","2":"type-product","3":"status-publish","4":"has-post-thumbnail","6":"product_brand-css-igniter","7":"product_cat-comercio-electronico-temas","8":"product_cat-negocio","9":"product_cat-temas","10":"product_tag-css-igniter","11":"member-discount","12":"discount-restricted","14":"first","15":"instock","16":"sale","17":"downloadable","18":"virtual","19":"sold-individually","20":"purchasable","21":"product-type-simple"},"_links":{"self":[{"href":"https:\/\/gpl-love.com\/es\/wp-json\/wp\/v2\/product\/128552","targetHints":{"allow":["GET"]}}],"collection":[{"href":"https:\/\/gpl-love.com\/es\/wp-json\/wp\/v2\/product"}],"about":[{"href":"https:\/\/gpl-love.com\/es\/wp-json\/wp\/v2\/types\/product"}],"replies":[{"embeddable":true,"href":"https:\/\/gpl-love.com\/es\/wp-json\/wp\/v2\/comments?post=128552"}],"wp:featuredmedia":[{"embeddable":true,"href":"https:\/\/gpl-love.com\/es\/wp-json\/wp\/v2\/media\/165689"}],"wp:attachment":[{"href":"https:\/\/gpl-love.com\/es\/wp-json\/wp\/v2\/media?parent=128552"}],"wp:term":[{"taxonomy":"product_brand","embeddable":true,"href":"https:\/\/gpl-love.com\/es\/wp-json\/wp\/v2\/product_brand?post=128552"},{"taxonomy":"product_cat","embeddable":true,"href":"https:\/\/gpl-love.com\/es\/wp-json\/wp\/v2\/product_cat?post=128552"},{"taxonomy":"product_tag","embeddable":true,"href":"https:\/\/gpl-love.com\/es\/wp-json\/wp\/v2\/product_tag?post=128552"}],"curies":[{"name":"wp","href":"https:\/\/api.w.org\/{rel}","templated":true}]}}